{"id":18933,"date":"2024-10-24T11:02:59","date_gmt":"2024-10-24T09:02:59","guid":{"rendered":"http:\/\/billigtrikots.com\/?post_type=product&#038;p=18933"},"modified":"2024-10-24T11:04:21","modified_gmt":"2024-10-24T09:04:21","slug":"fussballtrikot-outlet-kinder-spanien-auswaerts-trikotsatzt-em-2024-pedri-gonzalez-20","status":"publish","type":"product","link":"https:\/\/www.billigtrikotde.com\/cs\/fussballtrikot-outlet-kinder-spanien-auswaerts-trikotsatzt-em-2024-pedri-gonzalez-20\/","title":{"rendered":"Fotbalov\u00e9 tri\u010dko Outlet Kids Spain Away Kit Euro 2024 Pedri Gonzalez 20"},"content":{"rendered":"<p>V\u00fdjezdn\u00ed souprava \u0160pan\u011blska 2024 m\u00e1 sv\u011b\u017e\u00ed a poutavou barevnou kombinaci. Je p\u0159ev\u00e1\u017en\u011b sv\u011btle neonov\u011b \u017elut\u00e1, pravd\u011bpodobn\u011b inspirovan\u00e1 p\u00edse\u010dn\u00fdmi dunami t\u00e9to zem\u011b, a jedine\u010dn\u00fdm prvkem venkovn\u00ed soupravy \u0160pan\u011blsko Euro 2024 jsou panely - na sv\u011btle modr\u00fdch panelech je grafika p\u00edse\u010dn\u00fdch dun.<\/p>\n<p>Tipy pro tisk: Pokud jsou jm\u00e9no a \u010d\u00edslo na obr\u00e1zku p\u0159esn\u011b takov\u00e9, jak\u00e9 chcete, nemus\u00edte je zad\u00e1vat znovu. Pokud tomu tak nen\u00ed, m\u011bli byste zadat po\u017eadovan\u00e9 jm\u00e9no a \u010d\u00edslo.<\/p>\n<p>Tipy pro pran\u00ed: Doporu\u010dujeme pr\u00e1t fotbalov\u00e1 tri\u010dka v ruce. Pokud chcete pou\u017e\u00edt pra\u010dku, nezapome\u0148te fotbalov\u00e1 tri\u010dka obr\u00e1tit naruby a pot\u00e9 je vyprat. Pra\u010dku napl\u0148te studenou vodou a pou\u017eijte jemn\u00fd cyklus, abyste l\u00e9pe ochr\u00e1nili barvy.<\/p>","protected":false},"excerpt":{"rendered":"<p>\u0160pan\u011blsk\u00e9 venkovn\u00ed triko 2024 m\u00e1 sv\u011b\u017e\u00ed a n\u00e1padnou barevnou kombinaci. Je p\u0159edev\u0161\u00edm bled\u011b neonov\u011b \u017elut\u00e9, mo\u017en\u00e1 inspirovan\u00e9 p\u00edse\u010dn\u00fdmi dunami zem\u011b. Jedine\u010dn\u00fdm rysom venkovn\u00edho trika \u0160pan\u011blska pro Euro 2024 jsou panely \u2013 sv\u011btle modr\u00e9 panely maj\u00ed p\u00edse\u010dnou grafiku. Tipy pro tisk: Kdy\u017e je jm\u00e9no a \u010d\u00edslo na sn\u00edmku p\u0159esn\u00e9 [\u2026]<\/p>","protected":false},"featured_media":18949,"comment_status":"closed","ping_status":"closed","template":"","meta":[],"product_brand":[],"product_cat":[1079],"product_tag":[20,1076,22,23,24,1227],"class_list":{"0":"post-18933","1":"product","2":"type-product","3":"status-publish","4":"has-post-thumbnail","6":"product_cat-em-2024-spanien","7":"product_tag-coole-fussballtrikots","8":"product_tag-em-2024-trikot","9":"product_tag-fussballtrikot-guenstig-kaufen","10":"product_tag-fussballtrikot-kurzarm","11":"product_tag-guenstiges-fussballtrikot","12":"product_tag-pedri-gonzalez-trikots","14":"first","15":"instock","16":"purchasable","17":"product-type-variable"},"_links":{"self":[{"href":"https:\/\/www.billigtrikotde.com\/cs\/wp-json\/wp\/v2\/product\/18933","targetHints":{"allow":["GET"]}}],"collection":[{"href":"https:\/\/www.billigtrikotde.com\/cs\/wp-json\/wp\/v2\/product"}],"about":[{"href":"https:\/\/www.billigtrikotde.com\/cs\/wp-json\/wp\/v2\/types\/product"}],"replies":[{"embeddable":true,"href":"https:\/\/www.billigtrikotde.com\/cs\/wp-json\/wp\/v2\/comments?post=18933"}],"wp:featuredmedia":[{"embeddable":true,"href":"https:\/\/www.billigtrikotde.com\/cs\/wp-json\/wp\/v2\/media\/18949"}],"wp:attachment":[{"href":"https:\/\/www.billigtrikotde.com\/cs\/wp-json\/wp\/v2\/media?parent=18933"}],"wp:term":[{"taxonomy":"product_brand","embeddable":true,"href":"https:\/\/www.billigtrikotde.com\/cs\/wp-json\/wp\/v2\/product_brand?post=18933"},{"taxonomy":"product_cat","embeddable":true,"href":"https:\/\/www.billigtrikotde.com\/cs\/wp-json\/wp\/v2\/product_cat?post=18933"},{"taxonomy":"product_tag","embeddable":true,"href":"https:\/\/www.billigtrikotde.com\/cs\/wp-json\/wp\/v2\/product_tag?post=18933"}],"curies":[{"name":"wp","href":"https:\/\/api.w.org\/{rel}","templated":true}]}}