{"id":18896,"date":"2024-10-24T11:01:27","date_gmt":"2024-10-24T09:01:27","guid":{"rendered":"http:\/\/billigtrikots.com\/?post_type=product&#038;p=18896"},"modified":"2024-10-24T11:02:52","modified_gmt":"2024-10-24T09:02:52","slug":"guenstiges-kindertrikot-england-euro-2024-auswaertstrikot-jarrod-bowen-20","status":"publish","type":"product","link":"https:\/\/www.billigtrikotde.com\/cs\/guenstiges-kindertrikot-england-euro-2024-auswaertstrikot-jarrod-bowen-20\/","title":{"rendered":"Levn\u00e9 Anglie Euro 2024 Away Shirt Jarrod Bowen 20"},"content":{"rendered":"<p>V\u00fdjezdn\u00ed dres Anglie pro Euro 2024 m\u00e1 tmavou, sv\u011btle ka\u0161tanovou barvu zvanou \"Dark Raisin\" v kombinaci se zlat\u00fdm odst\u00ednem loga \"Sesame\".V\u00fdjezdn\u00ed dres Anglie pro Euro 2024 je v\u00fdjime\u010dn\u00fd t\u00edm, \u017ee m\u00e1 na obou stran\u00e1ch v\u00edcebarevn\u00fd design. Na vnit\u0159n\u00ed stran\u011b l\u00edmce je k\u0159\u00ed\u017e svat\u00e9ho Ji\u0159\u00ed, kter\u00fd je vyveden ve stejn\u00fdch barv\u00e1ch jako bo\u010dn\u00ed pruhy.<\/p>\n<p>Tipy pro tisk: Pokud jsou jm\u00e9no a \u010d\u00edslo na obr\u00e1zku p\u0159esn\u011b takov\u00e9, jak\u00e9 chcete, nemus\u00edte je zad\u00e1vat znovu. Pokud tomu tak nen\u00ed, m\u011bli byste zadat po\u017eadovan\u00e9 jm\u00e9no a \u010d\u00edslo.<\/p>\n<p>Tipy pro pran\u00ed: Doporu\u010dujeme pr\u00e1t fotbalov\u00e1 tri\u010dka v ruce. Pokud chcete pou\u017e\u00edt pra\u010dku, nezapome\u0148te fotbalov\u00e1 tri\u010dka obr\u00e1tit naruby a pot\u00e9 je vyprat. Pra\u010dku napl\u0148te studenou vodou a pou\u017eijte jemn\u00fd cyklus, abyste l\u00e9pe ochr\u00e1nili barvy.<\/p>","protected":false},"excerpt":{"rendered":"<p>Das England Euro 2024 Ausw\u00e4rtstrikot zeigt ein dunkles, helles Kastanienbraun, genannt \u201eDark Raisin\u201c, kombiniert mit \u201eSesame\u201c f\u00fcr die Logos, was ein goldfarbener Farbton ist.Was das England 2024 Ausw\u00e4rtstrikot so besonders macht, ist das mehrfarbige Design auf beiden Seiten. Auf der Innenseite des Kragens befindet sich das St.-Georgs-Kreuz, das in denselben Farben wie die Seitenstreifen gestaltet [&hellip;]<\/p>","protected":false},"featured_media":18928,"comment_status":"closed","ping_status":"closed","template":"","meta":[],"product_brand":[],"product_cat":[1096],"product_tag":[20,1076,22,23,24,1223],"class_list":{"0":"post-18896","1":"product","2":"type-product","3":"status-publish","4":"has-post-thumbnail","6":"product_cat-em-2024-england","7":"product_tag-coole-fussballtrikots","8":"product_tag-em-2024-trikot","9":"product_tag-fussballtrikot-guenstig-kaufen","10":"product_tag-fussballtrikot-kurzarm","11":"product_tag-guenstiges-fussballtrikot","12":"product_tag-jarrod-bowen-trikots","14":"first","15":"instock","16":"purchasable","17":"product-type-variable"},"_links":{"self":[{"href":"https:\/\/www.billigtrikotde.com\/cs\/wp-json\/wp\/v2\/product\/18896","targetHints":{"allow":["GET"]}}],"collection":[{"href":"https:\/\/www.billigtrikotde.com\/cs\/wp-json\/wp\/v2\/product"}],"about":[{"href":"https:\/\/www.billigtrikotde.com\/cs\/wp-json\/wp\/v2\/types\/product"}],"replies":[{"embeddable":true,"href":"https:\/\/www.billigtrikotde.com\/cs\/wp-json\/wp\/v2\/comments?post=18896"}],"wp:featuredmedia":[{"embeddable":true,"href":"https:\/\/www.billigtrikotde.com\/cs\/wp-json\/wp\/v2\/media\/18928"}],"wp:attachment":[{"href":"https:\/\/www.billigtrikotde.com\/cs\/wp-json\/wp\/v2\/media?parent=18896"}],"wp:term":[{"taxonomy":"product_brand","embeddable":true,"href":"https:\/\/www.billigtrikotde.com\/cs\/wp-json\/wp\/v2\/product_brand?post=18896"},{"taxonomy":"product_cat","embeddable":true,"href":"https:\/\/www.billigtrikotde.com\/cs\/wp-json\/wp\/v2\/product_cat?post=18896"},{"taxonomy":"product_tag","embeddable":true,"href":"https:\/\/www.billigtrikotde.com\/cs\/wp-json\/wp\/v2\/product_tag?post=18896"}],"curies":[{"name":"wp","href":"https:\/\/api.w.org\/{rel}","templated":true}]}}