{"id":18851,"date":"2024-10-24T10:59:00","date_gmt":"2024-10-24T08:59:00","guid":{"rendered":"http:\/\/billigtrikots.com\/?post_type=product&#038;p=18851"},"modified":"2024-10-24T11:01:21","modified_gmt":"2024-10-24T09:01:21","slug":"billige-fussballtrikots-damen-frankreich-trikot-em-2024-heimtrikot-ibrahima-konate-24","status":"publish","type":"product","link":"https:\/\/www.billigtrikotde.com\/cs\/billige-fussballtrikots-damen-frankreich-trikot-em-2024-heimtrikot-ibrahima-konate-24\/","title":{"rendered":"Levn\u00e9 fotbalov\u00e9 ko\u0161ile D\u00e1msk\u00e1 ko\u0161ile Francie Euro 2024 Home Shirt Ibrahima Konate 24"},"content":{"rendered":"<p>Dres Francie 2024 m\u00e1 klasick\u00fd, ale stylov\u00fd design. Je p\u0159ev\u00e1\u017en\u011b v barv\u011b \"Bright Blue\", \u010d\u00edm\u017e se li\u0161\u00ed od tmav\u011b modr\u00e9 barvy z roku 2022. V kombinaci s t\u00edmto odst\u00ednem modr\u00e9 je \"univerzitn\u00ed \u010derven\u00e1\" a b\u00edl\u00e1. Nejpozoruhodn\u011bj\u0161\u00ed na dresu Francie 2024 je pravd\u011bpodobn\u011b znak. Po jednobarevn\u00e9m pojet\u00ed v\u0161ech p\u0159edchoz\u00edch dres\u016f Francie p\u0159edstavuje swoosh nov\u00e9 klasick\u00e9 barevn\u00e9 sch\u00e9ma slavn\u00e9ho loga FFF. L\u00edmec p\u0159ich\u00e1z\u00ed s trikolorou a unik\u00e1tn\u00edm odsazen\u00fdm V-z\u00e1kladem.<\/p>\n<p>Tipy pro tisk: Pokud jsou jm\u00e9no a \u010d\u00edslo na obr\u00e1zku p\u0159esn\u011b takov\u00e9, jak\u00e9 chcete, nemus\u00edte je zad\u00e1vat znovu. Pokud tomu tak nen\u00ed, m\u011bli byste zadat po\u017eadovan\u00e9 jm\u00e9no a \u010d\u00edslo.<\/p>\n<p>Tipy pro pran\u00ed: Doporu\u010dujeme pr\u00e1t fotbalov\u00e1 tri\u010dka v ruce. Pokud chcete pou\u017e\u00edt pra\u010dku, nezapome\u0148te fotbalov\u00e1 tri\u010dka obr\u00e1tit naruby a pot\u00e9 je vyprat. Pra\u010dku napl\u0148te studenou vodou a pou\u017eijte jemn\u00fd cyklus, abyste l\u00e9pe ochr\u00e1nili barvy.<\/p>","protected":false},"excerpt":{"rendered":"<p>Das Frankreich 2024 Trikot hat ein klassisches, aber stilvolles Design. Es ist haupts\u00e4chlich in &#8222;Bright Blue&#8220; gehalten und weicht damit vom Marineblau des Jahres 2022 ab. Kombiniert mit diesem Blauton sind &#8222;University Red&#8220; und Wei\u00df.Das Bemerkenswerteste am Trikot Frankreich 2024 ist wahrscheinlich das Wappen. Nach dem monochromen Ansatz aller bisherigen Frankreich-Trikots f\u00fchrt der Swoosh ein [&hellip;]<\/p>","protected":false},"featured_media":18878,"comment_status":"closed","ping_status":"closed","template":"","meta":[],"product_brand":[],"product_cat":[1098],"product_tag":[20,1076,22,23,24,1220],"class_list":{"0":"post-18851","1":"product","2":"type-product","3":"status-publish","4":"has-post-thumbnail","6":"product_cat-em-2024-frankreich","7":"product_tag-coole-fussballtrikots","8":"product_tag-em-2024-trikot","9":"product_tag-fussballtrikot-guenstig-kaufen","10":"product_tag-fussballtrikot-kurzarm","11":"product_tag-guenstiges-fussballtrikot","12":"product_tag-ibrahima-konate-trikots","14":"first","15":"instock","16":"purchasable","17":"product-type-variable"},"_links":{"self":[{"href":"https:\/\/www.billigtrikotde.com\/cs\/wp-json\/wp\/v2\/product\/18851","targetHints":{"allow":["GET"]}}],"collection":[{"href":"https:\/\/www.billigtrikotde.com\/cs\/wp-json\/wp\/v2\/product"}],"about":[{"href":"https:\/\/www.billigtrikotde.com\/cs\/wp-json\/wp\/v2\/types\/product"}],"replies":[{"embeddable":true,"href":"https:\/\/www.billigtrikotde.com\/cs\/wp-json\/wp\/v2\/comments?post=18851"}],"wp:featuredmedia":[{"embeddable":true,"href":"https:\/\/www.billigtrikotde.com\/cs\/wp-json\/wp\/v2\/media\/18878"}],"wp:attachment":[{"href":"https:\/\/www.billigtrikotde.com\/cs\/wp-json\/wp\/v2\/media?parent=18851"}],"wp:term":[{"taxonomy":"product_brand","embeddable":true,"href":"https:\/\/www.billigtrikotde.com\/cs\/wp-json\/wp\/v2\/product_brand?post=18851"},{"taxonomy":"product_cat","embeddable":true,"href":"https:\/\/www.billigtrikotde.com\/cs\/wp-json\/wp\/v2\/product_cat?post=18851"},{"taxonomy":"product_tag","embeddable":true,"href":"https:\/\/www.billigtrikotde.com\/cs\/wp-json\/wp\/v2\/product_tag?post=18851"}],"curies":[{"name":"wp","href":"https:\/\/api.w.org\/{rel}","templated":true}]}}