{"id":18843,"date":"2024-10-24T10:58:28","date_gmt":"2024-10-24T08:58:28","guid":{"rendered":"http:\/\/billigtrikots.com\/?post_type=product&#038;p=18843"},"modified":"2024-10-24T11:00:39","modified_gmt":"2024-10-24T09:00:39","slug":"frauen-frankreichs-trikots-fuer-die-europameisterschaft-2024-auswaertstrikot-eduardo-camavinga-6","status":"publish","type":"product","link":"https:\/\/www.billigtrikotde.com\/cs\/frauen-frankreichs-trikots-fuer-die-europameisterschaft-2024-auswaertstrikot-eduardo-camavinga-6\/","title":{"rendered":"Soupravy \u017een Francie pro mistrovstv\u00ed Evropy 2024 Eduardo Camavinga 6"},"content":{"rendered":"<p>V\u00fdjezdn\u00ed dres Francie pro Euro 2024 kombinuje b\u00edlou z\u00e1kladn\u00ed barvu s kr\u00e1lovskou mod\u0159\u00ed. Nejv\u00fdrazn\u011bj\u0161\u00edm prvkem je pruhovan\u00fd vzor - p\u0159ech\u00e1z\u00ed z modr\u00e9 (prav\u00e1 strana) do \u010derven\u00e9 (lev\u00e1 strana). V\u00fdjezdn\u00ed dres Francie Euro 2024 m\u00e1 modr\u00fd l\u00edmec a modr\u00e9 man\u017eety. Na p\u0159edn\u00ed stran\u011b dresu vynik\u00e1 obrovsk\u00fd celobarevn\u00fd znak Francie, kter\u00fd bude poprv\u00e9 pou\u017eit na Euru 2024 a mo\u017en\u00e1 se bude pou\u017e\u00edvat i po skon\u010den\u00ed turnaje.<\/p>\n<p>Dom\u00e1c\u00ed i venkovn\u00ed dresy pro mistrovstv\u00ed Evropy 2024 budou m\u00edt nov\u00fd barevn\u00fd znak v obrovsk\u00e9m form\u00e1tu, kter\u00fd je v\u011bt\u0161\u00ed ne\u017e na p\u0159edchoz\u00edch dresech Francie. Plocha znaku Francie v\u0161ak bude i nad\u00e1le odpov\u00eddat pravidl\u016fm FIFA pro dresy.<\/p>\n<p>Tipy pro tisk: Pokud jsou jm\u00e9no a \u010d\u00edslo na obr\u00e1zku p\u0159esn\u011b takov\u00e9, jak\u00e9 chcete, nemus\u00edte je zad\u00e1vat znovu. Pokud tomu tak nen\u00ed, m\u011bli byste zadat po\u017eadovan\u00e9 jm\u00e9no a \u010d\u00edslo.<\/p>\n<p>Tipy pro pran\u00ed: Doporu\u010dujeme pr\u00e1t fotbalov\u00e1 tri\u010dka v ruce. Pokud chcete pou\u017e\u00edt pra\u010dku, nezapome\u0148te fotbalov\u00e1 tri\u010dka obr\u00e1tit naruby a pot\u00e9 je vyprat. Pra\u010dku napl\u0148te studenou vodou a pou\u017eijte jemn\u00fd cyklus, abyste l\u00e9pe ochr\u00e1nili barvy.<\/p>","protected":false},"excerpt":{"rendered":"<p>Das Frankreich Euro 2024 Ausw\u00e4rtstrikot kombiniert eine wei\u00dfe Grundfarbe mit einem K\u00f6nigsblau. Am auff\u00e4lligsten ist das Nadelstreifendesign \u2013 es geht von Blau (rechte Seite) zu Rot (linke Seite). Das Frankreich Euro 2024 Ausw\u00e4rtstrikot hat einen blauen Kragen und blaue \u00c4rmelb\u00fcndchen. Was auf der Vorderseite auff\u00e4llt, ist das riesige, voll farbige Frankreich-Wappen, das erstmals bei der [&hellip;]<\/p>","protected":false},"featured_media":18877,"comment_status":"closed","ping_status":"closed","template":"","meta":[],"product_brand":[],"product_cat":[1098],"product_tag":[20,1219,1076,22,23,24],"class_list":{"0":"post-18843","1":"product","2":"type-product","3":"status-publish","4":"has-post-thumbnail","6":"product_cat-em-2024-frankreich","7":"product_tag-coole-fussballtrikots","8":"product_tag-eduardo-camavinga-trikots","9":"product_tag-em-2024-trikot","10":"product_tag-fussballtrikot-guenstig-kaufen","11":"product_tag-fussballtrikot-kurzarm","12":"product_tag-guenstiges-fussballtrikot","14":"first","15":"instock","16":"purchasable","17":"product-type-variable"},"_links":{"self":[{"href":"https:\/\/www.billigtrikotde.com\/cs\/wp-json\/wp\/v2\/product\/18843","targetHints":{"allow":["GET"]}}],"collection":[{"href":"https:\/\/www.billigtrikotde.com\/cs\/wp-json\/wp\/v2\/product"}],"about":[{"href":"https:\/\/www.billigtrikotde.com\/cs\/wp-json\/wp\/v2\/types\/product"}],"replies":[{"embeddable":true,"href":"https:\/\/www.billigtrikotde.com\/cs\/wp-json\/wp\/v2\/comments?post=18843"}],"wp:featuredmedia":[{"embeddable":true,"href":"https:\/\/www.billigtrikotde.com\/cs\/wp-json\/wp\/v2\/media\/18877"}],"wp:attachment":[{"href":"https:\/\/www.billigtrikotde.com\/cs\/wp-json\/wp\/v2\/media?parent=18843"}],"wp:term":[{"taxonomy":"product_brand","embeddable":true,"href":"https:\/\/www.billigtrikotde.com\/cs\/wp-json\/wp\/v2\/product_brand?post=18843"},{"taxonomy":"product_cat","embeddable":true,"href":"https:\/\/www.billigtrikotde.com\/cs\/wp-json\/wp\/v2\/product_cat?post=18843"},{"taxonomy":"product_tag","embeddable":true,"href":"https:\/\/www.billigtrikotde.com\/cs\/wp-json\/wp\/v2\/product_tag?post=18843"}],"curies":[{"name":"wp","href":"https:\/\/api.w.org\/{rel}","templated":true}]}}