{"id":18828,"date":"2024-10-24T10:57:20","date_gmt":"2024-10-24T08:57:20","guid":{"rendered":"http:\/\/billigtrikots.com\/?post_type=product&#038;p=18828"},"modified":"2024-10-24T11:00:37","modified_gmt":"2024-10-24T09:00:37","slug":"frauen-fussballtrikots-paris-saint-germain-psg-heimtrikot-2024-25-kurzarm","status":"publish","type":"product","link":"https:\/\/www.billigtrikotde.com\/cs\/frauen-fussballtrikots-paris-saint-germain-psg-heimtrikot-2024-25-kurzarm\/","title":{"rendered":"D\u00e1msk\u00e1 fotbalov\u00e1 tri\u010dka Paris Saint-Germain PSG Home Shirt 2024-25 s kr\u00e1tk\u00fdm ruk\u00e1vem"},"content":{"rendered":"<p>Na str\u00e1nk\u00e1ch <strong>PSG 2024-25 dres<\/strong> vrac\u00ed se k tradi\u010dn\u00edmu pruhovan\u00e9mu vzoru klubu. Posledn\u00ed dres Paris Saint-Germain, kter\u00fd m\u011bl tradi\u010dn\u00ed pruh, byl dres 2020-21.<\/p>\n<p>Tipy pro tisk: Pokud jsou jm\u00e9no a \u010d\u00edslo na obr\u00e1zku p\u0159esn\u011b takov\u00e9, jak\u00e9 chcete, nemus\u00edte je zad\u00e1vat znovu. Pokud tomu tak nen\u00ed, m\u011bli byste zadat po\u017eadovan\u00e9 jm\u00e9no a \u010d\u00edslo.<\/p>\n<p>Tipy pro pran\u00ed: Doporu\u010dujeme pr\u00e1t fotbalov\u00e1 tri\u010dka v ruce. Pokud chcete pou\u017e\u00edt pra\u010dku, nezapome\u0148te fotbalov\u00e1 tri\u010dka obr\u00e1tit naruby a pot\u00e9 je vyprat. Pra\u010dku napl\u0148te studenou vodou a pou\u017eijte jemn\u00fd cyklus, abyste l\u00e9pe ochr\u00e1nili barvy.<\/p>","protected":false},"excerpt":{"rendered":"<p>Triko PSG 2024-25 se vrac\u00ed k tradi\u010dn\u00edmu pruhov\u00e1n\u00ed klubu. Posledn\u00ed triko Paris Saint-Germain, kter\u00e9 m\u011blo tradi\u010dn\u00ed pruhov\u00e1n\u00ed, bylo triko 2020-21. Tipy pro tisk: Pokud jm\u00e9no a \u010d\u00edslo na sn\u00edmku p\u0159esn\u011b odpov\u00eddaj\u00ed va\u0161im po\u017eadavk\u016fm, nemus\u00edte je zad\u00e1vat znovu. Pokud ne, m\u011bli byste zadat po\u017eadovan\u00e9 jm\u00e9no [\u2026]<\/p>","protected":false},"featured_media":18869,"comment_status":"closed","ping_status":"closed","template":"","meta":[],"product_brand":[],"product_cat":[536],"product_tag":[20,22,23,24,1217],"class_list":{"0":"post-18828","1":"product","2":"type-product","3":"status-publish","4":"has-post-thumbnail","6":"product_cat-paris-saint-germain-psg-damen-trikot","7":"product_tag-coole-fussballtrikots","8":"product_tag-fussballtrikot-guenstig-kaufen","9":"product_tag-fussballtrikot-kurzarm","10":"product_tag-guenstiges-fussballtrikot","11":"product_tag-psg-fussballtrikots","13":"first","14":"instock","15":"purchasable","16":"product-type-variable"},"_links":{"self":[{"href":"https:\/\/www.billigtrikotde.com\/cs\/wp-json\/wp\/v2\/product\/18828","targetHints":{"allow":["GET"]}}],"collection":[{"href":"https:\/\/www.billigtrikotde.com\/cs\/wp-json\/wp\/v2\/product"}],"about":[{"href":"https:\/\/www.billigtrikotde.com\/cs\/wp-json\/wp\/v2\/types\/product"}],"replies":[{"embeddable":true,"href":"https:\/\/www.billigtrikotde.com\/cs\/wp-json\/wp\/v2\/comments?post=18828"}],"wp:featuredmedia":[{"embeddable":true,"href":"https:\/\/www.billigtrikotde.com\/cs\/wp-json\/wp\/v2\/media\/18869"}],"wp:attachment":[{"href":"https:\/\/www.billigtrikotde.com\/cs\/wp-json\/wp\/v2\/media?parent=18828"}],"wp:term":[{"taxonomy":"product_brand","embeddable":true,"href":"https:\/\/www.billigtrikotde.com\/cs\/wp-json\/wp\/v2\/product_brand?post=18828"},{"taxonomy":"product_cat","embeddable":true,"href":"https:\/\/www.billigtrikotde.com\/cs\/wp-json\/wp\/v2\/product_cat?post=18828"},{"taxonomy":"product_tag","embeddable":true,"href":"https:\/\/www.billigtrikotde.com\/cs\/wp-json\/wp\/v2\/product_tag?post=18828"}],"curies":[{"name":"wp","href":"https:\/\/api.w.org\/{rel}","templated":true}]}}