{"id":18826,"date":"2024-10-24T10:57:18","date_gmt":"2024-10-24T08:57:18","guid":{"rendered":"http:\/\/billigtrikots.com\/?post_type=product&#038;p=18826"},"modified":"2024-10-24T11:00:02","modified_gmt":"2024-10-24T09:00:02","slug":"damen-frankreichs-trikots-fuer-die-europameisterschaft-2024-auswaertstrikot-ibrahima-konate-24","status":"publish","type":"product","link":"https:\/\/www.billigtrikotde.com\/cs\/damen-frankreichs-trikots-fuer-die-europameisterschaft-2024-auswaertstrikot-ibrahima-konate-24\/","title":{"rendered":"Soupravy \u017een Francie pro mistrovstv\u00ed Evropy 2024 Ibrahima Konate 24"},"content":{"rendered":"<p>Na str\u00e1nk\u00e1ch <strong>V\u00fdjezdn\u00ed souprava Francie Euro 2024<\/strong> kombinuje b\u00edlou z\u00e1kladn\u00ed barvu s kr\u00e1lovskou mod\u0159\u00ed. Nejv\u00fdrazn\u011bj\u0161\u00edm prvkem je pruhovan\u00fd vzor - p\u0159ech\u00e1z\u00ed z modr\u00e9 (prav\u00e1 strana) do \u010derven\u00e9 (lev\u00e1 strana).Dres Francie pro Euro 2024 m\u00e1 modr\u00fd l\u00edmec a modr\u00e9 man\u017eety.Na p\u0159edn\u00ed stran\u011b vynik\u00e1 obrovsk\u00fd celobarevn\u00fd znak Francie, kter\u00fd bude poprv\u00e9 pou\u017eit na Euru 2024 a m\u016f\u017ee b\u00fdt pou\u017eit i po skon\u010den\u00ed turnaje.<\/p>\n<p>Dom\u00e1c\u00ed i venkovn\u00ed dresy pro mistrovstv\u00ed Evropy 2024 budou m\u00edt nov\u00fd barevn\u00fd znak v obrovsk\u00e9m form\u00e1tu, kter\u00fd je v\u011bt\u0161\u00ed ne\u017e na p\u0159edchoz\u00edch dresech Francie. Plocha znaku Francie v\u0161ak bude i nad\u00e1le odpov\u00eddat pravidl\u016fm FIFA pro dresy.<\/p>\n<p>Tipy pro tisk: Pokud jsou jm\u00e9no a \u010d\u00edslo na obr\u00e1zku p\u0159esn\u011b takov\u00e9, jak\u00e9 chcete, nemus\u00edte je zad\u00e1vat znovu. Pokud tomu tak nen\u00ed, m\u011bli byste zadat po\u017eadovan\u00e9 jm\u00e9no a \u010d\u00edslo.<\/p>\n<p>Tipy pro pran\u00ed: Doporu\u010dujeme pr\u00e1t fotbalov\u00e1 tri\u010dka v ruce. Pokud chcete pou\u017e\u00edt pra\u010dku, nezapome\u0148te fotbalov\u00e1 tri\u010dka obr\u00e1tit naruby a pot\u00e9 je vyprat. Pra\u010dku napl\u0148te studenou vodou a pou\u017eijte jemn\u00fd cyklus, abyste l\u00e9pe ochr\u00e1nili barvy.<\/p>","protected":false},"excerpt":{"rendered":"<p>Zahrani\u010dn\u00ed venkovn\u00ed dres Francie Euro 2024 kombinuje b\u00edlou z\u00e1kladn\u00ed barvu s kr\u00e1lovskou modrou. Nejv\u00fdrazn\u011bj\u0161\u00edm prvkem je prou\u017ekovan\u00fd design \u2013 od modr\u00e9 (prav\u00e1 strana) po \u010dervenou (lev\u00e1 strana). Venkovn\u00ed dres Francie Euro 2024 m\u00e1 modr\u00fd l\u00edm a modr\u00e9 man\u017eety ruk\u00e1v\u016f. Co na p\u0159edn\u00ed stran\u011b upout\u00e1, je obrovsk\u00fd, plnobarevn\u00fd znak Francie, kter\u00fd poprv\u00e9 p\u0159i Euro 2024 \u2026<\/p>","protected":false},"featured_media":18867,"comment_status":"open","ping_status":"closed","template":"","meta":[],"product_brand":[],"product_cat":[1098],"product_tag":[20,1076,1214,1099,22,23,1215,24,1216],"class_list":{"0":"post-18826","1":"product","2":"type-product","3":"status-publish","4":"has-post-thumbnail","6":"product_cat-em-2024-frankreich","7":"product_tag-coole-fussballtrikots","8":"product_tag-em-2024-trikot","9":"product_tag-em-2024-trikot-damen","10":"product_tag-frankreich-trikot-em-2024","11":"product_tag-fussballtrikot-guenstig-kaufen","12":"product_tag-fussballtrikot-kurzarm","13":"product_tag-guenstige-fussballtrikots-damen","14":"product_tag-guenstiges-fussballtrikot","15":"product_tag-ibrahima-konate-trikot","17":"first","18":"instock","19":"shipping-taxable","20":"purchasable","21":"product-type-variable"},"_links":{"self":[{"href":"https:\/\/www.billigtrikotde.com\/cs\/wp-json\/wp\/v2\/product\/18826","targetHints":{"allow":["GET"]}}],"collection":[{"href":"https:\/\/www.billigtrikotde.com\/cs\/wp-json\/wp\/v2\/product"}],"about":[{"href":"https:\/\/www.billigtrikotde.com\/cs\/wp-json\/wp\/v2\/types\/product"}],"replies":[{"embeddable":true,"href":"https:\/\/www.billigtrikotde.com\/cs\/wp-json\/wp\/v2\/comments?post=18826"}],"wp:featuredmedia":[{"embeddable":true,"href":"https:\/\/www.billigtrikotde.com\/cs\/wp-json\/wp\/v2\/media\/18867"}],"wp:attachment":[{"href":"https:\/\/www.billigtrikotde.com\/cs\/wp-json\/wp\/v2\/media?parent=18826"}],"wp:term":[{"taxonomy":"product_brand","embeddable":true,"href":"https:\/\/www.billigtrikotde.com\/cs\/wp-json\/wp\/v2\/product_brand?post=18826"},{"taxonomy":"product_cat","embeddable":true,"href":"https:\/\/www.billigtrikotde.com\/cs\/wp-json\/wp\/v2\/product_cat?post=18826"},{"taxonomy":"product_tag","embeddable":true,"href":"https:\/\/www.billigtrikotde.com\/cs\/wp-json\/wp\/v2\/product_tag?post=18826"}],"curies":[{"name":"wp","href":"https:\/\/api.w.org\/{rel}","templated":true}]}}