{"id":18794,"date":"2024-10-24T10:55:09","date_gmt":"2024-10-24T08:55:09","guid":{"rendered":"http:\/\/billigtrikots.com\/?post_type=product&#038;p=18794"},"modified":"2024-10-24T10:58:20","modified_gmt":"2024-10-24T08:58:20","slug":"fussballtrikot-kinder-set-portugal-em-2024-heimtrikot-goncalo-inacio-14","status":"publish","type":"product","link":"https:\/\/www.billigtrikotde.com\/cs\/fussballtrikot-kinder-set-portugal-em-2024-heimtrikot-goncalo-inacio-14\/","title":{"rendered":"Fotbalov\u00e9 tri\u010dko D\u011btsk\u00e1 sada Portugalsko Euro 2024 Home Shirt Goncalo Inacio 14"},"content":{"rendered":"<p>Dres Portugalska pro Euro 2024 m\u00e1 klasickou \u010dervenou barvu, ale v kombinaci s jin\u00fdmi barvami ne\u017e v p\u0159edchoz\u00edch letech. Je p\u0159ev\u00e1\u017en\u011b \u010derven\u00fd, kombinovan\u00fd se zelen\u00fdmi a \u010dern\u00fdmi aplikacemi, nav\u00edc se sv\u011btle b\u00e9\u017eovou barvou pro sovoosh, stejn\u011b jako jm\u00e9na a \u010d\u00edsla. Ofici\u00e1ln\u00ed barvy jsou \"univerzitn\u00ed \u010derven\u00e1\/borov\u00e1 zelen\u00e1\/plachty\" a dres Portugalska 2024 nepou\u017e\u00edv\u00e1 grafick\u00fd n\u00e1vrh, ale nech\u00e1v\u00e1 barvy v centru pozornosti. Na vnit\u0159n\u00ed stran\u011b l\u00edmce je speci\u00e1ln\u00ed n\u00e1pis Portugal.<\/p>\n<p>Tipy pro tisk: Pokud jsou jm\u00e9no a \u010d\u00edslo na obr\u00e1zku p\u0159esn\u011b takov\u00e9, jak\u00e9 chcete, nemus\u00edte je zad\u00e1vat znovu. Pokud tomu tak nen\u00ed, m\u011bli byste zadat po\u017eadovan\u00e9 jm\u00e9no a \u010d\u00edslo.<\/p>\n<p>Tipy pro pran\u00ed: Doporu\u010dujeme pr\u00e1t fotbalov\u00e1 tri\u010dka v ruce. Pokud chcete pou\u017e\u00edt pra\u010dku, nezapome\u0148te fotbalov\u00e1 tri\u010dka obr\u00e1tit naruby a pot\u00e9 je vyprat. Pra\u010dku napl\u0148te studenou vodou a pou\u017eijte jemn\u00fd cyklus, abyste l\u00e9pe ochr\u00e1nili barvy.<\/p>","protected":false},"excerpt":{"rendered":"<p>Das Portugal Euro 2024 Trikot zeigt die klassische rote Farbe des Landes, aber kombiniert mit anderen Farben als in den letzten Jahren. Es ist haupts\u00e4chlich rot, kombiniert mit gr\u00fcnen und schwarzen Applikationen, dazu kommt ein helles Beige f\u00fcr den Sowoosh, sowie die Namen und Nummern. Offiziell lauten die Farben \u201eUniversity Red\/Pine Green\/Sail\u201c.Verwendet f\u00fcr das Trikot [&hellip;]<\/p>","protected":false},"featured_media":18833,"comment_status":"open","ping_status":"closed","template":"","meta":[],"product_brand":[],"product_cat":[1094],"product_tag":[20,1076,1077,21,22,23,1203,24,1095],"class_list":{"0":"post-18794","1":"product","2":"type-product","3":"status-publish","4":"has-post-thumbnail","6":"product_cat-em-2024-portugal","7":"product_tag-coole-fussballtrikots","8":"product_tag-em-2024-trikot","9":"product_tag-em-2024-trikot-herren","10":"product_tag-fussballtrikot-fuer-herren","11":"product_tag-fussballtrikot-guenstig-kaufen","12":"product_tag-fussballtrikot-kurzarm","13":"product_tag-goncalo-inacio-trikot","14":"product_tag-guenstiges-fussballtrikot","15":"product_tag-portugal-trikot-em-2024","17":"first","18":"instock","19":"shipping-taxable","20":"purchasable","21":"product-type-variable"},"_links":{"self":[{"href":"https:\/\/www.billigtrikotde.com\/cs\/wp-json\/wp\/v2\/product\/18794","targetHints":{"allow":["GET"]}}],"collection":[{"href":"https:\/\/www.billigtrikotde.com\/cs\/wp-json\/wp\/v2\/product"}],"about":[{"href":"https:\/\/www.billigtrikotde.com\/cs\/wp-json\/wp\/v2\/types\/product"}],"replies":[{"embeddable":true,"href":"https:\/\/www.billigtrikotde.com\/cs\/wp-json\/wp\/v2\/comments?post=18794"}],"wp:featuredmedia":[{"embeddable":true,"href":"https:\/\/www.billigtrikotde.com\/cs\/wp-json\/wp\/v2\/media\/18833"}],"wp:attachment":[{"href":"https:\/\/www.billigtrikotde.com\/cs\/wp-json\/wp\/v2\/media?parent=18794"}],"wp:term":[{"taxonomy":"product_brand","embeddable":true,"href":"https:\/\/www.billigtrikotde.com\/cs\/wp-json\/wp\/v2\/product_brand?post=18794"},{"taxonomy":"product_cat","embeddable":true,"href":"https:\/\/www.billigtrikotde.com\/cs\/wp-json\/wp\/v2\/product_cat?post=18794"},{"taxonomy":"product_tag","embeddable":true,"href":"https:\/\/www.billigtrikotde.com\/cs\/wp-json\/wp\/v2\/product_tag?post=18794"}],"curies":[{"name":"wp","href":"https:\/\/api.w.org\/{rel}","templated":true}]}}