{"id":18785,"date":"2024-10-24T10:54:37","date_gmt":"2024-10-24T08:54:37","guid":{"rendered":"http:\/\/billigtrikots.com\/?post_type=product&#038;p=18785"},"modified":"2024-10-24T10:57:43","modified_gmt":"2024-10-24T08:57:43","slug":"kinder-fussballtrikots-portugal-trikot-em-2024-auswaerts-trikotsatz-cristiano-ronaldo-7","status":"publish","type":"product","link":"https:\/\/www.billigtrikotde.com\/cs\/kinder-fussballtrikots-portugal-trikot-em-2024-auswaerts-trikotsatz-cristiano-ronaldo-7\/","title":{"rendered":"D\u011btsk\u00e1 fotbalov\u00e1 tri\u010dka Portugal Shirt Euro 2024 Away Kit Cristiano Ronaldo 7"},"content":{"rendered":"<p>V\u00fdjezdn\u00ed dres Portugalska 2024 m\u00e1 design, kter\u00fd \u00fazce souvis\u00ed s histori\u00ed Portugalska. Dres m\u00e1 celoplo\u0161nou grafiku se vzorem ve stylu azulejo, kter\u00fd p\u016fsob\u00ed om\u0161el\u00fdm dojmem.Azulejo je forma portugalsk\u00e9 a \u0161pan\u011blsk\u00e9 keramick\u00e9 dla\u017edice glazovan\u00e9 c\u00ednem. Obvykle se pou\u017e\u00edv\u00e1 k v\u00fdzdob\u011b st\u011bn a podlah a je zn\u00e1m\u00e1 sv\u00fdmi jasn\u00fdmi barvami a slo\u017eit\u00fdmi vzory.<\/p>\n<p>Barvy navazuj\u00ed na barevn\u00e9 sch\u00e9ma hostuj\u00edc\u00edho dresu pro mistrovstv\u00ed sv\u011bta 2022. Stejn\u011b jako dres pro Katar je i nov\u00fd venkovn\u00ed dres Portugalska 2024 p\u0159ev\u00e1\u017en\u011b v n\u00e1mo\u0159nick\u00fdch barv\u00e1ch. venkovn\u00ed dres Portugalsko Euro 2024 se sv\u011btle modrou a velmi tmavou tmav\u011b modrou barvou, \"University Blue\" a \"Pitch Blue\".<\/p>\n<p>Tipy pro tisk: Pokud jsou jm\u00e9no a \u010d\u00edslo na obr\u00e1zku p\u0159esn\u011b takov\u00e9, jak\u00e9 chcete, nemus\u00edte je zad\u00e1vat znovu. Pokud tomu tak nen\u00ed, m\u011bli byste zadat po\u017eadovan\u00e9 jm\u00e9no a \u010d\u00edslo.<\/p>\n<p>Tipy pro pran\u00ed: Doporu\u010dujeme pr\u00e1t fotbalov\u00e1 tri\u010dka v ruce. Pokud chcete pou\u017e\u00edt pra\u010dku, nezapome\u0148te fotbalov\u00e1 tri\u010dka obr\u00e1tit naruby a pot\u00e9 je vyprat. Pra\u010dku napl\u0148te studenou vodou a pou\u017eijte jemn\u00fd cyklus, abyste l\u00e9pe ochr\u00e1nili barvy.<\/p>","protected":false},"excerpt":{"rendered":"<p>V\u00fdjezdn\u00ed dres Portugalska 2024 m\u00e1 design, kter\u00fd \u00fazce souvis\u00ed s histori\u00ed Portugalska. Dres m\u00e1 celoplo\u0161nou grafiku se vzorem ve stylu azulejo, kter\u00fd p\u016fsob\u00ed om\u0161el\u00fdm dojmem.Azulejo je forma portugalsk\u00e9 a \u0161pan\u011blsk\u00e9 keramick\u00e9 dla\u017edice glazovan\u00e9 c\u00ednem. Obvykle se pou\u017e\u00edv\u00e1 k v\u00fdzdob\u011b st\u011bn a podlah a je zn\u00e1m\u00e1 sv\u00fdmi jasn\u00fdmi barvami a slo\u017eit\u00fdmi vzory.<\/p>","protected":false},"featured_media":18824,"comment_status":"open","ping_status":"closed","template":"","meta":[],"product_brand":[],"product_cat":[1094],"product_tag":[20,1076,1077,21,22,23,24,1095],"class_list":{"0":"post-18785","1":"product","2":"type-product","3":"status-publish","4":"has-post-thumbnail","6":"product_cat-em-2024-portugal","7":"product_tag-coole-fussballtrikots","8":"product_tag-em-2024-trikot","9":"product_tag-em-2024-trikot-herren","10":"product_tag-fussballtrikot-fuer-herren","11":"product_tag-fussballtrikot-guenstig-kaufen","12":"product_tag-fussballtrikot-kurzarm","13":"product_tag-guenstiges-fussballtrikot","14":"product_tag-portugal-trikot-em-2024","16":"first","17":"instock","18":"shipping-taxable","19":"purchasable","20":"product-type-variable"},"_links":{"self":[{"href":"https:\/\/www.billigtrikotde.com\/cs\/wp-json\/wp\/v2\/product\/18785","targetHints":{"allow":["GET"]}}],"collection":[{"href":"https:\/\/www.billigtrikotde.com\/cs\/wp-json\/wp\/v2\/product"}],"about":[{"href":"https:\/\/www.billigtrikotde.com\/cs\/wp-json\/wp\/v2\/types\/product"}],"replies":[{"embeddable":true,"href":"https:\/\/www.billigtrikotde.com\/cs\/wp-json\/wp\/v2\/comments?post=18785"}],"wp:featuredmedia":[{"embeddable":true,"href":"https:\/\/www.billigtrikotde.com\/cs\/wp-json\/wp\/v2\/media\/18824"}],"wp:attachment":[{"href":"https:\/\/www.billigtrikotde.com\/cs\/wp-json\/wp\/v2\/media?parent=18785"}],"wp:term":[{"taxonomy":"product_brand","embeddable":true,"href":"https:\/\/www.billigtrikotde.com\/cs\/wp-json\/wp\/v2\/product_brand?post=18785"},{"taxonomy":"product_cat","embeddable":true,"href":"https:\/\/www.billigtrikotde.com\/cs\/wp-json\/wp\/v2\/product_cat?post=18785"},{"taxonomy":"product_tag","embeddable":true,"href":"https:\/\/www.billigtrikotde.com\/cs\/wp-json\/wp\/v2\/product_tag?post=18785"}],"curies":[{"name":"wp","href":"https:\/\/api.w.org\/{rel}","templated":true}]}}