{"id":18749,"date":"2024-10-24T10:52:19","date_gmt":"2024-10-24T08:52:19","guid":{"rendered":"http:\/\/billigtrikots.com\/?post_type=product&#038;p=18749"},"modified":"2024-10-24T10:55:30","modified_gmt":"2024-10-24T08:55:30","slug":"kinder-niederlande-uefa-euro-2024-auswaertstrikot-memphis-depay-10","status":"publish","type":"product","link":"https:\/\/www.billigtrikotde.com\/cs\/kinder-niederlande-uefa-euro-2024-auswaertstrikot-memphis-depay-10\/","title":{"rendered":"D\u011btsk\u00e9 dresy Nizozemsko UEFA Euro 2024 Away Memphis Depay 10"},"content":{"rendered":"<p>V\u00fdjezdn\u00ed souprava Nizozemska 2024 je p\u0159ev\u00e1\u017en\u011b tmav\u011b modr\u00e1 (\"Blue Void\"), vedlej\u0161\u00ed barvy jsou oran\u017eov\u00e1, tyrkysov\u00e1 a b\u00edl\u00e1. To je podobn\u00e1 barevn\u00e1 paleta jako u dom\u00e1c\u00edho dresu Nizozemska, ale samoz\u0159ejm\u011b v jin\u00e9m po\u0159ad\u00ed, a venkovn\u00ed dres Nizozemska pro Euro 2024 vynik\u00e1 designem. Na p\u0159edn\u00ed stran\u011b, z\u00e1dech a ruk\u00e1vech m\u00e1 oran\u017eov\u00fd a modr\u00fd vzor.<\/p>\n<p>Tipy pro tisk: Pokud jsou jm\u00e9no a \u010d\u00edslo na obr\u00e1zku p\u0159esn\u011b takov\u00e9, jak\u00e9 chcete, nemus\u00edte je zad\u00e1vat znovu. Pokud tomu tak nen\u00ed, m\u011bli byste zadat po\u017eadovan\u00e9 jm\u00e9no a \u010d\u00edslo.<\/p>\n<p>Tipy pro pran\u00ed: Doporu\u010dujeme pr\u00e1t fotbalov\u00e1 tri\u010dka v ruce. Pokud chcete pou\u017e\u00edt pra\u010dku, nezapome\u0148te fotbalov\u00e1 tri\u010dka obr\u00e1tit naruby a pot\u00e9 je vyprat. Pra\u010dku napl\u0148te studenou vodou a pou\u017eijte jemn\u00fd cyklus, abyste l\u00e9pe ochr\u00e1nili barvy.<\/p>","protected":false},"excerpt":{"rendered":"<p>V\u00fdjezdn\u00ed souprava Nizozemska 2024 je p\u0159ev\u00e1\u017en\u011b tmav\u011b modr\u00e1 (\"Blue Void\"), vedlej\u0161\u00ed barvy jsou oran\u017eov\u00e1, tyrkysov\u00e1 a b\u00edl\u00e1. To je podobn\u00e1 barevn\u00e1 paleta jako u dom\u00e1c\u00edho dresu Nizozemska, ale samoz\u0159ejm\u011b v jin\u00e9m po\u0159ad\u00ed, a venkovn\u00ed dres Nizozemska pro Euro 2024 vynik\u00e1 designem. Na p\u0159edn\u00ed stran\u011b, z\u00e1dech a ruk\u00e1vech m\u00e1 oran\u017eov\u00fd a modr\u00fd vzor.<\/p>","protected":false},"featured_media":18788,"comment_status":"open","ping_status":"closed","template":"","meta":[],"product_brand":[],"product_cat":[1102],"product_tag":[20,1076,1077,21,22,23,24,1103],"class_list":{"0":"post-18749","1":"product","2":"type-product","3":"status-publish","4":"has-post-thumbnail","6":"product_cat-em-2024-niederlande","7":"product_tag-coole-fussballtrikots","8":"product_tag-em-2024-trikot","9":"product_tag-em-2024-trikot-herren","10":"product_tag-fussballtrikot-fuer-herren","11":"product_tag-fussballtrikot-guenstig-kaufen","12":"product_tag-fussballtrikot-kurzarm","13":"product_tag-guenstiges-fussballtrikot","14":"product_tag-niederlande-trikot-em-2024","16":"first","17":"instock","18":"shipping-taxable","19":"purchasable","20":"product-type-variable"},"_links":{"self":[{"href":"https:\/\/www.billigtrikotde.com\/cs\/wp-json\/wp\/v2\/product\/18749","targetHints":{"allow":["GET"]}}],"collection":[{"href":"https:\/\/www.billigtrikotde.com\/cs\/wp-json\/wp\/v2\/product"}],"about":[{"href":"https:\/\/www.billigtrikotde.com\/cs\/wp-json\/wp\/v2\/types\/product"}],"replies":[{"embeddable":true,"href":"https:\/\/www.billigtrikotde.com\/cs\/wp-json\/wp\/v2\/comments?post=18749"}],"wp:featuredmedia":[{"embeddable":true,"href":"https:\/\/www.billigtrikotde.com\/cs\/wp-json\/wp\/v2\/media\/18788"}],"wp:attachment":[{"href":"https:\/\/www.billigtrikotde.com\/cs\/wp-json\/wp\/v2\/media?parent=18749"}],"wp:term":[{"taxonomy":"product_brand","embeddable":true,"href":"https:\/\/www.billigtrikotde.com\/cs\/wp-json\/wp\/v2\/product_brand?post=18749"},{"taxonomy":"product_cat","embeddable":true,"href":"https:\/\/www.billigtrikotde.com\/cs\/wp-json\/wp\/v2\/product_cat?post=18749"},{"taxonomy":"product_tag","embeddable":true,"href":"https:\/\/www.billigtrikotde.com\/cs\/wp-json\/wp\/v2\/product_tag?post=18749"}],"curies":[{"name":"wp","href":"https:\/\/api.w.org\/{rel}","templated":true}]}}