{"id":18695,"date":"2024-10-24T10:49:00","date_gmt":"2024-10-24T08:49:00","guid":{"rendered":"http:\/\/billigtrikots.com\/?post_type=product&#038;p=18695"},"modified":"2024-10-24T10:52:07","modified_gmt":"2024-10-24T08:52:07","slug":"guenstige-trikotsaetze-portugal-trikot-em-2024-heimtrikot-rot-rui-patricio-1","status":"publish","type":"product","link":"https:\/\/www.billigtrikotde.com\/cs\/guenstige-trikotsaetze-portugal-trikot-em-2024-heimtrikot-rot-rui-patricio-1\/","title":{"rendered":"Levn\u00e9 Portugalsk\u00e9 dresy Euro 2024 Dom\u00e1c\u00ed dres \u010cerven\u00fd Rui Patricio 1"},"content":{"rendered":"<p>Dom\u00e1c\u00ed souprava Portugalska pro Euro 2024 m\u00e1 klasickou \u010dervenou n\u00e1rodn\u00ed barvu, ale v kombinaci s jin\u00fdmi barvami ne\u017e v posledn\u00edch letech. Je p\u0159ev\u00e1\u017en\u011b \u010derven\u00e1, kombinovan\u00e1 se zelen\u00fdmi a \u010dern\u00fdmi aplikacemi, plus sv\u011btle b\u00e9\u017eov\u00e1 pro sovoosh a jm\u00e9na a \u010d\u00edsla. Ofici\u00e1ln\u00ed barvy jsou \"univerzitn\u00ed \u010derven\u00e1\/borov\u00e1 zelen\u00e1\/plachta\".<\/p>\n<p>Dom\u00e1c\u00ed souprava Portugalska pro Euro 2024 m\u00e1 \u010dern\u00fd kontrastn\u00ed l\u00edmec se zelen\u00fdmi detaily - stejn\u00fd kontrastn\u00ed l\u00edmec je k vid\u011bn\u00ed tak\u00e9 na dom\u00e1c\u00ed souprav\u011b Francie a na souprav\u011b Nizozemska pro Euro 2024. \u010cern\u00e1\/zelen\u00e1 barva je pou\u017eita tak\u00e9 na man\u017eet\u00e1ch a bo\u010dn\u00edch panelech.<\/p>\n<p>Tipy pro tisk: Pokud jsou jm\u00e9no a \u010d\u00edslo na obr\u00e1zku p\u0159esn\u011b takov\u00e9, jak\u00e9 chcete, nemus\u00edte je zad\u00e1vat znovu. Pokud tomu tak nen\u00ed, m\u011bli byste zadat po\u017eadovan\u00e9 jm\u00e9no a \u010d\u00edslo.<\/p>\n<p>Tipy pro pran\u00ed: Doporu\u010dujeme pr\u00e1t fotbalov\u00e1 tri\u010dka v ruce. Pokud chcete pou\u017e\u00edt pra\u010dku, nezapome\u0148te fotbalov\u00e1 tri\u010dka obr\u00e1tit naruby a pot\u00e9 je vyprat. Pra\u010dku napl\u0148te studenou vodou a pou\u017eijte jemn\u00fd cyklus, abyste l\u00e9pe ochr\u00e1nili barvy.<\/p>","protected":false},"excerpt":{"rendered":"<p>Portugalsk\u00fd dom\u00e1c\u00ed dres na EURA 2024 ukazuje klasickou \u010dervenou n\u00e1rodnostn\u00ed barvu, av\u0161ak kombinovanou s jin\u00fdmi barvami ne\u017e v posledn\u00edch letech. Je p\u0159ev\u00e1\u017en\u011b \u010derven\u00fd, kombinovan\u00fd s zelen\u00fdmi a \u010dern\u00fdmi aplikacemi, plus sv\u011btl\u00fdm b\u00e9\u017eov\u00fdm odst\u00ednem pro Sowoosh a jm\u00e9na a \u010d\u00edsla. Ofici\u00e1ln\u011b jsou barvy \u201eUniversity Red\/Pine Green\/Sail\u201c. Portugalsk\u00fd dom\u00e1c\u00ed dres na EURA [\u2026]<\/p>","protected":false},"featured_media":18734,"comment_status":"open","ping_status":"closed","template":"","meta":[],"product_brand":[],"product_cat":[1094],"product_tag":[20,21,22,24,1200,1095],"class_list":{"0":"post-18695","1":"product","2":"type-product","3":"status-publish","4":"has-post-thumbnail","6":"product_cat-em-2024-portugal","7":"product_tag-coole-fussballtrikots","8":"product_tag-fussballtrikot-fuer-herren","9":"product_tag-fussballtrikot-guenstig-kaufen","10":"product_tag-guenstiges-fussballtrikot","11":"product_tag-portugal-trikot-2024","12":"product_tag-portugal-trikot-em-2024","14":"first","15":"instock","16":"shipping-taxable","17":"purchasable","18":"product-type-variable"},"_links":{"self":[{"href":"https:\/\/www.billigtrikotde.com\/cs\/wp-json\/wp\/v2\/product\/18695","targetHints":{"allow":["GET"]}}],"collection":[{"href":"https:\/\/www.billigtrikotde.com\/cs\/wp-json\/wp\/v2\/product"}],"about":[{"href":"https:\/\/www.billigtrikotde.com\/cs\/wp-json\/wp\/v2\/types\/product"}],"replies":[{"embeddable":true,"href":"https:\/\/www.billigtrikotde.com\/cs\/wp-json\/wp\/v2\/comments?post=18695"}],"wp:featuredmedia":[{"embeddable":true,"href":"https:\/\/www.billigtrikotde.com\/cs\/wp-json\/wp\/v2\/media\/18734"}],"wp:attachment":[{"href":"https:\/\/www.billigtrikotde.com\/cs\/wp-json\/wp\/v2\/media?parent=18695"}],"wp:term":[{"taxonomy":"product_brand","embeddable":true,"href":"https:\/\/www.billigtrikotde.com\/cs\/wp-json\/wp\/v2\/product_brand?post=18695"},{"taxonomy":"product_cat","embeddable":true,"href":"https:\/\/www.billigtrikotde.com\/cs\/wp-json\/wp\/v2\/product_cat?post=18695"},{"taxonomy":"product_tag","embeddable":true,"href":"https:\/\/www.billigtrikotde.com\/cs\/wp-json\/wp\/v2\/product_tag?post=18695"}],"curies":[{"name":"wp","href":"https:\/\/api.w.org\/{rel}","templated":true}]}}