{"id":1851,"date":"2024-10-23T13:48:49","date_gmt":"2024-10-23T11:48:49","guid":{"rendered":"http:\/\/billigtrikots.com\/?post_type=product&#038;p=1851"},"modified":"2024-10-23T13:50:22","modified_gmt":"2024-10-23T11:50:22","slug":"bvb-borussia-dortmund-2022-heimtrikot-herren-gelb-mit-aufdruck-reyna-32","status":"publish","type":"product","link":"https:\/\/www.billigtrikotde.com\/cs\/bvb-borussia-dortmund-2022-heimtrikot-herren-gelb-mit-aufdruck-reyna-32\/","title":{"rendered":"BVB Borussia Dortmund 2022 dom\u00e1c\u00ed tri\u010dko p\u00e1nsk\u00e9 \u017elut\u00e9 s potiskem Reyna 32"},"content":{"rendered":"<p>\u017d\u00e1dn\u00fd fanou\u0161ek velkoklubu Borussia Dortmund by nem\u011bl \u017e\u00edt bez tohoto autentick\u00e9ho fotbalov\u00e9ho dresu. M\u00e1 v\u00fdst\u0159ih do V, ragl\u00e1nov\u00e9 ruk\u00e1vy se s\u00ed\u0165ovan\u00fdmi vsadkami na ramenou a \u017eak\u00e1rovou strukturu na z\u00e1dech pro optim\u00e1ln\u00ed prody\u0161nost. Je tak\u00e9 vybaven inovativn\u00ed technologi\u00ed PUMA dryCELL, kter\u00e1 odv\u00e1d\u00ed vlhkost od t\u011bla. A samoz\u0159ejm\u011b nesm\u00ed chyb\u011bt klubov\u00e9 logo 09 hrd\u011b vyveden\u00e9 na hrudi.<\/p>\n<p>Tipy pro tisk: Pokud jsou jm\u00e9no a \u010d\u00edslo na obr\u00e1zku p\u0159esn\u011b takov\u00e9, jak\u00e9 chcete, nemus\u00edte je zad\u00e1vat znovu. Pokud tomu tak nen\u00ed, m\u011bli byste zadat po\u017eadovan\u00e9 jm\u00e9no a \u010d\u00edslo.<\/p>\n<p>Tipy pro pran\u00ed: Doporu\u010dujeme pr\u00e1t fotbalov\u00e1 tri\u010dka v ruce. Pokud chcete pou\u017e\u00edt pra\u010dku, nezapome\u0148te fotbalov\u00e1 tri\u010dka obr\u00e1tit naruby a pot\u00e9 je vyprat. Pra\u010dku napl\u0148te studenou vodou a pou\u017eijte jemn\u00fd cyklus, abyste l\u00e9pe ochr\u00e1nili barvy.<\/p>","protected":false},"excerpt":{"rendered":"<p>Kein Fan des gro\u00dfartigen Vereins Borussia Dortmund sollte ohne dieses authentische Fu\u00dfballtrikot leben m\u00fcssen. Es verf\u00fcgt \u00fcber einen V-Ausschnitt, Raglan\u00e4rmel mit Schultereinsatz aus Mesh und eine Jacquardstruktur auf der R\u00fcckseite f\u00fcr optimale Atmungsaktivit\u00e4t. Au\u00dferdem bietet es die innovative dryCELL-Technologie von PUMA, die Feuchtigkeit vom K\u00f6rper wegtransportiert. Und nat\u00fcrlich darf auch das stolz auf der Brust [&hellip;]<\/p>","protected":false},"featured_media":1883,"comment_status":"open","ping_status":"closed","template":"","meta":[],"product_brand":[],"product_cat":[63],"product_tag":[20,65,66,21,22,23,24],"class_list":{"0":"post-1851","1":"product","2":"type-product","3":"status-publish","4":"has-post-thumbnail","6":"product_cat-borussia-dortmund","7":"product_tag-coole-fussballtrikots","8":"product_tag-borussia-dortmund-trikots","9":"product_tag-bvb-trikots","10":"product_tag-fussballtrikot-fuer-herren","11":"product_tag-fussballtrikot-guenstig-kaufen","12":"product_tag-fussballtrikot-kurzarm","13":"product_tag-guenstiges-fussballtrikot","15":"first","16":"instock","17":"shipping-taxable","18":"purchasable","19":"product-type-variable"},"_links":{"self":[{"href":"https:\/\/www.billigtrikotde.com\/cs\/wp-json\/wp\/v2\/product\/1851","targetHints":{"allow":["GET"]}}],"collection":[{"href":"https:\/\/www.billigtrikotde.com\/cs\/wp-json\/wp\/v2\/product"}],"about":[{"href":"https:\/\/www.billigtrikotde.com\/cs\/wp-json\/wp\/v2\/types\/product"}],"replies":[{"embeddable":true,"href":"https:\/\/www.billigtrikotde.com\/cs\/wp-json\/wp\/v2\/comments?post=1851"}],"wp:featuredmedia":[{"embeddable":true,"href":"https:\/\/www.billigtrikotde.com\/cs\/wp-json\/wp\/v2\/media\/1883"}],"wp:attachment":[{"href":"https:\/\/www.billigtrikotde.com\/cs\/wp-json\/wp\/v2\/media?parent=1851"}],"wp:term":[{"taxonomy":"product_brand","embeddable":true,"href":"https:\/\/www.billigtrikotde.com\/cs\/wp-json\/wp\/v2\/product_brand?post=1851"},{"taxonomy":"product_cat","embeddable":true,"href":"https:\/\/www.billigtrikotde.com\/cs\/wp-json\/wp\/v2\/product_cat?post=1851"},{"taxonomy":"product_tag","embeddable":true,"href":"https:\/\/www.billigtrikotde.com\/cs\/wp-json\/wp\/v2\/product_tag?post=1851"}],"curies":[{"name":"wp","href":"https:\/\/api.w.org\/{rel}","templated":true}]}}