{"id":18365,"date":"2024-10-24T10:29:54","date_gmt":"2024-10-24T08:29:54","guid":{"rendered":"http:\/\/billigtrikots.com\/?post_type=product&#038;p=18365"},"modified":"2024-10-24T10:32:33","modified_gmt":"2024-10-24T08:32:33","slug":"guenstige-fussballtrikots-herren-argentinien-auswaertstrikot-2024-25-online-kaufen","status":"publish","type":"product","link":"https:\/\/www.billigtrikotde.com\/cs\/guenstige-fussballtrikots-herren-argentinien-auswaertstrikot-2024-25-online-kaufen\/","title":{"rendered":"Koupit levn\u00e9 fotbalov\u00e9 ko\u0161ile Argentina Away Shirt 2024-25 online"},"content":{"rendered":"<p>Levn\u00e9 fotbalov\u00e9 dresy pro mu\u017ee Argentina venkovn\u00ed dres 2024-25 s potiskem Lionela Messiho. Venkovn\u00ed dres Argentina 2024 kombinuje kr\u00e1lovskou modrou z\u00e1kladn\u00ed barvu s barvami argentinsk\u00e9 vlajky, b\u00edlou a nebesky modrou. T\u0159i pruhy jsou pravd\u011bpodobn\u011b sv\u011btle modr\u00e9, znak AFA je nebesky modr\u00fd a b\u00edl\u00fd. Modr\u00e1 barva venkovn\u00edho dresu Argentina 2024 p\u0159ipom\u00edn\u00e1 barvu argentinsk\u00fdch venkovn\u00edch dres\u016f do konce 90. let, ne\u017e se stala hlavn\u00ed volbou tmav\u011b modr\u00e1. Znak asociace bude dvoubarevn\u00fd v nebesky modr\u00e9 a b\u00edl\u00e9. To, co \u010din\u00ed venkovn\u00ed dres Argentina 2024 jedine\u010dn\u00fdm, je detail, kter\u00fd evokuje vzpom\u00ednky na mistrovstv\u00ed sv\u011bta 2006 \u2013 na stran\u011b je panel podobn\u00fd t\u00fdmu s nebesky modr\u00fdmi a b\u00edl\u00fdmi barvami argentinsk\u00e9 vlajky. Venkovn\u00ed dres Argentina 2006 nosil Messi, kdy\u017e debutoval na MS, a dres 2024 je jasnou poctou tomuto designu.<\/p>\n<p>Tipy pro tisk: Pokud jsou jm\u00e9no a \u010d\u00edslo na obr\u00e1zku p\u0159esn\u011b takov\u00e9, jak\u00e9 chcete, nemus\u00edte je zad\u00e1vat znovu. Pokud tomu tak nen\u00ed, m\u011bli byste zadat po\u017eadovan\u00e9 jm\u00e9no a \u010d\u00edslo.<\/p>\n<p>Tipy pro pran\u00ed: Doporu\u010dujeme pr\u00e1t fotbalov\u00e1 tri\u010dka v ruce. Pokud chcete pou\u017e\u00edt pra\u010dku, nezapome\u0148te fotbalov\u00e1 tri\u010dka obr\u00e1tit naruby a pot\u00e9 je vyprat. Pra\u010dku napl\u0148te studenou vodou a pou\u017eijte jemn\u00fd cyklus, abyste l\u00e9pe ochr\u00e1nili barvy.<\/p>","protected":false},"excerpt":{"rendered":"<p>G\u00fcnstige Fu\u00dfballtrikots Herren Argentinien Ausw\u00e4rtstrikot 2024-25 Online Kaufen.Das Argentinien 2024 Ausw\u00e4rtstrikot kombiniert eine k\u00f6nigsblaue Grundfarbe mit den Farben der argentinischen Flagge, Wei\u00df und Himmelblau. Die Three Stripes sind wahrscheinlich hellblau, das AFA-Wappen ist himmelblau und wei\u00df.Die blaue Farbe des Argentinien 2024-Ausw\u00e4rtstrikots \u00e4hnelt der Farbe der argentinischen Ausw\u00e4rtstrikots bis Ende der 90er Jahre, bevor Marineblau die [&hellip;]<\/p>","protected":false},"featured_media":18410,"comment_status":"open","ping_status":"closed","template":"","meta":[],"product_brand":[],"product_cat":[325],"product_tag":[1186,1119,20,21,22,24],"class_list":{"0":"post-18365","1":"product","2":"type-product","3":"status-publish","4":"has-post-thumbnail","6":"product_cat-argentinien-trikots","7":"product_tag-argentinien-2024-25-trikots","8":"product_tag-argentinien-fussballtrikots","9":"product_tag-coole-fussballtrikots","10":"product_tag-fussballtrikot-fuer-herren","11":"product_tag-fussballtrikot-guenstig-kaufen","12":"product_tag-guenstiges-fussballtrikot","14":"first","15":"instock","16":"shipping-taxable","17":"purchasable","18":"product-type-variable"},"_links":{"self":[{"href":"https:\/\/www.billigtrikotde.com\/cs\/wp-json\/wp\/v2\/product\/18365","targetHints":{"allow":["GET"]}}],"collection":[{"href":"https:\/\/www.billigtrikotde.com\/cs\/wp-json\/wp\/v2\/product"}],"about":[{"href":"https:\/\/www.billigtrikotde.com\/cs\/wp-json\/wp\/v2\/types\/product"}],"replies":[{"embeddable":true,"href":"https:\/\/www.billigtrikotde.com\/cs\/wp-json\/wp\/v2\/comments?post=18365"}],"wp:featuredmedia":[{"embeddable":true,"href":"https:\/\/www.billigtrikotde.com\/cs\/wp-json\/wp\/v2\/media\/18410"}],"wp:attachment":[{"href":"https:\/\/www.billigtrikotde.com\/cs\/wp-json\/wp\/v2\/media?parent=18365"}],"wp:term":[{"taxonomy":"product_brand","embeddable":true,"href":"https:\/\/www.billigtrikotde.com\/cs\/wp-json\/wp\/v2\/product_brand?post=18365"},{"taxonomy":"product_cat","embeddable":true,"href":"https:\/\/www.billigtrikotde.com\/cs\/wp-json\/wp\/v2\/product_cat?post=18365"},{"taxonomy":"product_tag","embeddable":true,"href":"https:\/\/www.billigtrikotde.com\/cs\/wp-json\/wp\/v2\/product_tag?post=18365"}],"curies":[{"name":"wp","href":"https:\/\/api.w.org\/{rel}","templated":true}]}}