{"id":18331,"date":"2024-10-24T10:28:15","date_gmt":"2024-10-24T08:28:15","guid":{"rendered":"http:\/\/billigtrikots.com\/?post_type=product&#038;p=18331"},"modified":"2024-10-24T10:30:52","modified_gmt":"2024-10-24T08:30:52","slug":"billige-fussballtrikots-bayer-04-leverkusen-auswaertstrikot-2023-24-kurzarm","status":"publish","type":"product","link":"https:\/\/www.billigtrikotde.com\/cs\/billige-fussballtrikots-bayer-04-leverkusen-auswaertstrikot-2023-24-kurzarm\/","title":{"rendered":"Levn\u00e9 fotbalov\u00e9 dresy Bayer 04 Leverkusen Away Shirt 2023-24 s kr\u00e1tk\u00fdm ruk\u00e1vem"},"content":{"rendered":"<p>Levn\u00e9 fotbalov\u00e9 dresy Bayer 04 Leverkusen Away Shirt 2023-24 s kr\u00e1tk\u00fdm ruk\u00e1vem<\/p>","protected":false},"excerpt":{"rendered":"<p>Levn\u00e9 fotbalov\u00e9 dresy Bayer 04 Leverkusen Away Shirt 2023-24 s kr\u00e1tk\u00fdm ruk\u00e1vem<\/p>","protected":false},"featured_media":18373,"comment_status":"open","ping_status":"closed","template":"","meta":[],"product_brand":[],"product_cat":[15],"product_tag":[1182,1183,20,21,22,23,24],"class_list":{"0":"post-18331","1":"product","2":"type-product","3":"status-publish","4":"has-post-thumbnail","6":"product_cat-unkategorisiert","7":"product_tag-bayer-04-leverkusen-fussballtrikots","8":"product_tag-bayer-04-leverkusen-kinder","9":"product_tag-coole-fussballtrikots","10":"product_tag-fussballtrikot-fuer-herren","11":"product_tag-fussballtrikot-guenstig-kaufen","12":"product_tag-fussballtrikot-kurzarm","13":"product_tag-guenstiges-fussballtrikot","15":"first","16":"instock","17":"shipping-taxable","18":"purchasable","19":"product-type-variable"},"_links":{"self":[{"href":"https:\/\/www.billigtrikotde.com\/cs\/wp-json\/wp\/v2\/product\/18331","targetHints":{"allow":["GET"]}}],"collection":[{"href":"https:\/\/www.billigtrikotde.com\/cs\/wp-json\/wp\/v2\/product"}],"about":[{"href":"https:\/\/www.billigtrikotde.com\/cs\/wp-json\/wp\/v2\/types\/product"}],"replies":[{"embeddable":true,"href":"https:\/\/www.billigtrikotde.com\/cs\/wp-json\/wp\/v2\/comments?post=18331"}],"wp:featuredmedia":[{"embeddable":true,"href":"https:\/\/www.billigtrikotde.com\/cs\/wp-json\/wp\/v2\/media\/18373"}],"wp:attachment":[{"href":"https:\/\/www.billigtrikotde.com\/cs\/wp-json\/wp\/v2\/media?parent=18331"}],"wp:term":[{"taxonomy":"product_brand","embeddable":true,"href":"https:\/\/www.billigtrikotde.com\/cs\/wp-json\/wp\/v2\/product_brand?post=18331"},{"taxonomy":"product_cat","embeddable":true,"href":"https:\/\/www.billigtrikotde.com\/cs\/wp-json\/wp\/v2\/product_cat?post=18331"},{"taxonomy":"product_tag","embeddable":true,"href":"https:\/\/www.billigtrikotde.com\/cs\/wp-json\/wp\/v2\/product_tag?post=18331"}],"curies":[{"name":"wp","href":"https:\/\/api.w.org\/{rel}","templated":true}]}}