{"id":18300,"date":"2024-10-24T10:26:35","date_gmt":"2024-10-24T08:26:35","guid":{"rendered":"http:\/\/billigtrikots.com\/?post_type=product&#038;p=18300"},"modified":"2024-10-24T10:29:17","modified_gmt":"2024-10-24T08:29:17","slug":"mexiko-heimtrikot-copa-america-2024-kurzarm-fuer-herren","status":"publish","type":"product","link":"https:\/\/www.billigtrikotde.com\/cs\/mexiko-heimtrikot-copa-america-2024-kurzarm-fuer-herren\/","title":{"rendered":"Dom\u00e1c\u00ed tri\u010dko Mexiko Copa Am\u00e9rica 2024 s kr\u00e1tk\u00fdm ruk\u00e1vem pro mu\u017ee"},"content":{"rendered":"<p>M\u00edsto obvykl\u00e9 zelen\u00e9 barvy posledn\u00edch let kombinuje dres Mexiko 2024 hn\u011bdou z\u00e1kladn\u00ed barvu s \u0161edou pro loga. To v\u0161ak nen\u00ed nov\u00e1 barva pro mexickou n\u00e1rodn\u00ed reprezentaci. Celoplo\u0161n\u00fd vzor z pe\u0159\u00ed p\u00e1v\u016f dod\u00e1v\u00e1 dresu Mexiko 2024 jedine\u010dn\u00fd vzhled. Je inspirov\u00e1n mexicko-may\u00e1nsk\u00fdm m\u00fdtem o p\u00e1vovi, aby vzdali hold tomuto n\u00e1dhern\u00e9mu pt\u00e1kovi.<\/p>","protected":false},"excerpt":{"rendered":"<p>M\u00edsto obvykl\u00e9 zelen\u00e9 barvy posledn\u00edch let kombinuje dres Mexiko 2024 hn\u011bdou z\u00e1kladn\u00ed barvu s \u0161edou pro loga. To v\u0161ak nen\u00ed nov\u00e1 barva pro mexickou n\u00e1rodn\u00ed reprezentaci. Celoplo\u0161n\u00fd vzor z pe\u0159\u00ed p\u00e1v\u016f dod\u00e1v\u00e1 dresu Mexiko 2024 jedine\u010dn\u00fd vzhled. Je inspirov\u00e1n mexicko-may\u00e1nsk\u00fdm m\u00fdtem o p\u00e1vovi, aby vzdali hold tomuto n\u00e1dhern\u00e9mu pt\u00e1kovi.<\/p>","protected":false},"featured_media":18347,"comment_status":"open","ping_status":"closed","template":"","meta":[],"product_brand":[],"product_cat":[251],"product_tag":[20,21,22,24,1165,1166,1167,1168],"class_list":{"0":"post-18300","1":"product","2":"type-product","3":"status-publish","4":"has-post-thumbnail","6":"product_cat-mexiko-trikots","7":"product_tag-coole-fussballtrikots","8":"product_tag-fussballtrikot-fuer-herren","9":"product_tag-fussballtrikot-guenstig-kaufen","10":"product_tag-guenstiges-fussballtrikot","11":"product_tag-mexiko-auswaerts-2024","12":"product_tag-mexiko-copa-america-2024","13":"product_tag-mexiko-fussballtrikots","14":"product_tag-mexiko-heim-2024","16":"first","17":"instock","18":"shipping-taxable","19":"purchasable","20":"product-type-variable"},"_links":{"self":[{"href":"https:\/\/www.billigtrikotde.com\/cs\/wp-json\/wp\/v2\/product\/18300","targetHints":{"allow":["GET"]}}],"collection":[{"href":"https:\/\/www.billigtrikotde.com\/cs\/wp-json\/wp\/v2\/product"}],"about":[{"href":"https:\/\/www.billigtrikotde.com\/cs\/wp-json\/wp\/v2\/types\/product"}],"replies":[{"embeddable":true,"href":"https:\/\/www.billigtrikotde.com\/cs\/wp-json\/wp\/v2\/comments?post=18300"}],"wp:featuredmedia":[{"embeddable":true,"href":"https:\/\/www.billigtrikotde.com\/cs\/wp-json\/wp\/v2\/media\/18347"}],"wp:attachment":[{"href":"https:\/\/www.billigtrikotde.com\/cs\/wp-json\/wp\/v2\/media?parent=18300"}],"wp:term":[{"taxonomy":"product_brand","embeddable":true,"href":"https:\/\/www.billigtrikotde.com\/cs\/wp-json\/wp\/v2\/product_brand?post=18300"},{"taxonomy":"product_cat","embeddable":true,"href":"https:\/\/www.billigtrikotde.com\/cs\/wp-json\/wp\/v2\/product_cat?post=18300"},{"taxonomy":"product_tag","embeddable":true,"href":"https:\/\/www.billigtrikotde.com\/cs\/wp-json\/wp\/v2\/product_tag?post=18300"}],"curies":[{"name":"wp","href":"https:\/\/api.w.org\/{rel}","templated":true}]}}