{"id":18295,"date":"2024-10-24T10:26:05","date_gmt":"2024-10-24T08:26:05","guid":{"rendered":"http:\/\/billigtrikots.com\/?post_type=product&#038;p=18295"},"modified":"2024-10-24T10:29:16","modified_gmt":"2024-10-24T08:29:16","slug":"mexiko-auswaertstrikot-copa-america-2024-kurzarm-fuer-herren","status":"publish","type":"product","link":"https:\/\/www.billigtrikotde.com\/cs\/mexiko-auswaertstrikot-copa-america-2024-kurzarm-fuer-herren\/","title":{"rendered":"Mexick\u00fd dres Copa Am\u00e9rica 2024 s kr\u00e1tk\u00fdm ruk\u00e1vem pro mu\u017ee"},"content":{"rendered":"<p>Mexiko 2024 venkovn\u00ed dres se nech\u00e1v\u00e1 inspirovat bohat\u00fdm kulturn\u00edm d\u011bdictv\u00edm Mexika a budoucnost\u00ed zem\u011b. V\u00fdsledkem je poutav\u00e9 spojen\u00ed tradice a moderny. Mexiko 2024 venkovn\u00ed dres m\u00e1 sv\u011btle zeleno\u2011\u0161ed\u00fd z\u00e1kladn\u00ed odst\u00edn, ktor\u00fd je dopln\u011bn t\u0159emi fluoreskuj\u00edc\u00edmi pruhy, \u010d\u00edm\u017e vznik\u00e1 dynamick\u00e9 a n\u00e1padn\u00e9 proveden\u00ed barev.<br \/>\nZvl\u00e1\u0161tnost\u00ed mexick\u00e9ho venkovn\u00edho dresu 2024 je jedine\u010dn\u00fd azt\u00e9ck\u00fd vzor, kter\u00fd se t\u00e1hne cel\u00fdm designem. Propleten\u00fd vzor je inspirov\u00e1n star\u00fdmi civilizacemi azt\u00e9k\u016f a maysk\u00e9, a je poctou kulturn\u00edm ko\u0159en\u016fm Mexika, kter\u00e9 z\u00e1rove\u0148 maj\u00ed modern\u00ed n\u00e1dech. Z pohledu \u0161ablony Mexiko pou\u017e\u00edv\u00e1 stejn\u00fd model jako Argentina, N\u011bmecko a v\u0161echny ostatn\u00ed Adidas n\u00e1rodn\u00ed t\u00fdmy. Nejv\u00fdrazn\u011bj\u0161\u00edm rysem jsou kontrastn\u00ed panely.<\/p>","protected":false},"excerpt":{"rendered":"<p>Das Mexiko 2024 Ausw\u00e4rtstrikot l\u00e4sst sich von Mexikos reichem kulturellen Erbe und der Zukunft des Landes inspirieren. Das Ergebnis ist eine faszinierende Verschmelzung von Tradition und Moderne.Das Mexiko 2024 Ausw\u00e4rtstrikot hat eine hellgr\u00fcn-graue Grundfarbe, die mit drei fluoreszierenden Streifen kombiniert wird, wodurch eine dynamische und auff\u00e4llige Farbgebung entsteht. Das Besondere an Mexikos Ausw\u00e4rtstrikot 2024 ist [&hellip;]<\/p>","protected":false},"featured_media":18339,"comment_status":"open","ping_status":"closed","template":"","meta":[],"product_brand":[],"product_cat":[251],"product_tag":[20,21,22,24,1165,1166,1167,1168],"class_list":{"0":"post-18295","1":"product","2":"type-product","3":"status-publish","4":"has-post-thumbnail","6":"product_cat-mexiko-trikots","7":"product_tag-coole-fussballtrikots","8":"product_tag-fussballtrikot-fuer-herren","9":"product_tag-fussballtrikot-guenstig-kaufen","10":"product_tag-guenstiges-fussballtrikot","11":"product_tag-mexiko-auswaerts-2024","12":"product_tag-mexiko-copa-america-2024","13":"product_tag-mexiko-fussballtrikots","14":"product_tag-mexiko-heim-2024","16":"first","17":"instock","18":"shipping-taxable","19":"purchasable","20":"product-type-variable"},"_links":{"self":[{"href":"https:\/\/www.billigtrikotde.com\/cs\/wp-json\/wp\/v2\/product\/18295","targetHints":{"allow":["GET"]}}],"collection":[{"href":"https:\/\/www.billigtrikotde.com\/cs\/wp-json\/wp\/v2\/product"}],"about":[{"href":"https:\/\/www.billigtrikotde.com\/cs\/wp-json\/wp\/v2\/types\/product"}],"replies":[{"embeddable":true,"href":"https:\/\/www.billigtrikotde.com\/cs\/wp-json\/wp\/v2\/comments?post=18295"}],"wp:featuredmedia":[{"embeddable":true,"href":"https:\/\/www.billigtrikotde.com\/cs\/wp-json\/wp\/v2\/media\/18339"}],"wp:attachment":[{"href":"https:\/\/www.billigtrikotde.com\/cs\/wp-json\/wp\/v2\/media?parent=18295"}],"wp:term":[{"taxonomy":"product_brand","embeddable":true,"href":"https:\/\/www.billigtrikotde.com\/cs\/wp-json\/wp\/v2\/product_brand?post=18295"},{"taxonomy":"product_cat","embeddable":true,"href":"https:\/\/www.billigtrikotde.com\/cs\/wp-json\/wp\/v2\/product_cat?post=18295"},{"taxonomy":"product_tag","embeddable":true,"href":"https:\/\/www.billigtrikotde.com\/cs\/wp-json\/wp\/v2\/product_tag?post=18295"}],"curies":[{"name":"wp","href":"https:\/\/api.w.org\/{rel}","templated":true}]}}