{"id":18291,"date":"2024-10-24T10:26:01","date_gmt":"2024-10-24T08:26:01","guid":{"rendered":"http:\/\/billigtrikots.com\/?post_type=product&#038;p=18291"},"modified":"2024-10-24T10:28:41","modified_gmt":"2024-10-24T08:28:41","slug":"herren-kolumbien-heimtrikot-copa-america-2024-mit-namen-luis-diaz-7","status":"publish","type":"product","link":"https:\/\/www.billigtrikotde.com\/cs\/herren-kolumbien-heimtrikot-copa-america-2024-mit-namen-luis-diaz-7\/","title":{"rendered":"P\u00e1nsk\u00e9 dom\u00e1c\u00ed tri\u010dko Kolumbie Copa Am\u00e9rica 2024 se jm\u00e9nem Luis D\u00edaz 7"},"content":{"rendered":"<p>Fotbalov\u00e9 tri\u010dko Colombia 2024 Copa America m\u00e1 z\u00e1\u0159iv\u00fd design. Kombinuje \u017elut\u00fd z\u00e1klad s modr\u00fdmi logy a \u010derven\u00fdmi aplikacemi, a to, co d\u011bl\u00e1 dres Colombia 2024 tak v\u00fdjime\u010dn\u00fdm, je panel, kter\u00fd se t\u00e1hne od bok\u016f k z\u00e1d\u016fm. P\u0159ich\u00e1z\u00ed se sv\u011b\u017e\u00edm designem v oran\u017eov\u00e9 barv\u011b.<\/p>","protected":false},"excerpt":{"rendered":"<p>Fotbalov\u00e9 tri\u010dko Colombia 2024 Copa America m\u00e1 z\u00e1\u0159iv\u00fd design. Kombinuje \u017elut\u00fd z\u00e1klad s modr\u00fdmi logy a \u010derven\u00fdmi aplikacemi, a to, co d\u011bl\u00e1 dres Colombia 2024 tak v\u00fdjime\u010dn\u00fdm, je panel, kter\u00fd se t\u00e1hne od bok\u016f k z\u00e1d\u016fm. P\u0159ich\u00e1z\u00ed se sv\u011b\u017e\u00edm designem v oran\u017eov\u00e9 barv\u011b.<\/p>","protected":false},"featured_media":18336,"comment_status":"open","ping_status":"closed","template":"","meta":[],"product_brand":[],"product_cat":[1158],"product_tag":[20,21,22,24,1159,1160,1161,1162,1163,1164],"class_list":{"0":"post-18291","1":"product","2":"type-product","3":"status-publish","4":"has-post-thumbnail","6":"product_cat-kolumbien-trikots","7":"product_tag-coole-fussballtrikots","8":"product_tag-fussballtrikot-fuer-herren","9":"product_tag-fussballtrikot-guenstig-kaufen","10":"product_tag-guenstiges-fussballtrikot","11":"product_tag-kolumbien-auswaerts-2024","12":"product_tag-kolumbien-copa-america-2024","13":"product_tag-kolumbien-fussballtrikots","14":"product_tag-kolumbien-heim-2024","15":"product_tag-luis-diaz-copa-america-2024","16":"product_tag-luis-diaz-fussballtrikots","18":"first","19":"instock","20":"shipping-taxable","21":"purchasable","22":"product-type-variable"},"_links":{"self":[{"href":"https:\/\/www.billigtrikotde.com\/cs\/wp-json\/wp\/v2\/product\/18291","targetHints":{"allow":["GET"]}}],"collection":[{"href":"https:\/\/www.billigtrikotde.com\/cs\/wp-json\/wp\/v2\/product"}],"about":[{"href":"https:\/\/www.billigtrikotde.com\/cs\/wp-json\/wp\/v2\/types\/product"}],"replies":[{"embeddable":true,"href":"https:\/\/www.billigtrikotde.com\/cs\/wp-json\/wp\/v2\/comments?post=18291"}],"wp:featuredmedia":[{"embeddable":true,"href":"https:\/\/www.billigtrikotde.com\/cs\/wp-json\/wp\/v2\/media\/18336"}],"wp:attachment":[{"href":"https:\/\/www.billigtrikotde.com\/cs\/wp-json\/wp\/v2\/media?parent=18291"}],"wp:term":[{"taxonomy":"product_brand","embeddable":true,"href":"https:\/\/www.billigtrikotde.com\/cs\/wp-json\/wp\/v2\/product_brand?post=18291"},{"taxonomy":"product_cat","embeddable":true,"href":"https:\/\/www.billigtrikotde.com\/cs\/wp-json\/wp\/v2\/product_cat?post=18291"},{"taxonomy":"product_tag","embeddable":true,"href":"https:\/\/www.billigtrikotde.com\/cs\/wp-json\/wp\/v2\/product_tag?post=18291"}],"curies":[{"name":"wp","href":"https:\/\/api.w.org\/{rel}","templated":true}]}}