{"id":18280,"date":"2024-10-24T10:25:28","date_gmt":"2024-10-24T08:25:28","guid":{"rendered":"http:\/\/billigtrikots.com\/?post_type=product&#038;p=18280"},"modified":"2024-10-24T10:28:09","modified_gmt":"2024-10-24T08:28:09","slug":"herren-argentinien-auswaertstrikot-copa-america-2024-online-kaufen","status":"publish","type":"product","link":"https:\/\/www.billigtrikotde.com\/cs\/herren-argentinien-auswaertstrikot-copa-america-2024-online-kaufen\/","title":{"rendered":"P\u00e1nsk\u00fd dres Argentina Away Copa Am\u00e9rica 2024 Koupit online"},"content":{"rendered":"<p>V\u00fdjezdn\u00ed souprava Argentina 2024 kombinuje kr\u00e1lovskou modrou z\u00e1kladn\u00ed barvu s barvami argentinsk\u00e9 vlajky, b\u00edlou a blankytn\u011b modrou.T\u0159i pruhy budou pravd\u011bpodobn\u011b sv\u011btle modr\u00e9, zat\u00edmco znak AFA je blankytn\u011b modr\u00fd a b\u00edl\u00fd.Modr\u00e1 barva v\u00fdjezdn\u00ed soupravy Argentina 2024 je podobn\u00e1 barv\u011b, kterou m\u011bla argentinsk\u00e1 v\u00fdjezdn\u00ed souprava a\u017e do konce 90. let 20. stolet\u00ed, ne\u017e se stala b\u011b\u017enou volbou n\u00e1mo\u0159nick\u00e1 mod\u0159. Svazov\u00fd odznak bude dvoubarevn\u00fd v blankytn\u011b modr\u00e9 a b\u00edl\u00e9 barv\u011b. to, co d\u011bl\u00e1 v\u00fdjezdn\u00ed soupravu Argentina 2024 jedine\u010dnou, je detail, kter\u00fd vyvol\u00e1v\u00e1 vzpom\u00ednky na mistrovstv\u00ed sv\u011bta 2006 - na boku je panel p\u0159ipom\u00ednaj\u00edc\u00ed t\u00fdmov\u00e9ho ducha s blankytn\u011b modrou a b\u00edlou barvou argentinsk\u00e9 vlajky.<\/p>","protected":false},"excerpt":{"rendered":"<p>Das Argentinien 2024 Ausw\u00e4rtstrikot kombiniert eine k\u00f6nigsblaue Grundfarbe mit den Farben der argentinischen Flagge, Wei\u00df und Himmelblau.Die Three Stripes sind wahrscheinlich hellblau, das AFA-Wappen ist himmelblau und wei\u00df.Die blaue Farbe des Argentinien 2024-Ausw\u00e4rtstrikots \u00e4hnelt der Farbe der argentinischen Ausw\u00e4rtstrikots bis Ende der 90er Jahre, bevor Marineblau die regul\u00e4re Wahl wurde. Das Verbandsabzeichen wird zweifarbig in [&hellip;]<\/p>","protected":false},"featured_media":18325,"comment_status":"open","ping_status":"closed","template":"","meta":[],"product_brand":[],"product_cat":[325],"product_tag":[1118,1119,20,21,22,24],"class_list":{"0":"post-18280","1":"product","2":"type-product","3":"status-publish","4":"has-post-thumbnail","6":"product_cat-argentinien-trikots","7":"product_tag-argentinien-copa-america-2024","8":"product_tag-argentinien-fussballtrikots","9":"product_tag-coole-fussballtrikots","10":"product_tag-fussballtrikot-fuer-herren","11":"product_tag-fussballtrikot-guenstig-kaufen","12":"product_tag-guenstiges-fussballtrikot","14":"first","15":"instock","16":"shipping-taxable","17":"purchasable","18":"product-type-variable"},"_links":{"self":[{"href":"https:\/\/www.billigtrikotde.com\/cs\/wp-json\/wp\/v2\/product\/18280","targetHints":{"allow":["GET"]}}],"collection":[{"href":"https:\/\/www.billigtrikotde.com\/cs\/wp-json\/wp\/v2\/product"}],"about":[{"href":"https:\/\/www.billigtrikotde.com\/cs\/wp-json\/wp\/v2\/types\/product"}],"replies":[{"embeddable":true,"href":"https:\/\/www.billigtrikotde.com\/cs\/wp-json\/wp\/v2\/comments?post=18280"}],"wp:featuredmedia":[{"embeddable":true,"href":"https:\/\/www.billigtrikotde.com\/cs\/wp-json\/wp\/v2\/media\/18325"}],"wp:attachment":[{"href":"https:\/\/www.billigtrikotde.com\/cs\/wp-json\/wp\/v2\/media?parent=18280"}],"wp:term":[{"taxonomy":"product_brand","embeddable":true,"href":"https:\/\/www.billigtrikotde.com\/cs\/wp-json\/wp\/v2\/product_brand?post=18280"},{"taxonomy":"product_cat","embeddable":true,"href":"https:\/\/www.billigtrikotde.com\/cs\/wp-json\/wp\/v2\/product_cat?post=18280"},{"taxonomy":"product_tag","embeddable":true,"href":"https:\/\/www.billigtrikotde.com\/cs\/wp-json\/wp\/v2\/product_tag?post=18280"}],"curies":[{"name":"wp","href":"https:\/\/api.w.org\/{rel}","templated":true}]}}