{"id":18236,"date":"2024-10-24T10:23:12","date_gmt":"2024-10-24T08:23:12","guid":{"rendered":"http:\/\/billigtrikots.com\/?post_type=product&#038;p=18236"},"modified":"2024-10-24T10:26:27","modified_gmt":"2024-10-24T08:26:27","slug":"billige-argentinien-heimtrikot-copa-america-2024-mit-aufdruck-di-maria-11","status":"publish","type":"product","link":"https:\/\/www.billigtrikotde.com\/cs\/billige-argentinien-heimtrikot-copa-america-2024-mit-aufdruck-di-maria-11\/","title":{"rendered":"Levn\u00fd dom\u00e1c\u00ed dres Argentiny Copa Am\u00e9rica 2024 s potiskem Di Mar\u00eda 11"},"content":{"rendered":"<p>Dres Argentina 2024 m\u00e1 tradi\u010dn\u00ed b\u00edl\u00e9 a blankytn\u011b modr\u00e9 pruhy v kombinaci se zlat\u00fdmi logy, n\u00e1\u0161ivkami a zlat\u00fdmi n\u00e1pisy.Argentina vyhr\u00e1la Copa Am\u00e9rica 2021 i mistrovstv\u00ed sv\u011bta 2022, tak\u017ee zlat\u00e9 prvky jsou vhodnou poctou.Pruhy na dresu Argentina 2024 jsou klasick\u00e9, s modr\u00fdm pruhem uprost\u0159ed a b\u00edl\u00fdmi pruhy s logem AFA.Argentina pou\u017e\u00edv\u00e1 m\u00edrn\u011b aktualizovan\u00e9 logo se t\u0159emi hv\u011bzdami, p\u0159i\u010dem\u017e t\u0159et\u00ed hv\u011bzda je o n\u011bco v\u00fd\u0161e ne\u017e na prvn\u00edch dvou mistrovstv\u00edch sv\u011bta.<\/p>","protected":false},"excerpt":{"rendered":"<p>Das Argentinien 2024 Trikot zeigt die traditionellen wei\u00dfen und himmelblauen Streifen des Landes, kombiniert mit goldenen Logos, Applikationen und einer goldenen Schrift.Argentinien hat sowohl die Copa Am\u00e9rica 2021 als auch die Weltmeisterschaft 2022 gewonnen, daher sind die goldenen Elemente eine passende Hommage.Die Streifen des Argentinien-Trikots 2024 sind klassisch, mit einem blauen Streifen in der Mitte [&hellip;]<\/p>","protected":false},"featured_media":18289,"comment_status":"open","ping_status":"closed","template":"","meta":[],"product_brand":[],"product_cat":[325],"product_tag":[1124,1125,1126,1127,1128,1118,1119,20,21,22,24],"class_list":{"0":"post-18236","1":"product","2":"type-product","3":"status-publish","4":"has-post-thumbnail","6":"product_cat-argentinien-trikots","7":"product_tag-angel-di-maria-auswaerts-2024","8":"product_tag-angel-di-maria-copa-america-2024","9":"product_tag-angel-di-maria-fussballtrikots","10":"product_tag-angel-di-maria-heim-2024","11":"product_tag-angel-di-maria-kinder","12":"product_tag-argentinien-copa-america-2024","13":"product_tag-argentinien-fussballtrikots","14":"product_tag-coole-fussballtrikots","15":"product_tag-fussballtrikot-fuer-herren","16":"product_tag-fussballtrikot-guenstig-kaufen","17":"product_tag-guenstiges-fussballtrikot","19":"first","20":"instock","21":"shipping-taxable","22":"purchasable","23":"product-type-variable"},"_links":{"self":[{"href":"https:\/\/www.billigtrikotde.com\/cs\/wp-json\/wp\/v2\/product\/18236","targetHints":{"allow":["GET"]}}],"collection":[{"href":"https:\/\/www.billigtrikotde.com\/cs\/wp-json\/wp\/v2\/product"}],"about":[{"href":"https:\/\/www.billigtrikotde.com\/cs\/wp-json\/wp\/v2\/types\/product"}],"replies":[{"embeddable":true,"href":"https:\/\/www.billigtrikotde.com\/cs\/wp-json\/wp\/v2\/comments?post=18236"}],"wp:featuredmedia":[{"embeddable":true,"href":"https:\/\/www.billigtrikotde.com\/cs\/wp-json\/wp\/v2\/media\/18289"}],"wp:attachment":[{"href":"https:\/\/www.billigtrikotde.com\/cs\/wp-json\/wp\/v2\/media?parent=18236"}],"wp:term":[{"taxonomy":"product_brand","embeddable":true,"href":"https:\/\/www.billigtrikotde.com\/cs\/wp-json\/wp\/v2\/product_brand?post=18236"},{"taxonomy":"product_cat","embeddable":true,"href":"https:\/\/www.billigtrikotde.com\/cs\/wp-json\/wp\/v2\/product_cat?post=18236"},{"taxonomy":"product_tag","embeddable":true,"href":"https:\/\/www.billigtrikotde.com\/cs\/wp-json\/wp\/v2\/product_tag?post=18236"}],"curies":[{"name":"wp","href":"https:\/\/api.w.org\/{rel}","templated":true}]}}