{"id":182,"date":"2024-10-23T12:08:32","date_gmt":"2024-10-23T10:08:32","guid":{"rendered":"http:\/\/billigtrikots.com\/?post_type=product&#038;p=182"},"modified":"2024-10-23T12:10:34","modified_gmt":"2024-10-23T10:10:34","slug":"herren-fc-barcelona-2021-22-heimtrikot-blau-rot-mit-aufdruck-f-de-jong-21","status":"publish","type":"product","link":"https:\/\/www.billigtrikotde.com\/cs\/herren-fc-barcelona-2021-22-heimtrikot-blau-rot-mit-aufdruck-f-de-jong-21\/","title":{"rendered":"P\u00e1nsk\u00e9 dom\u00e1c\u00ed tri\u010dko FC Barcelona 2021\/22 modr\u00e9\/\u010derven\u00e9 s potiskem F.DE JONG 21"},"content":{"rendered":"<p>Podpo\u0159te sv\u016fj klub v sez\u00f3n\u011b 2021\/2022 a uka\u017ete svou hrdost v ofici\u00e1ln\u00edm replica dom\u00e1c\u00edm dresu FC Barcelona. Autentick\u00fd design dom\u00e1c\u00edho dresu pro mu\u017ee je zalo\u017een na z\u00e1pasov\u00fdch dresech profesion\u00e1l\u016f. Funk\u010dn\u00ed materi\u00e1l recyklovan\u00fd na 100 % s technologi\u00ed Nike Dri-FIT je obzvl\u00e1\u0161\u0165 prody\u0161n\u00fd a zaji\u0161\u0165uje chladiv\u00fd pocit p\u0159i no\u0161en\u00ed. Autentick\u00e9 t\u00fdmov\u00e9 detaily, jako je klubov\u00e1 zna\u010dka na hrudi, potvrzuj\u00ed va\u0161e nad\u0161en\u00ed pro Barcu, a\u0165 u\u017e na h\u0159i\u0161ti nebo na ulici.<\/p>\n<p>Tipy pro tisk: Pokud jsou jm\u00e9no a \u010d\u00edslo na obr\u00e1zku p\u0159esn\u011b takov\u00e9, jak\u00e9 chcete, nemus\u00edte je zad\u00e1vat znovu. Pokud tomu tak nen\u00ed, m\u011bli byste zadat po\u017eadovan\u00e9 jm\u00e9no a \u010d\u00edslo.<\/p>\n<p>Tipy pro pran\u00ed: Doporu\u010dujeme pr\u00e1t fotbalov\u00e1 tri\u010dka v ruce. Pokud chcete pou\u017e\u00edt pra\u010dku, nezapome\u0148te fotbalov\u00e1 tri\u010dka obr\u00e1tit naruby a pot\u00e9 je vyprat. Pra\u010dku napl\u0148te studenou vodou a pou\u017eijte jemn\u00fd cyklus, abyste l\u00e9pe ochr\u00e1nili barvy.<\/p>","protected":false},"excerpt":{"rendered":"<p>Unterst\u00fctze deinen Verein in der Saison 2021\/2022 und zeige deinen Stolz im offiziellen FC Barcelona Replica Heimtrikot. Das authentische Design des Home Jerseys f\u00fcr Herren basiert auf den Spieltrikots der Profis. Das zu 100 % recycelte Funktionsmaterial mit Nike Dri-FIT-Technologie ist besonders atmungsaktiv und sorgt f\u00fcr ein k\u00fchles Tragegef\u00fchl. Authentische Teamdetails wie das Vereinswappen auf [&hellip;]<\/p>","protected":false},"featured_media":224,"comment_status":"open","ping_status":"closed","template":"","meta":[],"product_brand":[],"product_cat":[31],"product_tag":[32,20,33,21,22,23,24],"class_list":{"0":"post-182","1":"product","2":"type-product","3":"status-publish","4":"has-post-thumbnail","6":"product_cat-fc-barcelona","7":"product_tag-barcelona-heimtrikot","8":"product_tag-coole-fussballtrikots","9":"product_tag-fc-barcelona-trikots","10":"product_tag-fussballtrikot-fuer-herren","11":"product_tag-fussballtrikot-guenstig-kaufen","12":"product_tag-fussballtrikot-kurzarm","13":"product_tag-guenstiges-fussballtrikot","15":"first","16":"instock","17":"shipping-taxable","18":"purchasable","19":"product-type-variable"},"_links":{"self":[{"href":"https:\/\/www.billigtrikotde.com\/cs\/wp-json\/wp\/v2\/product\/182","targetHints":{"allow":["GET"]}}],"collection":[{"href":"https:\/\/www.billigtrikotde.com\/cs\/wp-json\/wp\/v2\/product"}],"about":[{"href":"https:\/\/www.billigtrikotde.com\/cs\/wp-json\/wp\/v2\/types\/product"}],"replies":[{"embeddable":true,"href":"https:\/\/www.billigtrikotde.com\/cs\/wp-json\/wp\/v2\/comments?post=182"}],"wp:featuredmedia":[{"embeddable":true,"href":"https:\/\/www.billigtrikotde.com\/cs\/wp-json\/wp\/v2\/media\/224"}],"wp:attachment":[{"href":"https:\/\/www.billigtrikotde.com\/cs\/wp-json\/wp\/v2\/media?parent=182"}],"wp:term":[{"taxonomy":"product_brand","embeddable":true,"href":"https:\/\/www.billigtrikotde.com\/cs\/wp-json\/wp\/v2\/product_brand?post=182"},{"taxonomy":"product_cat","embeddable":true,"href":"https:\/\/www.billigtrikotde.com\/cs\/wp-json\/wp\/v2\/product_cat?post=182"},{"taxonomy":"product_tag","embeddable":true,"href":"https:\/\/www.billigtrikotde.com\/cs\/wp-json\/wp\/v2\/product_tag?post=182"}],"curies":[{"name":"wp","href":"https:\/\/api.w.org\/{rel}","templated":true}]}}