{"id":18153,"date":"2024-10-24T10:19:08","date_gmt":"2024-10-24T08:19:08","guid":{"rendered":"http:\/\/billigtrikots.com\/?post_type=product&#038;p=18153"},"modified":"2024-10-24T10:22:25","modified_gmt":"2024-10-24T08:22:25","slug":"niederlande-euro-2024-auswaertstrikot-em-24-25-fuer-herren","status":"publish","type":"product","link":"https:\/\/www.billigtrikotde.com\/cs\/niederlande-euro-2024-auswaertstrikot-em-24-25-fuer-herren\/","title":{"rendered":"Nizozem\u00ed Euro 2024 sada EM 24-25 pro mu\u017ee"},"content":{"rendered":"<p>V\u00fdjezdn\u00ed souprava Nizozemska 2024 je p\u0159ev\u00e1\u017en\u011b tmav\u011b modr\u00e1 (\"Blue Void\"), vedlej\u0161\u00ed barvy jsou oran\u017eov\u00e1, tyrkysov\u00e1 a b\u00edl\u00e1. To je podobn\u00e1 barevn\u00e1 paleta jako u dom\u00e1c\u00edho dresu Nizozemska, ale samoz\u0159ejm\u011b v jin\u00e9m po\u0159ad\u00ed, a venkovn\u00ed dres Nizozemska pro Euro 2024 vynik\u00e1 designem. Na p\u0159edn\u00ed stran\u011b, z\u00e1dech a ruk\u00e1vech m\u00e1 oran\u017eov\u00fd a modr\u00fd vzor.<\/p>","protected":false},"excerpt":{"rendered":"<p>V\u00fdjezdn\u00ed souprava Nizozemska 2024 je p\u0159ev\u00e1\u017en\u011b tmav\u011b modr\u00e1 (\"Blue Void\"), vedlej\u0161\u00ed barvy jsou oran\u017eov\u00e1, tyrkysov\u00e1 a b\u00edl\u00e1. To je podobn\u00e1 barevn\u00e1 paleta jako u dom\u00e1c\u00edho dresu Nizozemska, ale samoz\u0159ejm\u011b v jin\u00e9m po\u0159ad\u00ed, a venkovn\u00ed dres Nizozemska pro Euro 2024 vynik\u00e1 designem. Na p\u0159edn\u00ed stran\u011b, z\u00e1dech a ruk\u00e1vech m\u00e1 oran\u017eov\u00fd a modr\u00fd vzor.<\/p>","protected":false},"featured_media":18205,"comment_status":"open","ping_status":"closed","template":"","meta":[],"product_brand":[],"product_cat":[1102,1072],"product_tag":[20,1076,1077,21,22,23,24,1103],"class_list":{"0":"post-18153","1":"product","2":"type-product","3":"status-publish","4":"has-post-thumbnail","6":"product_cat-em-2024-niederlande","7":"product_cat-em-2024-trikots","8":"product_tag-coole-fussballtrikots","9":"product_tag-em-2024-trikot","10":"product_tag-em-2024-trikot-herren","11":"product_tag-fussballtrikot-fuer-herren","12":"product_tag-fussballtrikot-guenstig-kaufen","13":"product_tag-fussballtrikot-kurzarm","14":"product_tag-guenstiges-fussballtrikot","15":"product_tag-niederlande-trikot-em-2024","17":"first","18":"instock","19":"shipping-taxable","20":"purchasable","21":"product-type-variable"},"_links":{"self":[{"href":"https:\/\/www.billigtrikotde.com\/cs\/wp-json\/wp\/v2\/product\/18153","targetHints":{"allow":["GET"]}}],"collection":[{"href":"https:\/\/www.billigtrikotde.com\/cs\/wp-json\/wp\/v2\/product"}],"about":[{"href":"https:\/\/www.billigtrikotde.com\/cs\/wp-json\/wp\/v2\/types\/product"}],"replies":[{"embeddable":true,"href":"https:\/\/www.billigtrikotde.com\/cs\/wp-json\/wp\/v2\/comments?post=18153"}],"wp:featuredmedia":[{"embeddable":true,"href":"https:\/\/www.billigtrikotde.com\/cs\/wp-json\/wp\/v2\/media\/18205"}],"wp:attachment":[{"href":"https:\/\/www.billigtrikotde.com\/cs\/wp-json\/wp\/v2\/media?parent=18153"}],"wp:term":[{"taxonomy":"product_brand","embeddable":true,"href":"https:\/\/www.billigtrikotde.com\/cs\/wp-json\/wp\/v2\/product_brand?post=18153"},{"taxonomy":"product_cat","embeddable":true,"href":"https:\/\/www.billigtrikotde.com\/cs\/wp-json\/wp\/v2\/product_cat?post=18153"},{"taxonomy":"product_tag","embeddable":true,"href":"https:\/\/www.billigtrikotde.com\/cs\/wp-json\/wp\/v2\/product_tag?post=18153"}],"curies":[{"name":"wp","href":"https:\/\/api.w.org\/{rel}","templated":true}]}}