{"id":18141,"date":"2024-10-24T10:18:33","date_gmt":"2024-10-24T08:18:33","guid":{"rendered":"http:\/\/billigtrikots.com\/?post_type=product&#038;p=18141"},"modified":"2024-10-24T10:21:49","modified_gmt":"2024-10-24T08:21:49","slug":"billige-kroatien-euro-2024-heimtrikot-em-24-25-kurzarm","status":"publish","type":"product","link":"https:\/\/www.billigtrikotde.com\/cs\/billige-kroatien-euro-2024-heimtrikot-em-24-25-kurzarm\/","title":{"rendered":"Levn\u00e9 Chorvatsko EURO 2024 dom\u00e1c\u00ed dres EM 24-25 kr\u00e1tk\u00fd ruk\u00e1v"},"content":{"rendered":"<p>Dres Croatia Euro 2024 m\u00e1 zn\u00e1m\u00e9 kostky t\u00e9to zem\u011b, ale v obrovsk\u00e9 velikosti, kter\u00e1 zcela m\u011bn\u00ed vzhled.Dres Croatia 2024 m\u00e1 dv\u011b polovi\u010dn\u00ed a dv\u011b pln\u00e9 \u010derven\u00e9 kostky a dv\u011b polovi\u010dn\u00ed a dv\u011b pln\u00e9 b\u00edl\u00e9 kostky.<\/p>","protected":false},"excerpt":{"rendered":"<p>Dres Croatia Euro 2024 m\u00e1 zn\u00e1m\u00e9 kostky t\u00e9to zem\u011b, ale v obrovsk\u00e9 velikosti, kter\u00e1 zcela m\u011bn\u00ed vzhled.Dres Croatia 2024 m\u00e1 dv\u011b polovi\u010dn\u00ed a dv\u011b pln\u00e9 \u010derven\u00e9 kostky a dv\u011b polovi\u010dn\u00ed a dv\u011b pln\u00e9 b\u00edl\u00e9 kostky.<\/p>","protected":false},"featured_media":18193,"comment_status":"open","ping_status":"closed","template":"","meta":[],"product_brand":[],"product_cat":[1100,1072],"product_tag":[20,1076,1077,21,22,23,24,1101],"class_list":{"0":"post-18141","1":"product","2":"type-product","3":"status-publish","4":"has-post-thumbnail","6":"product_cat-em-2024-kroatien","7":"product_cat-em-2024-trikots","8":"product_tag-coole-fussballtrikots","9":"product_tag-em-2024-trikot","10":"product_tag-em-2024-trikot-herren","11":"product_tag-fussballtrikot-fuer-herren","12":"product_tag-fussballtrikot-guenstig-kaufen","13":"product_tag-fussballtrikot-kurzarm","14":"product_tag-guenstiges-fussballtrikot","15":"product_tag-kroatien-trikot-em-2024","17":"first","18":"instock","19":"shipping-taxable","20":"purchasable","21":"product-type-variable"},"_links":{"self":[{"href":"https:\/\/www.billigtrikotde.com\/cs\/wp-json\/wp\/v2\/product\/18141","targetHints":{"allow":["GET"]}}],"collection":[{"href":"https:\/\/www.billigtrikotde.com\/cs\/wp-json\/wp\/v2\/product"}],"about":[{"href":"https:\/\/www.billigtrikotde.com\/cs\/wp-json\/wp\/v2\/types\/product"}],"replies":[{"embeddable":true,"href":"https:\/\/www.billigtrikotde.com\/cs\/wp-json\/wp\/v2\/comments?post=18141"}],"wp:featuredmedia":[{"embeddable":true,"href":"https:\/\/www.billigtrikotde.com\/cs\/wp-json\/wp\/v2\/media\/18193"}],"wp:attachment":[{"href":"https:\/\/www.billigtrikotde.com\/cs\/wp-json\/wp\/v2\/media?parent=18141"}],"wp:term":[{"taxonomy":"product_brand","embeddable":true,"href":"https:\/\/www.billigtrikotde.com\/cs\/wp-json\/wp\/v2\/product_brand?post=18141"},{"taxonomy":"product_cat","embeddable":true,"href":"https:\/\/www.billigtrikotde.com\/cs\/wp-json\/wp\/v2\/product_cat?post=18141"},{"taxonomy":"product_tag","embeddable":true,"href":"https:\/\/www.billigtrikotde.com\/cs\/wp-json\/wp\/v2\/product_tag?post=18141"}],"curies":[{"name":"wp","href":"https:\/\/api.w.org\/{rel}","templated":true}]}}