{"id":18137,"date":"2024-10-24T10:18:29","date_gmt":"2024-10-24T08:18:29","guid":{"rendered":"http:\/\/billigtrikots.com\/?post_type=product&#038;p=18137"},"modified":"2024-10-24T10:21:16","modified_gmt":"2024-10-24T08:21:16","slug":"herren-frankreich-euro-2024-heimtrikot-em-24-25-blau-kurzarm","status":"publish","type":"product","link":"https:\/\/www.billigtrikotde.com\/cs\/herren-frankreich-euro-2024-heimtrikot-em-24-25-blau-kurzarm\/","title":{"rendered":"P\u00e1nsk\u00fd dom\u00e1c\u00ed dres Francie EURO 2024 EM 24-25 modr\u00fd s kr\u00e1tk\u00fdm ruk\u00e1vem"},"content":{"rendered":"<p>Triko Francie 2024 m\u00e1 klasick\u00fd, ale stylov\u00fd design. Je to p\u0159ev\u00e1\u017en\u011b v barv\u011b \u201eBright Blue\u201c a odchyluje se t\u00edm od n\u00e1mo\u0159n\u011b modr\u00e9 barvy z roku 2022. Kombinov\u00e1no s touto modrou odst\u00ednem jsou \u201eUniversity Red\u201c a b\u00edl\u00e1. Nejpozoruhodn\u011bj\u0161\u00edm prvkem tri\u010dka Francie 2024 je pravd\u011bpodobn\u011b erb. Po dosavadn\u00edm monochromatick\u00e9m p\u0159\u00edstupu v\u0161ech dosavadn\u00edch dres\u016f Francie zav\u00e1d\u00ed Swoosh nov\u00e9 klasick\u00e9 barevn\u00e9 sch\u00e9ma slavn\u00e9ho loga FFF.<\/p>","protected":false},"excerpt":{"rendered":"<p>Das Frankreich 2024 Trikot hat ein klassisches, aber stilvolles Design. Es ist haupts\u00e4chlich in \u201eBright Blue\u201c gehalten und weicht damit vom Marineblau des Jahres 2022 ab. Kombiniert mit diesem Blauton sind \u201eUniversity Red\u201c und Wei\u00df.Das Bemerkenswerteste am Trikot Frankreich 2024 ist wahrscheinlich das Wappen. Nach dem monochromen Ansatz aller bisherigen Frankreich-Trikots f\u00fchrt der Swoosh ein [&hellip;]<\/p>","protected":false},"featured_media":18189,"comment_status":"open","ping_status":"closed","template":"","meta":[],"product_brand":[],"product_cat":[1098,1072],"product_tag":[20,1076,1077,1099,21,22,23,24],"class_list":{"0":"post-18137","1":"product","2":"type-product","3":"status-publish","4":"has-post-thumbnail","6":"product_cat-em-2024-frankreich","7":"product_cat-em-2024-trikots","8":"product_tag-coole-fussballtrikots","9":"product_tag-em-2024-trikot","10":"product_tag-em-2024-trikot-herren","11":"product_tag-frankreich-trikot-em-2024","12":"product_tag-fussballtrikot-fuer-herren","13":"product_tag-fussballtrikot-guenstig-kaufen","14":"product_tag-fussballtrikot-kurzarm","15":"product_tag-guenstiges-fussballtrikot","17":"first","18":"instock","19":"shipping-taxable","20":"purchasable","21":"product-type-variable"},"_links":{"self":[{"href":"https:\/\/www.billigtrikotde.com\/cs\/wp-json\/wp\/v2\/product\/18137","targetHints":{"allow":["GET"]}}],"collection":[{"href":"https:\/\/www.billigtrikotde.com\/cs\/wp-json\/wp\/v2\/product"}],"about":[{"href":"https:\/\/www.billigtrikotde.com\/cs\/wp-json\/wp\/v2\/types\/product"}],"replies":[{"embeddable":true,"href":"https:\/\/www.billigtrikotde.com\/cs\/wp-json\/wp\/v2\/comments?post=18137"}],"wp:featuredmedia":[{"embeddable":true,"href":"https:\/\/www.billigtrikotde.com\/cs\/wp-json\/wp\/v2\/media\/18189"}],"wp:attachment":[{"href":"https:\/\/www.billigtrikotde.com\/cs\/wp-json\/wp\/v2\/media?parent=18137"}],"wp:term":[{"taxonomy":"product_brand","embeddable":true,"href":"https:\/\/www.billigtrikotde.com\/cs\/wp-json\/wp\/v2\/product_brand?post=18137"},{"taxonomy":"product_cat","embeddable":true,"href":"https:\/\/www.billigtrikotde.com\/cs\/wp-json\/wp\/v2\/product_cat?post=18137"},{"taxonomy":"product_tag","embeddable":true,"href":"https:\/\/www.billigtrikotde.com\/cs\/wp-json\/wp\/v2\/product_tag?post=18137"}],"curies":[{"name":"wp","href":"https:\/\/api.w.org\/{rel}","templated":true}]}}