{"id":18128,"date":"2024-10-24T10:17:57","date_gmt":"2024-10-24T08:17:57","guid":{"rendered":"http:\/\/billigtrikots.com\/?post_type=product&#038;p=18128"},"modified":"2024-10-24T10:20:41","modified_gmt":"2024-10-24T08:20:41","slug":"herren-frankreich-euro-2024-auswaertstrikot-em-24-25-kurzarm","status":"publish","type":"product","link":"https:\/\/www.billigtrikotde.com\/cs\/herren-frankreich-euro-2024-auswaertstrikot-em-24-25-kurzarm\/","title":{"rendered":"P\u00e1nsk\u00fd dres France EURO 2024 Away Jersey EM 24-25 s kr\u00e1tk\u00fdm ruk\u00e1vem"},"content":{"rendered":"<p>V\u00fdjezdn\u00ed dres Francie pro Euro 2024 kombinuje b\u00edlou z\u00e1kladn\u00ed barvu s kr\u00e1lovskou mod\u0159\u00ed. Nejv\u00fdrazn\u011bj\u0161\u00edm prvkem je pruhovan\u00fd vzor - p\u0159ech\u00e1z\u00ed z modr\u00e9 (prav\u00e1 strana) do \u010derven\u00e9 (lev\u00e1 strana) a venkovn\u00ed dres France Euro 2024 m\u00e1 modr\u00fd l\u00edmec a modr\u00e9 man\u017eety.<\/p>\n<p>Dom\u00e1c\u00ed i venkovn\u00ed dresy pro mistrovstv\u00ed Evropy 2024 budou m\u00edt nov\u00fd barevn\u00fd znak v obrovsk\u00e9m form\u00e1tu, kter\u00fd je v\u011bt\u0161\u00ed ne\u017e na p\u0159edchoz\u00edch dresech Francie. Plocha znaku Francie v\u0161ak bude i nad\u00e1le odpov\u00eddat pravidl\u016fm FIFA pro dresy.<\/p>","protected":false},"excerpt":{"rendered":"<p>Das Frankreich Euro 2024 Ausw\u00e4rtstrikot kombiniert eine wei\u00dfe Grundfarbe mit einem K\u00f6nigsblau. Am auff\u00e4lligsten ist das Nadelstreifendesign \u2013 es geht von Blau (rechte Seite) zu Rot (linke Seite).Das Frankreich Euro 2024 Ausw\u00e4rtstrikot hat einen blauen Kragen und blaue \u00c4rmelb\u00fcndchen. Sowohl das Heim- als auch das Ausw\u00e4rtstrikot der Frankreich-EM 2024 werden ein neues farbiges Wappen in [&hellip;]<\/p>","protected":false},"featured_media":18179,"comment_status":"open","ping_status":"closed","template":"","meta":[],"product_brand":[],"product_cat":[1098,1072],"product_tag":[20,1076,1077,1099,21,22,23,24],"class_list":{"0":"post-18128","1":"product","2":"type-product","3":"status-publish","4":"has-post-thumbnail","6":"product_cat-em-2024-frankreich","7":"product_cat-em-2024-trikots","8":"product_tag-coole-fussballtrikots","9":"product_tag-em-2024-trikot","10":"product_tag-em-2024-trikot-herren","11":"product_tag-frankreich-trikot-em-2024","12":"product_tag-fussballtrikot-fuer-herren","13":"product_tag-fussballtrikot-guenstig-kaufen","14":"product_tag-fussballtrikot-kurzarm","15":"product_tag-guenstiges-fussballtrikot","17":"first","18":"instock","19":"shipping-taxable","20":"purchasable","21":"product-type-variable"},"_links":{"self":[{"href":"https:\/\/www.billigtrikotde.com\/cs\/wp-json\/wp\/v2\/product\/18128","targetHints":{"allow":["GET"]}}],"collection":[{"href":"https:\/\/www.billigtrikotde.com\/cs\/wp-json\/wp\/v2\/product"}],"about":[{"href":"https:\/\/www.billigtrikotde.com\/cs\/wp-json\/wp\/v2\/types\/product"}],"replies":[{"embeddable":true,"href":"https:\/\/www.billigtrikotde.com\/cs\/wp-json\/wp\/v2\/comments?post=18128"}],"wp:featuredmedia":[{"embeddable":true,"href":"https:\/\/www.billigtrikotde.com\/cs\/wp-json\/wp\/v2\/media\/18179"}],"wp:attachment":[{"href":"https:\/\/www.billigtrikotde.com\/cs\/wp-json\/wp\/v2\/media?parent=18128"}],"wp:term":[{"taxonomy":"product_brand","embeddable":true,"href":"https:\/\/www.billigtrikotde.com\/cs\/wp-json\/wp\/v2\/product_brand?post=18128"},{"taxonomy":"product_cat","embeddable":true,"href":"https:\/\/www.billigtrikotde.com\/cs\/wp-json\/wp\/v2\/product_cat?post=18128"},{"taxonomy":"product_tag","embeddable":true,"href":"https:\/\/www.billigtrikotde.com\/cs\/wp-json\/wp\/v2\/product_tag?post=18128"}],"curies":[{"name":"wp","href":"https:\/\/api.w.org\/{rel}","templated":true}]}}