{"id":18054,"date":"2024-10-24T10:13:56","date_gmt":"2024-10-24T08:13:56","guid":{"rendered":"http:\/\/billigtrikots.com\/?post_type=product&#038;p=18054"},"modified":"2024-10-24T10:16:42","modified_gmt":"2024-10-24T08:16:42","slug":"damen-belgien-euro-2024-heimtrikot-em-24-25-kurzarm","status":"publish","type":"product","link":"https:\/\/www.billigtrikotde.com\/cs\/damen-belgien-euro-2024-heimtrikot-em-24-25-kurzarm\/","title":{"rendered":"D\u00e1msk\u00fd dom\u00e1c\u00ed dres Belgie EURO 2024 EM 24-25 s kr\u00e1tk\u00fdm ruk\u00e1vem"},"content":{"rendered":"<p>Nov\u00fd dres Belgie pro Euro 2024 je velkou zm\u011bnou oproti p\u0159edchoz\u00edm dom\u00e1c\u00edm dres\u016fm t\u00fdmu. M\u00edsto jasn\u011b \u010derven\u00e9 barvy je dres Belgie 2024 p\u0159ev\u00e1\u017en\u011b v\u00ednov\u011b \u010derven\u00fd.<\/p>","protected":false},"excerpt":{"rendered":"<p>Nov\u00fd dres Belgie pro Euro 2024 je velkou zm\u011bnou oproti p\u0159edchoz\u00edm dom\u00e1c\u00edm dres\u016fm t\u00fdmu. M\u00edsto jasn\u011b \u010derven\u00e9 barvy je dres Belgie 2024 p\u0159ev\u00e1\u017en\u011b v\u00ednov\u011b \u010derven\u00fd.<\/p>","protected":false},"featured_media":18092,"comment_status":"open","ping_status":"closed","template":"","meta":[],"product_brand":[],"product_cat":[1083,1072],"product_tag":[1084,20,1076,1077,21,22,23,24],"class_list":{"0":"post-18054","1":"product","2":"type-product","3":"status-publish","4":"has-post-thumbnail","6":"product_cat-em-2024-belgien","7":"product_cat-em-2024-trikots","8":"product_tag-belgien-trikot-em-2024","9":"product_tag-coole-fussballtrikots","10":"product_tag-em-2024-trikot","11":"product_tag-em-2024-trikot-herren","12":"product_tag-fussballtrikot-fuer-herren","13":"product_tag-fussballtrikot-guenstig-kaufen","14":"product_tag-fussballtrikot-kurzarm","15":"product_tag-guenstiges-fussballtrikot","17":"first","18":"instock","19":"shipping-taxable","20":"purchasable","21":"product-type-variable"},"_links":{"self":[{"href":"https:\/\/www.billigtrikotde.com\/cs\/wp-json\/wp\/v2\/product\/18054","targetHints":{"allow":["GET"]}}],"collection":[{"href":"https:\/\/www.billigtrikotde.com\/cs\/wp-json\/wp\/v2\/product"}],"about":[{"href":"https:\/\/www.billigtrikotde.com\/cs\/wp-json\/wp\/v2\/types\/product"}],"replies":[{"embeddable":true,"href":"https:\/\/www.billigtrikotde.com\/cs\/wp-json\/wp\/v2\/comments?post=18054"}],"wp:featuredmedia":[{"embeddable":true,"href":"https:\/\/www.billigtrikotde.com\/cs\/wp-json\/wp\/v2\/media\/18092"}],"wp:attachment":[{"href":"https:\/\/www.billigtrikotde.com\/cs\/wp-json\/wp\/v2\/media?parent=18054"}],"wp:term":[{"taxonomy":"product_brand","embeddable":true,"href":"https:\/\/www.billigtrikotde.com\/cs\/wp-json\/wp\/v2\/product_brand?post=18054"},{"taxonomy":"product_cat","embeddable":true,"href":"https:\/\/www.billigtrikotde.com\/cs\/wp-json\/wp\/v2\/product_cat?post=18054"},{"taxonomy":"product_tag","embeddable":true,"href":"https:\/\/www.billigtrikotde.com\/cs\/wp-json\/wp\/v2\/product_tag?post=18054"}],"curies":[{"name":"wp","href":"https:\/\/api.w.org\/{rel}","templated":true}]}}