{"id":17968,"date":"2024-10-24T10:09:44","date_gmt":"2024-10-24T08:09:44","guid":{"rendered":"http:\/\/billigtrikots.com\/?post_type=product&#038;p=17968"},"modified":"2024-10-24T10:12:06","modified_gmt":"2024-10-24T08:12:06","slug":"fussball-trikot-spanien-euro-2024-heimtrikot-em-24-rot-mit-aufdruck-pedri-26","status":"publish","type":"product","link":"https:\/\/www.billigtrikotde.com\/cs\/fussball-trikot-spanien-euro-2024-heimtrikot-em-24-rot-mit-aufdruck-pedri-26\/","title":{"rendered":"Fotbalov\u00e9 tri\u010dko \u0160pan\u011blsko Euro 2024 Home Shirt EM 24 Red with print Pedri 26"},"content":{"rendered":"<p>Dres \u0160pan\u011blska 2024 m\u00e1 poutav\u00fd vzhled, kter\u00fd d\u00e1v\u00e1 vyniknout \u0161ablon\u011b 2024. Kombinace syt\u011b \u010derven\u00e9 barvy se syt\u011b \u017elutou pro v\u0161echna loga a n\u00e1\u0161ivky je velmi decentn\u00ed, ale dres \u0160pan\u011blsko 2024 m\u00e1 v designu zakomponovan\u00fd vzor vlny\/p\u00edsku.<\/p>\n<p>Tipy pro tisk: Pokud jsou jm\u00e9no a \u010d\u00edslo na obr\u00e1zku p\u0159esn\u011b takov\u00e9, jak\u00e9 chcete, nemus\u00edte je zad\u00e1vat znovu. Pokud tomu tak nen\u00ed, m\u011bli byste zadat po\u017eadovan\u00e9 jm\u00e9no a \u010d\u00edslo.<\/p>\n<p>Tipy pro pran\u00ed: Doporu\u010dujeme pr\u00e1t fotbalov\u00e1 tri\u010dka v ruce. Pokud chcete pou\u017e\u00edt pra\u010dku, nezapome\u0148te fotbalov\u00e1 tri\u010dka obr\u00e1tit naruby a pot\u00e9 je vyprat. Pra\u010dku napl\u0148te studenou vodou a pou\u017eijte jemn\u00fd cyklus, abyste l\u00e9pe ochr\u00e1nili barvy.<\/p>","protected":false},"excerpt":{"rendered":"<p>Triko \u0160pan\u011blsko 2024 m\u00e1 v\u00fdrazn\u00fd vzhled, kter\u00fd zvy\u0161uje v\u00fdraznost \u0161ablony 2024. Kombinuje syt\u011b \u010dervenou barvu s syt\u00fdm \u017elut\u00fdm pro v\u0161echny loga a aplikace. Je velmi decentn\u00ed, ale triko 2024 \u0160pan\u011blsko m\u00e1 v designu vlnen\u00fd\/sandov\u00fd vzor. Tipy pro tisk: Kdy\u017e je jm\u00e9no a \u010d\u00edslo [\u2026]<\/p>","protected":false},"featured_media":18004,"comment_status":"open","ping_status":"closed","template":"","meta":[],"product_brand":[],"product_cat":[1079,1072],"product_tag":[20,1076,1077,22,426,24,1080],"class_list":{"0":"post-17968","1":"product","2":"type-product","3":"status-publish","4":"has-post-thumbnail","6":"product_cat-em-2024-spanien","7":"product_cat-em-2024-trikots","8":"product_tag-coole-fussballtrikots","9":"product_tag-em-2024-trikot","10":"product_tag-em-2024-trikot-herren","11":"product_tag-fussballtrikot-guenstig-kaufen","12":"product_tag-fussballtrikots-kurzarm","13":"product_tag-guenstiges-fussballtrikot","14":"product_tag-spanien-trikot-em-2024","16":"first","17":"instock","18":"shipping-taxable","19":"purchasable","20":"product-type-variable"},"_links":{"self":[{"href":"https:\/\/www.billigtrikotde.com\/cs\/wp-json\/wp\/v2\/product\/17968","targetHints":{"allow":["GET"]}}],"collection":[{"href":"https:\/\/www.billigtrikotde.com\/cs\/wp-json\/wp\/v2\/product"}],"about":[{"href":"https:\/\/www.billigtrikotde.com\/cs\/wp-json\/wp\/v2\/types\/product"}],"replies":[{"embeddable":true,"href":"https:\/\/www.billigtrikotde.com\/cs\/wp-json\/wp\/v2\/comments?post=17968"}],"wp:featuredmedia":[{"embeddable":true,"href":"https:\/\/www.billigtrikotde.com\/cs\/wp-json\/wp\/v2\/media\/18004"}],"wp:attachment":[{"href":"https:\/\/www.billigtrikotde.com\/cs\/wp-json\/wp\/v2\/media?parent=17968"}],"wp:term":[{"taxonomy":"product_brand","embeddable":true,"href":"https:\/\/www.billigtrikotde.com\/cs\/wp-json\/wp\/v2\/product_brand?post=17968"},{"taxonomy":"product_cat","embeddable":true,"href":"https:\/\/www.billigtrikotde.com\/cs\/wp-json\/wp\/v2\/product_cat?post=17968"},{"taxonomy":"product_tag","embeddable":true,"href":"https:\/\/www.billigtrikotde.com\/cs\/wp-json\/wp\/v2\/product_tag?post=17968"}],"curies":[{"name":"wp","href":"https:\/\/api.w.org\/{rel}","templated":true}]}}