{"id":17940,"date":"2024-10-24T10:08:06","date_gmt":"2024-10-24T08:08:06","guid":{"rendered":"http:\/\/billigtrikots.com\/?post_type=product&#038;p=17940"},"modified":"2024-10-24T10:10:54","modified_gmt":"2024-10-24T08:10:54","slug":"spanien-trikot-euro-2024-auswaertstrikot-em-24-hellgelben-fuer-herren-rodri-hernandez-16","status":"publish","type":"product","link":"https:\/\/www.billigtrikotde.com\/cs\/spanien-trikot-euro-2024-auswaertstrikot-em-24-hellgelben-fuer-herren-rodri-hernandez-16\/","title":{"rendered":"\u0160pan\u011blsko Euro 2024 sada EM 24 light yellow pro mu\u017ee Rodri Hernandez 16"},"content":{"rendered":"<p>Dres venkovn\u00edho z\u00e1pasu \u0160pan\u011blsko 2024 m\u00e1 sv\u011b\u017e\u00ed a n\u00e1paditou barevnou kombinaci. Je p\u0159edev\u0161\u00edm sv\u011btle neonov\u011b \u017elut\u00fd, mo\u017en\u00e1 inspirovan\u00fd p\u00edskov\u00fdmi dunami zem\u011b. Ofici\u00e1ln\u00ed n\u00e1zev barvy tohoto dresu je \u201ePulse Yellow\u201c. Jedine\u010dn\u00fdm rysem dresu venkovn\u00edho z\u00e1pasu \u0160pan\u011blsko Euro 2024 jsou panely \u2013 sv\u011btle modr\u00e9 panely jsou opat\u0159eny grafikou p\u00edse\u010dn\u00fdch dun.<\/p>\n<p>Tipy pro tisk: Pokud jsou jm\u00e9no a \u010d\u00edslo na obr\u00e1zku p\u0159esn\u011b takov\u00e9, jak\u00e9 chcete, nemus\u00edte je zad\u00e1vat znovu. Pokud tomu tak nen\u00ed, m\u011bli byste zadat po\u017eadovan\u00e9 jm\u00e9no a \u010d\u00edslo.<\/p>\n<p>Tipy pro pran\u00ed: Doporu\u010dujeme pr\u00e1t fotbalov\u00e1 tri\u010dka v ruce. Pokud chcete pou\u017e\u00edt pra\u010dku, nezapome\u0148te fotbalov\u00e1 tri\u010dka obr\u00e1tit naruby a pot\u00e9 je vyprat. Pra\u010dku napl\u0148te studenou vodou a pou\u017eijte jemn\u00fd cyklus, abyste l\u00e9pe ochr\u00e1nili barvy.<\/p>","protected":false},"excerpt":{"rendered":"<p>Dres venkovn\u00edho z\u00e1pasu \u0160pan\u011blsko 2024 m\u00e1 sv\u011b\u017e\u00ed a n\u00e1paditou barevnou kombinaci. Je p\u0159edev\u0161\u00edm sv\u011btle neonov\u011b \u017elut\u00fd, mo\u017en\u00e1 inspirovan\u00fd p\u00edskov\u00fdmi dunami zem\u011b. Ofici\u00e1ln\u00ed n\u00e1zev barvy tohoto dresu je \u201ePulse Yellow\u201c. Jedine\u010dn\u00fdm rysem dresu venkovn\u00edho z\u00e1pasu \u0160pan\u011blsko Euro 2024 jsou panely \u2013 sv\u011btle modr\u00e9 panely jsou opat\u0159eny grafikou p\u00edse\u010dn\u00fdch dun.<\/p>","protected":false},"featured_media":17979,"comment_status":"open","ping_status":"closed","template":"","meta":[],"product_brand":[],"product_cat":[1079,1072],"product_tag":[20,1076,1077,22,426,24,1080],"class_list":{"0":"post-17940","1":"product","2":"type-product","3":"status-publish","4":"has-post-thumbnail","6":"product_cat-em-2024-spanien","7":"product_cat-em-2024-trikots","8":"product_tag-coole-fussballtrikots","9":"product_tag-em-2024-trikot","10":"product_tag-em-2024-trikot-herren","11":"product_tag-fussballtrikot-guenstig-kaufen","12":"product_tag-fussballtrikots-kurzarm","13":"product_tag-guenstiges-fussballtrikot","14":"product_tag-spanien-trikot-em-2024","16":"first","17":"instock","18":"shipping-taxable","19":"purchasable","20":"product-type-variable"},"_links":{"self":[{"href":"https:\/\/www.billigtrikotde.com\/cs\/wp-json\/wp\/v2\/product\/17940","targetHints":{"allow":["GET"]}}],"collection":[{"href":"https:\/\/www.billigtrikotde.com\/cs\/wp-json\/wp\/v2\/product"}],"about":[{"href":"https:\/\/www.billigtrikotde.com\/cs\/wp-json\/wp\/v2\/types\/product"}],"replies":[{"embeddable":true,"href":"https:\/\/www.billigtrikotde.com\/cs\/wp-json\/wp\/v2\/comments?post=17940"}],"wp:featuredmedia":[{"embeddable":true,"href":"https:\/\/www.billigtrikotde.com\/cs\/wp-json\/wp\/v2\/media\/17979"}],"wp:attachment":[{"href":"https:\/\/www.billigtrikotde.com\/cs\/wp-json\/wp\/v2\/media?parent=17940"}],"wp:term":[{"taxonomy":"product_brand","embeddable":true,"href":"https:\/\/www.billigtrikotde.com\/cs\/wp-json\/wp\/v2\/product_brand?post=17940"},{"taxonomy":"product_cat","embeddable":true,"href":"https:\/\/www.billigtrikotde.com\/cs\/wp-json\/wp\/v2\/product_cat?post=17940"},{"taxonomy":"product_tag","embeddable":true,"href":"https:\/\/www.billigtrikotde.com\/cs\/wp-json\/wp\/v2\/product_tag?post=17940"}],"curies":[{"name":"wp","href":"https:\/\/api.w.org\/{rel}","templated":true}]}}