{"id":17914,"date":"2024-10-24T10:06:50","date_gmt":"2024-10-24T08:06:50","guid":{"rendered":"http:\/\/billigtrikots.com\/?post_type=product&#038;p=17914"},"modified":"2024-10-24T10:09:04","modified_gmt":"2024-10-24T08:09:04","slug":"deutschland-trikot-kinder-dfb-em-2024-heimtrikot-euro-24-weiss-shirt-set-antonio-rudiger-2","status":"publish","type":"product","link":"https:\/\/www.billigtrikotde.com\/cs\/deutschland-trikot-kinder-dfb-em-2024-heimtrikot-euro-24-weiss-shirt-set-antonio-rudiger-2\/","title":{"rendered":"N\u011bmecko Ko\u0161ile Kids DFB EM 2024 Dom\u00e1c\u00ed ko\u0161ile Euro 24 b\u00edl\u00e1 Ko\u0161ile Set Antonio Rudiger 2"},"content":{"rendered":"<p>Prvn\u00ed \u00faniky dres\u016f ukazuj\u00ed dres N\u011bmecka pro Euro 2024 op\u011bt v tradi\u010dn\u00edch barv\u00e1ch b\u00edl\u00e9 a \u010dern\u00e9, s b\u00edl\u00fdmi tren\u00fdrkami a pono\u017ekami. Pro dresy N\u011bmecka jsou v\u017edy vytvo\u0159eny unik\u00e1tn\u00ed vzory, tentokr\u00e1t inspirovan\u00e9 dresy DFB z mistrovstv\u00ed sv\u011bta 1994 s diamanty v \u010dern\u00e9, \u010derven\u00e9 a zlat\u00e9 barv\u011b, a dom\u00e1c\u00ed dresy N\u011bmecko Euro 2024 p\u0159ich\u00e1zej\u00ed s mal\u00fdm p\u011bkn\u00fdm skryt\u00fdm detailem. Na vnit\u0159n\u00ed stran\u011b l\u00edmce je motiv vlajky, kter\u00fd je vid\u011bt i na ruk\u00e1vech. dres N\u011bmecko 2024 m\u00e1 modern\u00ed a vynikaj\u00edc\u00ed design. Je samoz\u0159ejm\u011b p\u0159ev\u00e1\u017en\u011b b\u00edl\u00fd, co\u017e je je\u0161t\u011b zaj\u00edmav\u011bj\u0161\u00ed, a na ruk\u00e1vech je t\u0159\u00edbarevn\u00fd gradient n\u011bmeck\u00e9 vlajky s b\u00edl\u00fdmi t\u0159emi pruhy naho\u0159e a efektem inspirovan\u00fdm mistrovstv\u00edm sv\u011bta 1994. Na p\u0159edn\u00ed stran\u011b dom\u00e1c\u00edho dresu N\u011bmecko Euro 2024 je vzor tvo\u0159en\u00fd logem DFB. Tento vzor je rovn\u011b\u017e inspirov\u00e1n dresem z mistrovstv\u00ed sv\u011bta 1994.<\/p>\n<p>Tipy pro tisk: Pokud jsou jm\u00e9no a \u010d\u00edslo na obr\u00e1zku p\u0159esn\u011b takov\u00e9, jak\u00e9 chcete, nemus\u00edte je zad\u00e1vat znovu. Pokud tomu tak nen\u00ed, m\u011bli byste zadat po\u017eadovan\u00e9 jm\u00e9no a \u010d\u00edslo.<\/p>\n<p>Tipy pro pran\u00ed: Doporu\u010dujeme pr\u00e1t fotbalov\u00e1 tri\u010dka v ruce. Pokud chcete pou\u017e\u00edt pra\u010dku, nezapome\u0148te fotbalov\u00e1 tri\u010dka obr\u00e1tit naruby a pot\u00e9 je vyprat. Pra\u010dku napl\u0148te studenou vodou a pou\u017eijte jemn\u00fd cyklus, abyste l\u00e9pe ochr\u00e1nili barvy.<\/p>","protected":false},"excerpt":{"rendered":"<p>Die ersten Trikot Leaks zeigen das Deutschland EM Trikot 2024 wieder in traditionellen Farben Wei\u00df und Schwarz, mit wei\u00dfer Hose und Stutzen. F\u00fcr die Deutschland Trikots werden immer einzigartige Designs entworfen, dieses Mal orientiert sich man an den DFB Trikots der WM 1994 mit den Rauten in schwarz-rot-gold.Die Deutschland Euro 2024 Heimtrikots kommt mit einem [&hellip;]<\/p>","protected":false},"featured_media":17954,"comment_status":"open","ping_status":"closed","template":"","meta":[],"product_brand":[],"product_cat":[1073,1072],"product_tag":[20,1074,1075,1076,1078,22,396,24],"class_list":{"0":"post-17914","1":"product","2":"type-product","3":"status-publish","4":"has-post-thumbnail","6":"product_cat-em-2024-deutschland","7":"product_cat-em-2024-trikots","8":"product_tag-coole-fussballtrikots","9":"product_tag-deutschland-trikot-em-2024","10":"product_tag-dfb-em-trikots-2024","11":"product_tag-em-2024-trikot","12":"product_tag-em-2024-trikot-kinder","13":"product_tag-fussballtrikot-guenstig-kaufen","14":"product_tag-fussballtrikots-langarm","15":"product_tag-guenstiges-fussballtrikot","17":"first","18":"instock","19":"shipping-taxable","20":"purchasable","21":"product-type-variable"},"_links":{"self":[{"href":"https:\/\/www.billigtrikotde.com\/cs\/wp-json\/wp\/v2\/product\/17914","targetHints":{"allow":["GET"]}}],"collection":[{"href":"https:\/\/www.billigtrikotde.com\/cs\/wp-json\/wp\/v2\/product"}],"about":[{"href":"https:\/\/www.billigtrikotde.com\/cs\/wp-json\/wp\/v2\/types\/product"}],"replies":[{"embeddable":true,"href":"https:\/\/www.billigtrikotde.com\/cs\/wp-json\/wp\/v2\/comments?post=17914"}],"wp:featuredmedia":[{"embeddable":true,"href":"https:\/\/www.billigtrikotde.com\/cs\/wp-json\/wp\/v2\/media\/17954"}],"wp:attachment":[{"href":"https:\/\/www.billigtrikotde.com\/cs\/wp-json\/wp\/v2\/media?parent=17914"}],"wp:term":[{"taxonomy":"product_brand","embeddable":true,"href":"https:\/\/www.billigtrikotde.com\/cs\/wp-json\/wp\/v2\/product_brand?post=17914"},{"taxonomy":"product_cat","embeddable":true,"href":"https:\/\/www.billigtrikotde.com\/cs\/wp-json\/wp\/v2\/product_cat?post=17914"},{"taxonomy":"product_tag","embeddable":true,"href":"https:\/\/www.billigtrikotde.com\/cs\/wp-json\/wp\/v2\/product_tag?post=17914"}],"curies":[{"name":"wp","href":"https:\/\/api.w.org\/{rel}","templated":true}]}}