{"id":17877,"date":"2024-10-24T10:04:41","date_gmt":"2024-10-24T08:04:41","guid":{"rendered":"http:\/\/billigtrikots.com\/?post_type=product&#038;p=17877"},"modified":"2024-10-24T10:07:23","modified_gmt":"2024-10-24T08:07:23","slug":"herren-dfb-deutschland-em-2024-heimtrikot-euro-24-weiss-langarm-thomas-muller-13","status":"publish","type":"product","link":"https:\/\/www.billigtrikotde.com\/cs\/herren-dfb-deutschland-em-2024-heimtrikot-euro-24-weiss-langarm-thomas-muller-13\/","title":{"rendered":"P\u00e1nsk\u00fd dres DFB Germany EM 2024 Home Jersey Euro 24 white s dlouh\u00fdm ruk\u00e1vem Thomas Muller 13"},"content":{"rendered":"<p>Dom\u00e1c\u00ed dres N\u011bmecko Euro 2024 je vybaven mal\u00fdm skryt\u00fdm detailem. Na vnit\u0159n\u00ed stran\u011b l\u00edmce je motiv vlajky, kter\u00fd je vid\u011bt i na ruk\u00e1vech. dres N\u011bmecko 2024 m\u00e1 modern\u00ed a vynikaj\u00edc\u00ed design. Je samoz\u0159ejm\u011b p\u0159ev\u00e1\u017en\u011b b\u00edl\u00fd, co\u017e je je\u0161t\u011b zaj\u00edmav\u011bj\u0161\u00ed, a na ruk\u00e1vech je t\u0159\u00edbarevn\u00fd gradient n\u011bmeck\u00e9 vlajky s b\u00edl\u00fdmi t\u0159emi pruhy naho\u0159e a efektem inspirovan\u00fdm mistrovstv\u00edm sv\u011bta 1994. Na p\u0159edn\u00ed stran\u011b dom\u00e1c\u00edho dresu N\u011bmecko Euro 2024 je vzor tvo\u0159en\u00fd logem DFB. Tento vzor je rovn\u011b\u017e inspirov\u00e1n dresem z mistrovstv\u00ed sv\u011bta 1994.<\/p>\n<p>Tipy pro tisk: Pokud jsou jm\u00e9no a \u010d\u00edslo na obr\u00e1zku p\u0159esn\u011b takov\u00e9, jak\u00e9 chcete, nemus\u00edte je zad\u00e1vat znovu. Pokud tomu tak nen\u00ed, m\u011bli byste zadat po\u017eadovan\u00e9 jm\u00e9no a \u010d\u00edslo.<\/p>\n<p>Tipy pro pran\u00ed: Doporu\u010dujeme pr\u00e1t fotbalov\u00e1 tri\u010dka v ruce. Pokud chcete pou\u017e\u00edt pra\u010dku, nezapome\u0148te fotbalov\u00e1 tri\u010dka obr\u00e1tit naruby a pot\u00e9 je vyprat. Pra\u010dku napl\u0148te studenou vodou a pou\u017eijte jemn\u00fd cyklus, abyste l\u00e9pe ochr\u00e1nili barvy.<\/p>","protected":false},"excerpt":{"rendered":"<p>Die Deutschland Euro 2024 Heimtrikots kommt mit einem netten, kleinen, versteckten Detail. Auf der Innenseite des Kragens befindet sich das Flaggenmotiv, das auch auf den \u00c4rmeln zu sehen ist.Das Deutschland 2024 Trikot hat ein modernes und herausragendes Design. Es ist nat\u00fcrlich haupts\u00e4chlich wei\u00df,was noch interessanter ist.Die \u00c4rmel haben den dreifarbigen Farbverlauf der deutschen Flagge, mit [&hellip;]<\/p>","protected":false},"featured_media":17922,"comment_status":"open","ping_status":"closed","template":"","meta":[],"product_brand":[],"product_cat":[1073,1072],"product_tag":[20,1074,1075,1076,1077,21,22,396,24],"class_list":{"0":"post-17877","1":"product","2":"type-product","3":"status-publish","4":"has-post-thumbnail","6":"product_cat-em-2024-deutschland","7":"product_cat-em-2024-trikots","8":"product_tag-coole-fussballtrikots","9":"product_tag-deutschland-trikot-em-2024","10":"product_tag-dfb-em-trikots-2024","11":"product_tag-em-2024-trikot","12":"product_tag-em-2024-trikot-herren","13":"product_tag-fussballtrikot-fuer-herren","14":"product_tag-fussballtrikot-guenstig-kaufen","15":"product_tag-fussballtrikots-langarm","16":"product_tag-guenstiges-fussballtrikot","18":"first","19":"instock","20":"shipping-taxable","21":"purchasable","22":"product-type-variable"},"_links":{"self":[{"href":"https:\/\/www.billigtrikotde.com\/cs\/wp-json\/wp\/v2\/product\/17877","targetHints":{"allow":["GET"]}}],"collection":[{"href":"https:\/\/www.billigtrikotde.com\/cs\/wp-json\/wp\/v2\/product"}],"about":[{"href":"https:\/\/www.billigtrikotde.com\/cs\/wp-json\/wp\/v2\/types\/product"}],"replies":[{"embeddable":true,"href":"https:\/\/www.billigtrikotde.com\/cs\/wp-json\/wp\/v2\/comments?post=17877"}],"wp:featuredmedia":[{"embeddable":true,"href":"https:\/\/www.billigtrikotde.com\/cs\/wp-json\/wp\/v2\/media\/17922"}],"wp:attachment":[{"href":"https:\/\/www.billigtrikotde.com\/cs\/wp-json\/wp\/v2\/media?parent=17877"}],"wp:term":[{"taxonomy":"product_brand","embeddable":true,"href":"https:\/\/www.billigtrikotde.com\/cs\/wp-json\/wp\/v2\/product_brand?post=17877"},{"taxonomy":"product_cat","embeddable":true,"href":"https:\/\/www.billigtrikotde.com\/cs\/wp-json\/wp\/v2\/product_cat?post=17877"},{"taxonomy":"product_tag","embeddable":true,"href":"https:\/\/www.billigtrikotde.com\/cs\/wp-json\/wp\/v2\/product_tag?post=17877"}],"curies":[{"name":"wp","href":"https:\/\/api.w.org\/{rel}","templated":true}]}}