{"id":1771,"date":"2024-10-23T13:45:03","date_gmt":"2024-10-23T11:45:03","guid":{"rendered":"http:\/\/billigtrikots.com\/?post_type=product&#038;p=1771"},"modified":"2024-10-23T13:47:11","modified_gmt":"2024-10-23T11:47:11","slug":"borussia-dortmund-2022-heimtrikot-gelb-schwarz-langarm-kurze-hosen-hazard-10","status":"publish","type":"product","link":"https:\/\/www.billigtrikotde.com\/cs\/borussia-dortmund-2022-heimtrikot-gelb-schwarz-langarm-kurze-hosen-hazard-10\/","title":{"rendered":"Borussia Dortmund 2022 dom\u00e1c\u00ed tri\u010dko \u017eluto\u010dern\u00e9 s dlouh\u00fdm ruk\u00e1vem + \u0161ortky Hazard 10"},"content":{"rendered":"<p>Ofici\u00e1ln\u00ed logo Borussia Dortmund 09 zdob\u00ed lev\u00e9 hrudn\u00ed pole tohoto dom\u00e1c\u00edho trika s v\u00fdst\u0159ihem do V. Toto triko je pln\u011b navr\u017eeno s d\u016frazem na pohodl\u00ed p\u0159i no\u0161en\u00ed a p\u0159esv\u011bd\u010duje technologi\u00ed PUMA dryCELL, kter\u00e1 odv\u00e1d\u00ed vlhkost od tv\u00e9ho t\u011bla. Proto by ti trochu potu (nebo i hodn\u011b) nem\u011blo st\u00e1t v cest\u011b p\u0159i tv\u00e9 h\u0159e.<\/p>\n<p>Tento produkt obsahuje recyklovan\u00fd materi\u00e1l: Vyrobeno z op\u011btovn\u011b pou\u017eit\u00fdch vl\u00e1ken. Iniciativa od PUMA ke sn\u00ed\u017een\u00ed negativn\u00edho dopadu na \u017eivotn\u00ed prost\u0159ed\u00ed.<\/p>\n<p>Tipy pro tisk: Pokud jsou jm\u00e9no a \u010d\u00edslo na obr\u00e1zku p\u0159esn\u011b takov\u00e9, jak\u00e9 chcete, nemus\u00edte je zad\u00e1vat znovu. Pokud tomu tak nen\u00ed, m\u011bli byste zadat po\u017eadovan\u00e9 jm\u00e9no a \u010d\u00edslo.<\/p>\n<p>Tipy pro pran\u00ed: Doporu\u010dujeme pr\u00e1t fotbalov\u00e1 tri\u010dka v ruce. Pokud chcete pou\u017e\u00edt pra\u010dku, nezapome\u0148te fotbalov\u00e1 tri\u010dka obr\u00e1tit naruby a pot\u00e9 je vyprat. Pra\u010dku napl\u0148te studenou vodou a pou\u017eijte jemn\u00fd cyklus, abyste l\u00e9pe ochr\u00e1nili barvy.<\/p>","protected":false},"excerpt":{"rendered":"<p>Das offizielle Borussia Dortmund 09-Logo ziert die linke Brustseite dieses Heimtrikots mit V-Ausschnitt. Dieses Trikot ist ganz auf Tragekomfort ausgelegt und \u00fcberzeugt mit PUMAs dryCELL-Technologie, die Feuchtigkeit von deinem K\u00f6rper wegtransportiert. Denn ein wenig Schwei\u00df (oder auch eine Menge) sollte deinem Spiel nicht im Wege stehen. Dieses Produkt enth\u00e4lt Recyclingmaterial: Hergestellt aus wiederverwendeten Fasern. Eine [&hellip;]<\/p>","protected":false},"featured_media":1802,"comment_status":"open","ping_status":"closed","template":"","meta":[],"product_brand":[],"product_cat":[63],"product_tag":[20,65,66,38,21,22,24],"class_list":{"0":"post-1771","1":"product","2":"type-product","3":"status-publish","4":"has-post-thumbnail","6":"product_cat-borussia-dortmund","7":"product_tag-coole-fussballtrikots","8":"product_tag-borussia-dortmund-trikots","9":"product_tag-bvb-trikots","10":"product_tag-fussball-trikot-langarm","11":"product_tag-fussballtrikot-fuer-herren","12":"product_tag-fussballtrikot-guenstig-kaufen","13":"product_tag-guenstiges-fussballtrikot","15":"first","16":"instock","17":"shipping-taxable","18":"purchasable","19":"product-type-variable"},"_links":{"self":[{"href":"https:\/\/www.billigtrikotde.com\/cs\/wp-json\/wp\/v2\/product\/1771","targetHints":{"allow":["GET"]}}],"collection":[{"href":"https:\/\/www.billigtrikotde.com\/cs\/wp-json\/wp\/v2\/product"}],"about":[{"href":"https:\/\/www.billigtrikotde.com\/cs\/wp-json\/wp\/v2\/types\/product"}],"replies":[{"embeddable":true,"href":"https:\/\/www.billigtrikotde.com\/cs\/wp-json\/wp\/v2\/comments?post=1771"}],"wp:featuredmedia":[{"embeddable":true,"href":"https:\/\/www.billigtrikotde.com\/cs\/wp-json\/wp\/v2\/media\/1802"}],"wp:attachment":[{"href":"https:\/\/www.billigtrikotde.com\/cs\/wp-json\/wp\/v2\/media?parent=1771"}],"wp:term":[{"taxonomy":"product_brand","embeddable":true,"href":"https:\/\/www.billigtrikotde.com\/cs\/wp-json\/wp\/v2\/product_brand?post=1771"},{"taxonomy":"product_cat","embeddable":true,"href":"https:\/\/www.billigtrikotde.com\/cs\/wp-json\/wp\/v2\/product_cat?post=1771"},{"taxonomy":"product_tag","embeddable":true,"href":"https:\/\/www.billigtrikotde.com\/cs\/wp-json\/wp\/v2\/product_tag?post=1771"}],"curies":[{"name":"wp","href":"https:\/\/api.w.org\/{rel}","templated":true}]}}