{"id":1747,"date":"2024-10-23T13:43:56","date_gmt":"2024-10-23T11:43:56","guid":{"rendered":"http:\/\/billigtrikots.com\/?post_type=product&#038;p=1747"},"modified":"2024-10-23T13:46:05","modified_gmt":"2024-10-23T11:46:05","slug":"brandneues-shirt-herren-bvb-borussia-dortmund-cup-2022-trikot-gelb-schwarz","status":"publish","type":"product","link":"https:\/\/www.billigtrikotde.com\/cs\/brandneues-shirt-herren-bvb-borussia-dortmund-cup-2022-trikot-gelb-schwarz\/","title":{"rendered":"Zbrusu nov\u00e9 p\u00e1nsk\u00e9 tri\u010dko BVB Borussia Dortmund CUP 2022 \u017eluto-\u010dern\u00e9"},"content":{"rendered":"<p>Aktu\u00e1ln\u00ed p\u00e1nsk\u00fd Cup trikot Boruss\u016f v\u00e1s nech\u00e1 zaz\u00e1\u0159it v lesku va\u0161ich idol\u016f. Nab\u00edz\u00ed v\u00e1m ofici\u00e1ln\u00ed licen\u010dn\u00ed vzhled va\u0161eho obl\u00edben\u00e9ho mu\u017estva a naprost\u0159ed hrudi nese hrd\u00e9 t\u00fdmov\u00e9 detaily a logo sponzora. Skute\u010dn\u00fd MUST-HAVE pro v\u0161echny v\u011brn\u00e9 spole\u010dn\u00edky BVB!<\/p>\n<p>Vysok\u00e1 kvalita v\u00e1m nav\u00edc nab\u00edz\u00ed tak\u00e9 vynikaj\u00edc\u00ed pohodl\u00ed p\u0159i no\u0161en\u00ed a d\u00edky revolu\u010dn\u00edm technologi\u00edm Puma Cup triko garantuje dob\u0159e regulovan\u00fd teplotn\u00ed a vlhkostn\u00ed rozpo\u010det. Dob\u0159e padnouc\u00ed st\u0159ih v\u00e1s podporuje p\u0159i ka\u017ed\u00e9m va\u0161em legend\u00e1rn\u00edm g\u00f3lov\u00e9m oslav\u011b na stadionu i mimo n\u011bj ve voln\u00e9m \u010dase a p\u0159i tr\u00e9ninku. Ragl\u00e1nov\u00e9 ruk\u00e1vy a m\u011bkk\u00fd V- v\u00fdst\u0159ih zaji\u0161\u0165uj\u00ed pocit absolutn\u00edho pohodl\u00ed a volnost pohybu ve v\u0161ech sm\u011brech.<\/p>\n<p>Tipy pro tisk: Pokud jsou jm\u00e9no a \u010d\u00edslo na obr\u00e1zku p\u0159esn\u011b takov\u00e9, jak\u00e9 chcete, nemus\u00edte je zad\u00e1vat znovu. Pokud tomu tak nen\u00ed, m\u011bli byste zadat po\u017eadovan\u00e9 jm\u00e9no a \u010d\u00edslo.<\/p>\n<p>Tipy pro pran\u00ed: Doporu\u010dujeme pr\u00e1t fotbalov\u00e1 tri\u010dka v ruce. Pokud chcete pou\u017e\u00edt pra\u010dku, nezapome\u0148te fotbalov\u00e1 tri\u010dka obr\u00e1tit naruby a pot\u00e9 je vyprat. Pra\u010dku napl\u0148te studenou vodou a pou\u017eijte jemn\u00fd cyklus, abyste l\u00e9pe ochr\u00e1nili barvy.<\/p>","protected":false},"excerpt":{"rendered":"<p>Das aktuelle Herren Cup Trikot der Borussen l\u00e4sst dich im Glanz deiner Idole erstrahlen. Es bietet dir den offiziellen Lizenz-Look deiner Lieblingself und tr\u00e4gt mittig auf der Brust stolze Teamdetails und das Sponsorenlogo. Ein echtes MUST-HAVE f\u00fcr alle treuen Wegbegleiter des BVB! Die hochwertige Qualit\u00e4t bietet dir dabei auch noch einen hervorragenden Tragekomfort und dank [&hellip;]<\/p>","protected":false},"featured_media":1777,"comment_status":"open","ping_status":"closed","template":"","meta":[],"product_brand":[],"product_cat":[63],"product_tag":[20,64,65,66,67,21,22,23,24],"class_list":{"0":"post-1747","1":"product","2":"type-product","3":"status-publish","4":"has-post-thumbnail","6":"product_cat-borussia-dortmund","7":"product_tag-coole-fussballtrikots","8":"product_tag-borussia-dortmund-cup-shirt","9":"product_tag-borussia-dortmund-trikots","10":"product_tag-bvb-trikots","11":"product_tag-fussball-trikotsatz","12":"product_tag-fussballtrikot-fuer-herren","13":"product_tag-fussballtrikot-guenstig-kaufen","14":"product_tag-fussballtrikot-kurzarm","15":"product_tag-guenstiges-fussballtrikot","17":"first","18":"instock","19":"shipping-taxable","20":"purchasable","21":"product-type-variable"},"_links":{"self":[{"href":"https:\/\/www.billigtrikotde.com\/cs\/wp-json\/wp\/v2\/product\/1747","targetHints":{"allow":["GET"]}}],"collection":[{"href":"https:\/\/www.billigtrikotde.com\/cs\/wp-json\/wp\/v2\/product"}],"about":[{"href":"https:\/\/www.billigtrikotde.com\/cs\/wp-json\/wp\/v2\/types\/product"}],"replies":[{"embeddable":true,"href":"https:\/\/www.billigtrikotde.com\/cs\/wp-json\/wp\/v2\/comments?post=1747"}],"wp:featuredmedia":[{"embeddable":true,"href":"https:\/\/www.billigtrikotde.com\/cs\/wp-json\/wp\/v2\/media\/1777"}],"wp:attachment":[{"href":"https:\/\/www.billigtrikotde.com\/cs\/wp-json\/wp\/v2\/media?parent=1747"}],"wp:term":[{"taxonomy":"product_brand","embeddable":true,"href":"https:\/\/www.billigtrikotde.com\/cs\/wp-json\/wp\/v2\/product_brand?post=1747"},{"taxonomy":"product_cat","embeddable":true,"href":"https:\/\/www.billigtrikotde.com\/cs\/wp-json\/wp\/v2\/product_cat?post=1747"},{"taxonomy":"product_tag","embeddable":true,"href":"https:\/\/www.billigtrikotde.com\/cs\/wp-json\/wp\/v2\/product_tag?post=1747"}],"curies":[{"name":"wp","href":"https:\/\/api.w.org\/{rel}","templated":true}]}}