{"id":17148,"date":"2024-10-24T09:24:53","date_gmt":"2024-10-24T07:24:53","guid":{"rendered":"http:\/\/billigtrikots.com\/?post_type=product&#038;p=17148"},"modified":"2025-10-16T16:02:14","modified_gmt":"2025-10-16T14:02:14","slug":"real-madrid-2023-24-drittes-trikot-schwarze-goldgelb-fussballtrikots-set-david-alaba-4","status":"publish","type":"product","link":"https:\/\/www.billigtrikotde.com\/cs\/real-madrid-2023-24-drittes-trikot-schwarze-goldgelb-fussballtrikots-set-david-alaba-4\/","title":{"rendered":"Real Madrid 2023-24 Third Shirt Black Golden Yellow Fotbalov\u00fd dres David Alaba 4"},"content":{"rendered":"<p>T\u0159et\u00ed dres Real Madrid 2023-2024 kombinuje \u010dernou z\u00e1kladn\u00ed barvu s \u017elutou jako druhou barvou. Je to stejn\u00e1 Prevolved \u017elut\u00e1, kter\u00e1 se pou\u017e\u00edv\u00e1 pro dom\u00e1c\u00ed a venkovn\u00ed dresy Real Madrid 2023-2024. T\u0159et\u00ed barvou dresu Madrid 2023-2024 je \u201eCarbon\u201c \u2013 jak se o\u010dek\u00e1valo, bude se pou\u017e\u00edvat pro t\u0159i pruhy.<\/p>\n<p>Novinkou u t\u0159et\u00edho fotbalov\u00e9ho dresu Real Madrid 2023-2024 je tak\u00e9, \u017ee bude existovat speci\u00e1ln\u00ed \u201eLifestyler\u201c edice. Verze Lifestyler t\u0159et\u00edho dresu Real Madrid 2023-24 p\u0159ich\u00e1z\u00ed bez sponzorsk\u00e9ho loga, s jin\u00fdm logem a jin\u00fdm materi\u00e1lem a st\u0159ihem.<\/p>\n<p>Tipy pro tisk: Pokud jsou jm\u00e9no a \u010d\u00edslo na obr\u00e1zku p\u0159esn\u011b takov\u00e9, jak\u00e9 chcete, nemus\u00edte je zad\u00e1vat znovu. Pokud tomu tak nen\u00ed, m\u011bli byste zadat po\u017eadovan\u00e9 jm\u00e9no a \u010d\u00edslo.<\/p>\n<p>Tipy pro pran\u00ed: Doporu\u010dujeme pr\u00e1t fotbalov\u00e1 tri\u010dka v ruce. Pokud chcete pou\u017e\u00edt pra\u010dku, nezapome\u0148te fotbalov\u00e1 tri\u010dka obr\u00e1tit naruby a pot\u00e9 je vyprat. Pra\u010dku napl\u0148te studenou vodou a pou\u017eijte jemn\u00fd cyklus, abyste l\u00e9pe ochr\u00e1nili barvy.<\/p>","protected":false},"excerpt":{"rendered":"<p>T\u0159et\u00ed dres Real Madrid 2023-2024 kombinuje \u010dernou z\u00e1kladn\u00ed barvu s \u017elutou jako druhou barvou. Je to stejn\u00e1 Prevolved \u017elut\u00e1, kter\u00e1 se pou\u017e\u00edv\u00e1 pro dom\u00e1c\u00ed a venkovn\u00ed dresy Real Madrid 2023-2024. T\u0159et\u00ed barvou dresu Madrid 2023-2024 je \u201eCarbon\u201c \u2013 jak se o\u010dek\u00e1valo, bude se pou\u017e\u00edvat pro t\u0159i pruhy.<\/p>","protected":false},"featured_media":17190,"comment_status":"open","ping_status":"closed","template":"","meta":[],"product_brand":[],"product_cat":[45],"product_tag":[574,21,23,228,24,489,490,979,47],"class_list":{"0":"post-17148","1":"product","2":"type-product","3":"status-publish","4":"has-post-thumbnail","6":"product_cat-real-madrid","7":"product_tag-fussballtrikot-deutschland","8":"product_tag-fussballtrikot-fuer-herren","9":"product_tag-fussballtrikot-kurzarm","10":"product_tag-guenstige-fussballtrikot","11":"product_tag-guenstiges-fussballtrikot","12":"product_tag-real-madrid-fussballtrikot","13":"product_tag-real-madrid-trikot","14":"product_tag-real-madrid-trikot-2024","15":"product_tag-real-madrid-trikots","17":"first","18":"instock","19":"shipping-taxable","20":"purchasable","21":"product-type-variable"},"_links":{"self":[{"href":"https:\/\/www.billigtrikotde.com\/cs\/wp-json\/wp\/v2\/product\/17148","targetHints":{"allow":["GET"]}}],"collection":[{"href":"https:\/\/www.billigtrikotde.com\/cs\/wp-json\/wp\/v2\/product"}],"about":[{"href":"https:\/\/www.billigtrikotde.com\/cs\/wp-json\/wp\/v2\/types\/product"}],"replies":[{"embeddable":true,"href":"https:\/\/www.billigtrikotde.com\/cs\/wp-json\/wp\/v2\/comments?post=17148"}],"wp:featuredmedia":[{"embeddable":true,"href":"https:\/\/www.billigtrikotde.com\/cs\/wp-json\/wp\/v2\/media\/17190"}],"wp:attachment":[{"href":"https:\/\/www.billigtrikotde.com\/cs\/wp-json\/wp\/v2\/media?parent=17148"}],"wp:term":[{"taxonomy":"product_brand","embeddable":true,"href":"https:\/\/www.billigtrikotde.com\/cs\/wp-json\/wp\/v2\/product_brand?post=17148"},{"taxonomy":"product_cat","embeddable":true,"href":"https:\/\/www.billigtrikotde.com\/cs\/wp-json\/wp\/v2\/product_cat?post=17148"},{"taxonomy":"product_tag","embeddable":true,"href":"https:\/\/www.billigtrikotde.com\/cs\/wp-json\/wp\/v2\/product_tag?post=17148"}],"curies":[{"name":"wp","href":"https:\/\/api.w.org\/{rel}","templated":true}]}}