{"id":17094,"date":"2024-10-24T09:21:33","date_gmt":"2024-10-24T07:21:33","guid":{"rendered":"http:\/\/billigtrikots.com\/?post_type=product&#038;p=17094"},"modified":"2025-06-09T04:41:41","modified_gmt":"2025-06-09T02:41:41","slug":"guenstige-fussballtrikots-arsenal-2023-24-auswaertstrikot-gruen-gelbe-eddie-nketiah-14","status":"publish","type":"product","link":"https:\/\/www.billigtrikotde.com\/cs\/guenstige-fussballtrikots-arsenal-2023-24-auswaertstrikot-gruen-gelbe-eddie-nketiah-14\/","title":{"rendered":"Levn\u00e9 Arsenal 2023-24 Away Shirt zeleno\u017elut\u00fd Eddie Nketiah 14"},"content":{"rendered":"<p>V\u00fdjezdn\u00ed dres Arsenal FC 23-24 m\u00e1 sv\u011btl\u00fd a modern\u00ed vzhled. Kombinuje fluo zeleno-\u017elutou z\u00e1kladn\u00ed barvu s \u010derno-sv\u011btle modrou pro loga a aplikace. to, co d\u011bl\u00e1 venkovn\u00ed soupravu Arsenal 23-24 tak v\u00fdjime\u010dnou, jsou nejen barvy, ale tak\u00e9 design. V\u00fdjezdn\u00ed dres Arsenal 23-24 m\u00e1 jedine\u010dn\u00fd design s tlust\u00fdmi \u010dern\u00fdmi \u010darami po cel\u00e9m dresu a poutav\u00fd dres zdob\u00ed spl\u00fdvav\u00e9 \u010dern\u00e9 linie inspirovan\u00e9 mapou Islingtonu. Slo\u017eit\u00fd design symbolizuje cesty, kter\u00e9 fanou\u0161ci podnikaj\u00ed, kdy\u017e opou\u0161t\u011bj\u00ed svou domovskou \u010dtvr\u0165, aby podpo\u0159ili t\u00fdm mimo domov.<\/p>\n<p>Tipy pro tisk: Pokud jsou jm\u00e9no a \u010d\u00edslo na obr\u00e1zku p\u0159esn\u011b takov\u00e9, jak\u00e9 chcete, nemus\u00edte je zad\u00e1vat znovu. Pokud tomu tak nen\u00ed, m\u011bli byste zadat po\u017eadovan\u00e9 jm\u00e9no a \u010d\u00edslo.<\/p>\n<p>Tipy pro pran\u00ed: Doporu\u010dujeme pr\u00e1t fotbalov\u00e1 tri\u010dka v ruce. Pokud chcete pou\u017e\u00edt pra\u010dku, nezapome\u0148te fotbalov\u00e1 tri\u010dka obr\u00e1tit naruby a pot\u00e9 je vyprat. Pra\u010dku napl\u0148te studenou vodou a pou\u017eijte jemn\u00fd cyklus, abyste l\u00e9pe ochr\u00e1nili barvy.<\/p>","protected":false},"excerpt":{"rendered":"<p>Das Arsenal FC 23-24 Ausw\u00e4rtstrikot hat einen hellen und modernen Look. Es kombiniert eine fluo-gr\u00fcn-gelbe Grundfarbe mit Schwarz\/Hellblau f\u00fcr Logos und Applikationen.Was das Arsenal 23-24 Ausw\u00e4rtstrikot so besonders macht, sind nicht nur die Farben, sondern auch das Design. Das Arsenal 23-24 Ausw\u00e4rtstrikot hat ein einzigartiges Design mit dicken, schwarzen Linien auf dem ganzen Trikot.Das auff\u00e4llige [&hellip;]<\/p>","protected":false},"featured_media":17133,"comment_status":"open","ping_status":"closed","template":"","meta":[],"product_brand":[],"product_cat":[55],"product_tag":[584,907,609,610,1007,21,23,24,585,1006],"class_list":{"0":"post-17094","1":"product","2":"type-product","3":"status-publish","4":"has-post-thumbnail","6":"product_cat-arsenal","7":"product_tag-arsenal-2023-24-trikot","8":"product_tag-arsenal-23-24-drittes-trikot","9":"product_tag-arsenal-fussballtrikot","10":"product_tag-arsenal-trikot","11":"product_tag-arsenal-trikot-2024","12":"product_tag-fussballtrikot-fuer-herren","13":"product_tag-fussballtrikot-kurzarm","14":"product_tag-guenstiges-fussballtrikot","15":"product_tag-herren-fussballtrikot","16":"product_tag-trikot-24-25","18":"first","19":"instock","20":"shipping-taxable","21":"purchasable","22":"product-type-variable"},"_links":{"self":[{"href":"https:\/\/www.billigtrikotde.com\/cs\/wp-json\/wp\/v2\/product\/17094","targetHints":{"allow":["GET"]}}],"collection":[{"href":"https:\/\/www.billigtrikotde.com\/cs\/wp-json\/wp\/v2\/product"}],"about":[{"href":"https:\/\/www.billigtrikotde.com\/cs\/wp-json\/wp\/v2\/types\/product"}],"replies":[{"embeddable":true,"href":"https:\/\/www.billigtrikotde.com\/cs\/wp-json\/wp\/v2\/comments?post=17094"}],"wp:featuredmedia":[{"embeddable":true,"href":"https:\/\/www.billigtrikotde.com\/cs\/wp-json\/wp\/v2\/media\/17133"}],"wp:attachment":[{"href":"https:\/\/www.billigtrikotde.com\/cs\/wp-json\/wp\/v2\/media?parent=17094"}],"wp:term":[{"taxonomy":"product_brand","embeddable":true,"href":"https:\/\/www.billigtrikotde.com\/cs\/wp-json\/wp\/v2\/product_brand?post=17094"},{"taxonomy":"product_cat","embeddable":true,"href":"https:\/\/www.billigtrikotde.com\/cs\/wp-json\/wp\/v2\/product_cat?post=17094"},{"taxonomy":"product_tag","embeddable":true,"href":"https:\/\/www.billigtrikotde.com\/cs\/wp-json\/wp\/v2\/product_tag?post=17094"}],"curies":[{"name":"wp","href":"https:\/\/api.w.org\/{rel}","templated":true}]}}