{"id":1673,"date":"2024-10-23T13:40:41","date_gmt":"2024-10-23T11:40:41","guid":{"rendered":"http:\/\/billigtrikots.com\/?post_type=product&#038;p=1673"},"modified":"2025-06-16T16:04:10","modified_gmt":"2025-06-16T14:04:10","slug":"juventus-torwart-trikot-pinsoglio-31-guenstige-schwarz-langarm-kurze-hosen","status":"publish","type":"product","link":"https:\/\/www.billigtrikotde.com\/cs\/juventus-torwart-trikot-pinsoglio-31-guenstige-schwarz-langarm-kurze-hosen\/","title":{"rendered":"Juventus Brank\u00e1\u0159sk\u00fd dres Pinsoglio 31# Levn\u00e9 \u010dern\u00e9 s dlouh\u00fdm ruk\u00e1vem + \u0161ortky"},"content":{"rendered":"<p>P\u0159ikazuj svou obranu jako profesion\u00e1lov\u00e9 Juventusu a noste dom\u00e1c\u00ed brank\u00e1\u0159sk\u00fd dres adidas Juventus 21\/22, kter\u00fd je zalo\u017een na dresu, kter\u00fd nos\u00ed profesion\u00e1ln\u00ed brank\u00e1\u0159i klubu.<\/p>\n<p>Dom\u00e1c\u00ed brank\u00e1\u0159sk\u00fd dres adidas Juventus 21\/22 je vyroben z lehk\u00e9 tkaniny s elastick\u00fdmi bo\u010dn\u00edmi \u010d\u00e1stmi a pohybuje se s tv\u00fdm t\u011blem, aby umo\u017enil rozhoduj\u00edc\u00ed z\u00e1kroky.<\/p>\n<p>Tipy pro tisk: Pokud jsou jm\u00e9no a \u010d\u00edslo na obr\u00e1zku p\u0159esn\u011b takov\u00e9, jak\u00e9 chcete, nemus\u00edte je zad\u00e1vat znovu. Pokud tomu tak nen\u00ed, m\u011bli byste zadat po\u017eadovan\u00e9 jm\u00e9no a \u010d\u00edslo.<\/p>\n<p>Tipy pro pran\u00ed: Doporu\u010dujeme pr\u00e1t fotbalov\u00e1 tri\u010dka v ruce. Pokud chcete pou\u017e\u00edt pra\u010dku, nezapome\u0148te fotbalov\u00e1 tri\u010dka obr\u00e1tit naruby a pot\u00e9 je vyprat. Pra\u010dku napl\u0148te studenou vodou a pou\u017eijte jemn\u00fd cyklus, abyste l\u00e9pe ochr\u00e1nili barvy.<\/p>","protected":false},"excerpt":{"rendered":"<p>Kommandiere deine Verteidigung wie Juves Profis und trage das adidas Juventus 21\/22 Torwart Heimtrikot, das auf dem Trikot basiert, das von den Pro-Keepern des Clubs getragen wird. Das adidas Juventus 21\/22 Torwart Heimtrikot besteht aus leichtem Stoff mit dehnbaren Seitenteilen und bewegt sich mit deinem K\u00f6rper, um spielgewinnende Paraden zu erm\u00f6glichen. Tipps zum Drucken: Wenn [\u2026]<\/p>","protected":false},"featured_media":1705,"comment_status":"open","ping_status":"closed","template":"","meta":[],"product_brand":[],"product_cat":[59],"product_tag":[20,38,21,24,62,61],"class_list":{"0":"post-1673","1":"product","2":"type-product","3":"status-publish","4":"has-post-thumbnail","6":"product_cat-juventus","7":"product_tag-coole-fussballtrikots","8":"product_tag-fussball-trikot-langarm","9":"product_tag-fussballtrikot-fuer-herren","10":"product_tag-guenstiges-fussballtrikot","11":"product_tag-juventus-torwarttrikot","12":"product_tag-juventus-trikots","14":"first","15":"instock","16":"shipping-taxable","17":"purchasable","18":"product-type-variable"},"_links":{"self":[{"href":"https:\/\/www.billigtrikotde.com\/cs\/wp-json\/wp\/v2\/product\/1673","targetHints":{"allow":["GET"]}}],"collection":[{"href":"https:\/\/www.billigtrikotde.com\/cs\/wp-json\/wp\/v2\/product"}],"about":[{"href":"https:\/\/www.billigtrikotde.com\/cs\/wp-json\/wp\/v2\/types\/product"}],"replies":[{"embeddable":true,"href":"https:\/\/www.billigtrikotde.com\/cs\/wp-json\/wp\/v2\/comments?post=1673"}],"wp:featuredmedia":[{"embeddable":true,"href":"https:\/\/www.billigtrikotde.com\/cs\/wp-json\/wp\/v2\/media\/1705"}],"wp:attachment":[{"href":"https:\/\/www.billigtrikotde.com\/cs\/wp-json\/wp\/v2\/media?parent=1673"}],"wp:term":[{"taxonomy":"product_brand","embeddable":true,"href":"https:\/\/www.billigtrikotde.com\/cs\/wp-json\/wp\/v2\/product_brand?post=1673"},{"taxonomy":"product_cat","embeddable":true,"href":"https:\/\/www.billigtrikotde.com\/cs\/wp-json\/wp\/v2\/product_cat?post=1673"},{"taxonomy":"product_tag","embeddable":true,"href":"https:\/\/www.billigtrikotde.com\/cs\/wp-json\/wp\/v2\/product_tag?post=1673"}],"curies":[{"name":"wp","href":"https:\/\/api.w.org\/{rel}","templated":true}]}}