{"id":16543,"date":"2024-10-24T08:49:34","date_gmt":"2024-10-24T06:49:34","guid":{"rendered":"http:\/\/billigtrikots.com\/?post_type=product&#038;p=16543"},"modified":"2025-05-30T15:26:18","modified_gmt":"2025-05-30T13:26:18","slug":"herren-fussballtrikots-set-chelsea-2023-24-weiss-blau-heimtrikot-nicolas-jackson-15","status":"publish","type":"product","link":"https:\/\/www.billigtrikotde.com\/cs\/herren-fussballtrikots-set-chelsea-2023-24-weiss-blau-heimtrikot-nicolas-jackson-15\/","title":{"rendered":"P\u00e1nsk\u00e9 fotbalov\u00e9 tri\u010dko Chelsea 2023-24 b\u00edlo modr\u00e9 dom\u00e1c\u00ed tri\u010dko Nicolas Jackson 15"},"content":{"rendered":"<p>Dres Chelsea 23-24 kombinuje modrou z\u00e1kladn\u00ed barvu s b\u00edl\u00fdmi aplikacemi a t\u0159pytiv\u00fdmi duhov\u00fdmi logy.Dres Chelsea FC 23-24 do klasick\u00e9 modr\u00e9 barvy vkomponoval tak\u00e9 b\u00edlou barvu, kter\u00e1 p\u0159ipom\u00edn\u00e1 triumf t\u00fdmu v Poh\u00e1ru v\u00edt\u011bz\u016f poh\u00e1r\u016f UEFA a Ligov\u00e9m poh\u00e1ru v sez\u00f3n\u011b 97-98.Na vnit\u0159n\u00ed stran\u011b l\u00edmce je zlat\u00fd \u0161t\u00edtek \"Pride of London\".Dres Chelsea Football Club 2023-2024 navazuje na dres 23-24, pokud jde o \u0161ablonu. B\u00edl\u00e9 aplikace na boc\u00edch jej odli\u0161uj\u00ed od ostatn\u00edch dres\u016f 2023-2024, zat\u00edmco b\u00edlo-modro-zlat\u00e9 man\u017eety dotv\u00e1\u0159ej\u00ed vzhled dom\u00e1c\u00edho dresu Nike Chelsea 23-24.<\/p>\n<p>Tipy pro tisk: Pokud jsou jm\u00e9no a \u010d\u00edslo na obr\u00e1zku p\u0159esn\u011b takov\u00e9, jak\u00e9 chcete, nemus\u00edte je zad\u00e1vat znovu. Pokud tomu tak nen\u00ed, m\u011bli byste zadat po\u017eadovan\u00e9 jm\u00e9no a \u010d\u00edslo.<\/p>\n<p>Tipy pro pran\u00ed: Doporu\u010dujeme pr\u00e1t fotbalov\u00e1 tri\u010dka v ruce. Pokud chcete pou\u017e\u00edt pra\u010dku, nezapome\u0148te fotbalov\u00e1 tri\u010dka obr\u00e1tit naruby a pot\u00e9 je vyprat. Pra\u010dku napl\u0148te studenou vodou a pou\u017eijte jemn\u00fd cyklus, abyste l\u00e9pe ochr\u00e1nili barvy.<\/p>","protected":false},"excerpt":{"rendered":"<p>Das Chelsea 23-24 Trikot kombiniert eine blaue Grundfarbe mit wei\u00dfen Applikationen und schimmernden, schillernden Logos.Das Chelsea FC 23-24 Trikot integriert auch Wei\u00df in das klassische Blau und feiert damit den Triumph der Mannschaft im UEFA-Pokal der Pokalsieger und im Ligapokal in der Saison 97-98. Auf der Innenseite des Kragens befindet sich ein goldenes \u201ePride of [&hellip;]<\/p>","protected":false},"featured_media":16584,"comment_status":"open","ping_status":"closed","template":"","meta":[],"product_brand":[],"product_cat":[72],"product_tag":[20,448,73,982,574,21,22,23,24,441],"class_list":{"0":"post-16543","1":"product","2":"type-product","3":"status-publish","4":"has-post-thumbnail","6":"product_cat-chelsea","7":"product_tag-coole-fussballtrikots","8":"product_tag-chelsea-trikot-bestellen","9":"product_tag-chelsea-trikots","10":"product_tag-chelsea-trikots-2024","11":"product_tag-fussballtrikot-deutschland","12":"product_tag-fussballtrikot-fuer-herren","13":"product_tag-fussballtrikot-guenstig-kaufen","14":"product_tag-fussballtrikot-kurzarm","15":"product_tag-guenstiges-fussballtrikot","16":"product_tag-neue-chelsea-trikots","18":"first","19":"instock","20":"shipping-taxable","21":"purchasable","22":"product-type-variable"},"_links":{"self":[{"href":"https:\/\/www.billigtrikotde.com\/cs\/wp-json\/wp\/v2\/product\/16543","targetHints":{"allow":["GET"]}}],"collection":[{"href":"https:\/\/www.billigtrikotde.com\/cs\/wp-json\/wp\/v2\/product"}],"about":[{"href":"https:\/\/www.billigtrikotde.com\/cs\/wp-json\/wp\/v2\/types\/product"}],"replies":[{"embeddable":true,"href":"https:\/\/www.billigtrikotde.com\/cs\/wp-json\/wp\/v2\/comments?post=16543"}],"wp:featuredmedia":[{"embeddable":true,"href":"https:\/\/www.billigtrikotde.com\/cs\/wp-json\/wp\/v2\/media\/16584"}],"wp:attachment":[{"href":"https:\/\/www.billigtrikotde.com\/cs\/wp-json\/wp\/v2\/media?parent=16543"}],"wp:term":[{"taxonomy":"product_brand","embeddable":true,"href":"https:\/\/www.billigtrikotde.com\/cs\/wp-json\/wp\/v2\/product_brand?post=16543"},{"taxonomy":"product_cat","embeddable":true,"href":"https:\/\/www.billigtrikotde.com\/cs\/wp-json\/wp\/v2\/product_cat?post=16543"},{"taxonomy":"product_tag","embeddable":true,"href":"https:\/\/www.billigtrikotde.com\/cs\/wp-json\/wp\/v2\/product_tag?post=16543"}],"curies":[{"name":"wp","href":"https:\/\/api.w.org\/{rel}","templated":true}]}}