{"id":1641,"date":"2024-10-23T13:39:10","date_gmt":"2024-10-23T11:39:10","guid":{"rendered":"http:\/\/billigtrikots.com\/?post_type=product&#038;p=1641"},"modified":"2025-06-16T16:04:12","modified_gmt":"2025-06-16T14:04:12","slug":"danilo-13-juventus-turin-herren-2022-fussball-langarm-kurze-hosen","status":"publish","type":"product","link":"https:\/\/www.billigtrikotde.com\/cs\/danilo-13-juventus-turin-herren-2022-fussball-langarm-kurze-hosen\/","title":{"rendered":"Danilo 13# Juventus Torino P\u00e1nsk\u00fd fotbalov\u00fd dres 2022 s dlouh\u00fdm ruk\u00e1vem + \u0161ortky"},"content":{"rendered":"<p>Pocta jeho skv\u011bl\u00e9mu stadionu. Dres adidas Juventus oslavuje 10let\u00e9 v\u00fdro\u010d\u00ed ikonick\u00e9ho stadionu Allianz. Hv\u011bzdy, kter\u00e9 dominuj\u00ed designu budovy, se odr\u00e1\u017eej\u00ed v legend\u00e1rn\u00edch \u010dern\u00fdch pruz\u00edch a znovu objevuj\u00ed klasick\u00fd vzhled. Triko bylo navr\u017eeno tak, aby poskytovalo maxim\u00e1ln\u00ed komfort fanou\u0161k\u016fm. Je vyrobeno z m\u011bkk\u00e9 l\u00e1tky a disponuje technologi\u00ed AEROREADY, kter\u00e1 odv\u00e1d\u00ed pot.<\/p>\n<p>Tipy pro tisk: Pokud jsou jm\u00e9no a \u010d\u00edslo na obr\u00e1zku p\u0159esn\u011b takov\u00e9, jak\u00e9 chcete, nemus\u00edte je zad\u00e1vat znovu. Pokud tomu tak nen\u00ed, m\u011bli byste zadat po\u017eadovan\u00e9 jm\u00e9no a \u010d\u00edslo.<\/p>\n<p>Potisknut\u00e9 dresy jsou vylou\u010deny z mo\u017enosti vr\u00e1cen\u00ed a v\u00fdm\u011bny. U individu\u00e1ln\u011b poti\u0161t\u011bn\u00fdch dres\u016f se doba dod\u00e1n\u00ed prodlu\u017euje o 1-2 pracovn\u00ed dny. Dodate\u010dn\u00e9 zm\u011bny nejsou mo\u017en\u00e9. \u017d\u00e1dn\u00fd origin\u00e1ln\u00ed flock<\/p>\n<p>Tipy pro pran\u00ed: Doporu\u010dujeme pr\u00e1t fotbalov\u00e1 tri\u010dka v ruce. Pokud chcete pou\u017e\u00edt pra\u010dku, nezapome\u0148te fotbalov\u00e1 tri\u010dka obr\u00e1tit naruby a pot\u00e9 je vyprat. Pra\u010dku napl\u0148te studenou vodou a pou\u017eijte jemn\u00fd cyklus, abyste l\u00e9pe ochr\u00e1nili barvy.<\/p>","protected":false},"excerpt":{"rendered":"<p>Eine Hommage an sein gro\u00dfartiges Stadion. Das adidas Juventus-Trikot feiert das 10-j\u00e4hrige Bestehen des kultigen Allianz Stadions. Die Sterne, die das Design des Geb\u00e4udes dominieren, spiegeln sich in den legend\u00e4ren schwarzen Streifen wider und erfinden einen klassischen Look neu. Das Shirt wurde entwickelt, um maximalen Komfort f\u00fcr Fans zu bieten. Es ist aus weichem Stoff [&hellip;]<\/p>","protected":false},"featured_media":1679,"comment_status":"open","ping_status":"closed","template":"","meta":[],"product_brand":[],"product_cat":[59],"product_tag":[20,38,21,24,61],"class_list":{"0":"post-1641","1":"product","2":"type-product","3":"status-publish","4":"has-post-thumbnail","6":"product_cat-juventus","7":"product_tag-coole-fussballtrikots","8":"product_tag-fussball-trikot-langarm","9":"product_tag-fussballtrikot-fuer-herren","10":"product_tag-guenstiges-fussballtrikot","11":"product_tag-juventus-trikots","13":"first","14":"instock","15":"shipping-taxable","16":"purchasable","17":"product-type-variable"},"_links":{"self":[{"href":"https:\/\/www.billigtrikotde.com\/cs\/wp-json\/wp\/v2\/product\/1641","targetHints":{"allow":["GET"]}}],"collection":[{"href":"https:\/\/www.billigtrikotde.com\/cs\/wp-json\/wp\/v2\/product"}],"about":[{"href":"https:\/\/www.billigtrikotde.com\/cs\/wp-json\/wp\/v2\/types\/product"}],"replies":[{"embeddable":true,"href":"https:\/\/www.billigtrikotde.com\/cs\/wp-json\/wp\/v2\/comments?post=1641"}],"wp:featuredmedia":[{"embeddable":true,"href":"https:\/\/www.billigtrikotde.com\/cs\/wp-json\/wp\/v2\/media\/1679"}],"wp:attachment":[{"href":"https:\/\/www.billigtrikotde.com\/cs\/wp-json\/wp\/v2\/media?parent=1641"}],"wp:term":[{"taxonomy":"product_brand","embeddable":true,"href":"https:\/\/www.billigtrikotde.com\/cs\/wp-json\/wp\/v2\/product_brand?post=1641"},{"taxonomy":"product_cat","embeddable":true,"href":"https:\/\/www.billigtrikotde.com\/cs\/wp-json\/wp\/v2\/product_cat?post=1641"},{"taxonomy":"product_tag","embeddable":true,"href":"https:\/\/www.billigtrikotde.com\/cs\/wp-json\/wp\/v2\/product_tag?post=1641"}],"curies":[{"name":"wp","href":"https:\/\/api.w.org\/{rel}","templated":true}]}}