{"id":16263,"date":"2024-10-24T08:33:41","date_gmt":"2024-10-24T06:33:41","guid":{"rendered":"http:\/\/billigtrikots.com\/?post_type=product&#038;p=16263"},"modified":"2025-10-16T16:02:22","modified_gmt":"2025-10-16T14:02:22","slug":"kinder-heimtrikot-real-madrid-2023-24-fussballtrikot-trikotsatz-eder-militao-3","status":"publish","type":"product","link":"https:\/\/www.billigtrikotde.com\/cs\/kinder-heimtrikot-real-madrid-2023-24-fussballtrikot-trikotsatz-eder-militao-3\/","title":{"rendered":"D\u011btsk\u00e9 dom\u00e1c\u00ed tri\u010dko Real Madrid 2023-24 Fotbalov\u00e9 tri\u010dko Eder Militao 3"},"content":{"rendered":"<p>Dom\u00e1c\u00ed dres Real Madrid 23-24 m\u00e1 modern\u00ed a jednoduch\u00fd design. Zvl\u00e1\u0161\u0165 zaj\u00edmav\u00e9 je barevn\u00e9 proveden\u00ed: b\u00edl\u00e1 je kombinov\u00e1na s tmav\u00fdm n\u00e1mo\u0159nickou mod\u0159\u00ed (\u201eLegend Ink\u201c) a zlatav\u00fdm oran\u017eov\u00fdm odst\u00ednem. Zlatav\u00e9 oran\u017eov\u00e9 nen\u00ed \u010dist\u00e1 \u017elut\u00e1 ani kovov\u00e9 zlato, ale n\u011bkde uprost\u0159ed. N\u00e1mornick\u00e1 mod\u0159 a zlatav\u00e1 oran\u017eov\u00e1 jsou stejn\u00e9 barvy, kter\u00e9 jsou pou\u017eity i na venkovn\u00edm dresu 23-24 Real Madrid.<br \/>\nPoprv\u00e9 v historii klubu nese dres Real Madrid 23-24 slogan \u201e\u00a1Hala Madrid!\u201c na l\u00edmci. Pro l\u00edmec Adidas kombinuje barvy \u201eZlat\u00e1-oran\u017eov\u00e1\u201c, b\u00edl\u00e1 a legenda do trojbarevn\u00e9 trikolory. I man\u017eety na ruk\u00e1vech jsou v trikolor. Stejn\u011b jako v\u0161echny ostatn\u00ed fotbalov\u00e9 dresy Adidas 23-24 je i nov\u00fd dres Real Madrid 23-24 opat\u0159en nov\u00fdm logem Adidas. Po stran\u00e1ch a na z\u00e1dech jsou n\u00e1mo\u0159nick\u00e9 panely, podobn\u011b jako na n\u011bkter\u00fdch dres\u00edch Adidas na Mistrovstv\u00ed sv\u011bta 2022.<\/p>\n<p>Tipy pro tisk: Pokud jsou jm\u00e9no a \u010d\u00edslo na obr\u00e1zku p\u0159esn\u011b takov\u00e9, jak\u00e9 chcete, nemus\u00edte je zad\u00e1vat znovu. Pokud tomu tak nen\u00ed, m\u011bli byste zadat po\u017eadovan\u00e9 jm\u00e9no a \u010d\u00edslo.<\/p>\n<p>Tipy pro pran\u00ed: Doporu\u010dujeme pr\u00e1t fotbalov\u00e1 tri\u010dka v ruce. Pokud chcete pou\u017e\u00edt pra\u010dku, nezapome\u0148te fotbalov\u00e1 tri\u010dka obr\u00e1tit naruby a pot\u00e9 je vyprat. Pra\u010dku napl\u0148te studenou vodou a pou\u017eijte jemn\u00fd cyklus, abyste l\u00e9pe ochr\u00e1nili barvy.<\/p>","protected":false},"excerpt":{"rendered":"<p>Das Real Madrid 23-24 Heim trikot hat ein modernes und einfaches Design. Besonders interessant ist die Farbgebung: Wei\u00df wird mit einem dunklen Marineblau (\u201eLegend Ink\u201c) und einem goldfarbenen Orange kombiniert.Das goldige Orange ist weder reines Gelb noch metallisches Gold, sondern liegt irgendwo dazwischen. Marineblau und Goldorange sind die gleichen Farben, die auch f\u00fcr das Ausw\u00e4rtstrikot [&hellip;]<\/p>","protected":false},"featured_media":16303,"comment_status":"open","ping_status":"closed","template":"","meta":[],"product_brand":[],"product_cat":[165],"product_tag":[20,574,21,22,24,94,651,47,166],"class_list":{"0":"post-16263","1":"product","2":"type-product","3":"status-publish","4":"has-post-thumbnail","6":"product_cat-real-madrid-kindertrikot","7":"product_tag-coole-fussballtrikots","8":"product_tag-fussballtrikot-deutschland","9":"product_tag-fussballtrikot-fuer-herren","10":"product_tag-fussballtrikot-guenstig-kaufen","11":"product_tag-guenstiges-fussballtrikot","12":"product_tag-kinder-fussball-trikotsatz","13":"product_tag-real-madrid-heim-trikot","14":"product_tag-real-madrid-trikots","15":"product_tag-real-madrid-trikotsatz-fuer-kinder","17":"first","18":"instock","19":"shipping-taxable","20":"purchasable","21":"product-type-variable"},"_links":{"self":[{"href":"https:\/\/www.billigtrikotde.com\/cs\/wp-json\/wp\/v2\/product\/16263","targetHints":{"allow":["GET"]}}],"collection":[{"href":"https:\/\/www.billigtrikotde.com\/cs\/wp-json\/wp\/v2\/product"}],"about":[{"href":"https:\/\/www.billigtrikotde.com\/cs\/wp-json\/wp\/v2\/types\/product"}],"replies":[{"embeddable":true,"href":"https:\/\/www.billigtrikotde.com\/cs\/wp-json\/wp\/v2\/comments?post=16263"}],"wp:featuredmedia":[{"embeddable":true,"href":"https:\/\/www.billigtrikotde.com\/cs\/wp-json\/wp\/v2\/media\/16303"}],"wp:attachment":[{"href":"https:\/\/www.billigtrikotde.com\/cs\/wp-json\/wp\/v2\/media?parent=16263"}],"wp:term":[{"taxonomy":"product_brand","embeddable":true,"href":"https:\/\/www.billigtrikotde.com\/cs\/wp-json\/wp\/v2\/product_brand?post=16263"},{"taxonomy":"product_cat","embeddable":true,"href":"https:\/\/www.billigtrikotde.com\/cs\/wp-json\/wp\/v2\/product_cat?post=16263"},{"taxonomy":"product_tag","embeddable":true,"href":"https:\/\/www.billigtrikotde.com\/cs\/wp-json\/wp\/v2\/product_tag?post=16263"}],"curies":[{"name":"wp","href":"https:\/\/api.w.org\/{rel}","templated":true}]}}