{"id":1625,"date":"2024-10-23T13:38:36","date_gmt":"2024-10-23T11:38:36","guid":{"rendered":"http:\/\/billigtrikots.com\/?post_type=product&#038;p=1625"},"modified":"2025-06-16T16:04:13","modified_gmt":"2025-06-16T14:04:13","slug":"herren-tw-trikot-juventus-turin-goalie-trikot-set-2022-gruen-mit-aufdruck-pinsoglio-31","status":"publish","type":"product","link":"https:\/\/www.billigtrikotde.com\/cs\/herren-tw-trikot-juventus-turin-goalie-trikot-set-2022-gruen-mit-aufdruck-pinsoglio-31\/","title":{"rendered":"P\u00e1nsk\u00e9 TW Jersey Juventus Tur\u00edn Brank\u00e1\u0159sk\u00fd dres 2022 Green s potiskem Pinsoglio 31"},"content":{"rendered":"<p>S pohodln\u00fdm modelem v zelen\u00e9 barv\u011b ukazuje\u0161 svou bezpodm\u00edne\u010dnou l\u00e1sku ke sv\u00e9mu klubu. Sportovn\u00ed top adidas je perfektn\u00ed volbou. Tento sportovn\u00ed top FC Juventus Tur\u00edn nesm\u00ed chyb\u011bt v \u017e\u00e1dn\u00e9 sb\u00edrce fanou\u0161k\u016f. Je prody\u0161n\u00fd, pohodln\u00fd a lehk\u00fd. Absolutn\u00ed hv\u011bzdou je d\u00edky klubov\u00e9 v\u00fd\u0161ivce na hrudi. A\u0165 u\u017e je tr\u00e9nink nebo z\u00e1pas jak\u00fdkoli, s t\u00edmto modelem bude\u0161 v\u017edy skv\u011ble oble\u010den\u00fd.<\/p>\n<p>Tipy pro tisk: Pokud jsou jm\u00e9no a \u010d\u00edslo na obr\u00e1zku p\u0159esn\u011b takov\u00e9, jak\u00e9 chcete, nemus\u00edte je zad\u00e1vat znovu. Pokud tomu tak nen\u00ed, m\u011bli byste zadat po\u017eadovan\u00e9 jm\u00e9no a \u010d\u00edslo.<\/p>\n<p>Tipy pro pran\u00ed: Doporu\u010dujeme pr\u00e1t fotbalov\u00e1 tri\u010dka v ruce. Pokud chcete pou\u017e\u00edt pra\u010dku, nezapome\u0148te fotbalov\u00e1 tri\u010dka obr\u00e1tit naruby a pot\u00e9 je vyprat. Pra\u010dku napl\u0148te studenou vodou a pou\u017eijte jemn\u00fd cyklus, abyste l\u00e9pe ochr\u00e1nili barvy.<\/p>","protected":false},"excerpt":{"rendered":"<p>Mit dem bequemen Modell in Gr\u00fcn zeigst du deine bedingungslose Liebe zu deinem Verein. Das adidas Sporttop ist die perfekte Wahl. In keiner Fan-Sammlung darf dieses FC Juventus Turin-Sporttop fehlen. Es ist atmungsaktiv, bequem und leicht. Zum absoluten Highlight wird es durch das Vereinswappen auf der Brust. Egal, wie hart das Training oder das Spiel [&hellip;]<\/p>","protected":false},"featured_media":1656,"comment_status":"open","ping_status":"closed","template":"","meta":[],"product_brand":[],"product_cat":[59],"product_tag":[20,35,21,23,24,62,61],"class_list":{"0":"post-1625","1":"product","2":"type-product","3":"status-publish","4":"has-post-thumbnail","6":"product_cat-juventus","7":"product_tag-coole-fussballtrikots","8":"product_tag-fussball-torwarttrikots","9":"product_tag-fussballtrikot-fuer-herren","10":"product_tag-fussballtrikot-kurzarm","11":"product_tag-guenstiges-fussballtrikot","12":"product_tag-juventus-torwarttrikot","13":"product_tag-juventus-trikots","15":"first","16":"instock","17":"shipping-taxable","18":"purchasable","19":"product-type-variable"},"_links":{"self":[{"href":"https:\/\/www.billigtrikotde.com\/cs\/wp-json\/wp\/v2\/product\/1625","targetHints":{"allow":["GET"]}}],"collection":[{"href":"https:\/\/www.billigtrikotde.com\/cs\/wp-json\/wp\/v2\/product"}],"about":[{"href":"https:\/\/www.billigtrikotde.com\/cs\/wp-json\/wp\/v2\/types\/product"}],"replies":[{"embeddable":true,"href":"https:\/\/www.billigtrikotde.com\/cs\/wp-json\/wp\/v2\/comments?post=1625"}],"wp:featuredmedia":[{"embeddable":true,"href":"https:\/\/www.billigtrikotde.com\/cs\/wp-json\/wp\/v2\/media\/1656"}],"wp:attachment":[{"href":"https:\/\/www.billigtrikotde.com\/cs\/wp-json\/wp\/v2\/media?parent=1625"}],"wp:term":[{"taxonomy":"product_brand","embeddable":true,"href":"https:\/\/www.billigtrikotde.com\/cs\/wp-json\/wp\/v2\/product_brand?post=1625"},{"taxonomy":"product_cat","embeddable":true,"href":"https:\/\/www.billigtrikotde.com\/cs\/wp-json\/wp\/v2\/product_cat?post=1625"},{"taxonomy":"product_tag","embeddable":true,"href":"https:\/\/www.billigtrikotde.com\/cs\/wp-json\/wp\/v2\/product_tag?post=1625"}],"curies":[{"name":"wp","href":"https:\/\/api.w.org\/{rel}","templated":true}]}}