{"id":16232,"date":"2024-10-24T08:31:56","date_gmt":"2024-10-24T06:31:56","guid":{"rendered":"http:\/\/billigtrikots.com\/?post_type=product&#038;p=16232"},"modified":"2024-10-24T08:34:37","modified_gmt":"2024-10-24T06:34:37","slug":"herren-set-fc-barcelona-2023-24-drittes-trikot-blau-kurzarm-kurze-hosen-andreas-christensen-15","status":"publish","type":"product","link":"https:\/\/www.billigtrikotde.com\/cs\/herren-set-fc-barcelona-2023-24-drittes-trikot-blau-kurzarm-kurze-hosen-andreas-christensen-15\/","title":{"rendered":"P\u00e1nsk\u00e1 sada FC Barcelona 2023-24 Third Jersey blue Short Sleeve + Shorts Andreas Christensen 15"},"content":{"rendered":"<p>T\u0159et\u00ed fotbalov\u00e9 tri\u010dko Barcelony 23-24 je p\u0159ev\u00e1\u017en\u011b mentolov\u00e9 (\u201eLight Aqua\u201c), kombinovan\u00e9 s Blaugrana jako designov\u00fdmi prvky a \u010dernou jako barvou loga. Co se t\u00fd\u010de \u0161ablony, t\u0159et\u00ed fotbalov\u00e9 tri\u010dko Bar\u00e7a 23-24 m\u00e1 aerodynamick\u00fd tvar. Pou\u017e\u00edv\u00e1 stejnou \u0161ablonu jako r\u016fzn\u00e9 n\u00e1rodn\u00ed t\u00fdmy na Mistrovstv\u00ed sv\u011bta \u017een 2023 a dal\u0161\u00ed elitn\u00ed klubov\u00e9 t\u00fdmy 23-24 pro jejich t\u0159et\u00ed dresy. Dv\u011b v\u011bci, kter\u00e9 d\u011blaj\u00ed tri\u010dko Barcelony 23-24 v\u00fdjime\u010dn\u00fdm \u2013 l\u00e1tka a Swoosh a znak. Blaugrana barvy Barcelony (modr\u00e1 a \u010derven\u00e1) jsou za\u010dlen\u011bny do l\u00e1tky tri\u010dka Barcelona 23-24 a dod\u00e1vaj\u00ed mu zvl\u00e1\u0161tn\u00ed n\u00e1dech.<\/p>\n<p>Tipy pro tisk: Pokud jsou jm\u00e9no a \u010d\u00edslo na obr\u00e1zku p\u0159esn\u011b takov\u00e9, jak\u00e9 chcete, nemus\u00edte je zad\u00e1vat znovu. Pokud tomu tak nen\u00ed, m\u011bli byste zadat po\u017eadovan\u00e9 jm\u00e9no a \u010d\u00edslo.<\/p>\n<p>Tipy pro pran\u00ed: Doporu\u010dujeme pr\u00e1t fotbalov\u00e1 tri\u010dka v ruce. Pokud chcete pou\u017e\u00edt pra\u010dku, nezapome\u0148te fotbalov\u00e1 tri\u010dka obr\u00e1tit naruby a pot\u00e9 je vyprat. Pra\u010dku napl\u0148te studenou vodou a pou\u017eijte jemn\u00fd cyklus, abyste l\u00e9pe ochr\u00e1nili barvy.<\/p>","protected":false},"excerpt":{"rendered":"<p>Das dritte Barcelona 23-24 Fu\u00dfball trikot ist \u00fcberwiegend mint (\u201eLight Aqua\u201c), kombiniert mit Blaugrana als Designelementen und Schwarz als Logofarbe.Was die Template betrifft, so ist das Bar\u00e7a 23-24 dritte Fu\u00dfballtrikot stromlinienf\u00f6rmig. Es verwendet die gleiche Template wie verschiedene Nationalmannschaften f\u00fcr die Frauen-WM 2023 und andere 23-24 Elite-Clubteams f\u00fcr ihre dritten Trikots.Zwei Dinge lassen das Barcelona [&hellip;]<\/p>","protected":false},"featured_media":16274,"comment_status":"open","ping_status":"closed","template":"","meta":[],"product_brand":[],"product_cat":[31],"product_tag":[703,704,20,863,864,33,574,426,24],"class_list":{"0":"post-16232","1":"product","2":"type-product","3":"status-publish","4":"has-post-thumbnail","6":"product_cat-fc-barcelona","7":"product_tag-barcelona-fussballtrikot","8":"product_tag-barcelona-trikot","9":"product_tag-coole-fussballtrikots","10":"product_tag-fc-barcelona-neue-trikots","11":"product_tag-fc-barcelona-trikot-set","12":"product_tag-fc-barcelona-trikots","13":"product_tag-fussballtrikot-deutschland","14":"product_tag-fussballtrikots-kurzarm","15":"product_tag-guenstiges-fussballtrikot","17":"first","18":"instock","19":"shipping-taxable","20":"purchasable","21":"product-type-variable"},"_links":{"self":[{"href":"https:\/\/www.billigtrikotde.com\/cs\/wp-json\/wp\/v2\/product\/16232","targetHints":{"allow":["GET"]}}],"collection":[{"href":"https:\/\/www.billigtrikotde.com\/cs\/wp-json\/wp\/v2\/product"}],"about":[{"href":"https:\/\/www.billigtrikotde.com\/cs\/wp-json\/wp\/v2\/types\/product"}],"replies":[{"embeddable":true,"href":"https:\/\/www.billigtrikotde.com\/cs\/wp-json\/wp\/v2\/comments?post=16232"}],"wp:featuredmedia":[{"embeddable":true,"href":"https:\/\/www.billigtrikotde.com\/cs\/wp-json\/wp\/v2\/media\/16274"}],"wp:attachment":[{"href":"https:\/\/www.billigtrikotde.com\/cs\/wp-json\/wp\/v2\/media?parent=16232"}],"wp:term":[{"taxonomy":"product_brand","embeddable":true,"href":"https:\/\/www.billigtrikotde.com\/cs\/wp-json\/wp\/v2\/product_brand?post=16232"},{"taxonomy":"product_cat","embeddable":true,"href":"https:\/\/www.billigtrikotde.com\/cs\/wp-json\/wp\/v2\/product_cat?post=16232"},{"taxonomy":"product_tag","embeddable":true,"href":"https:\/\/www.billigtrikotde.com\/cs\/wp-json\/wp\/v2\/product_tag?post=16232"}],"curies":[{"name":"wp","href":"https:\/\/api.w.org\/{rel}","templated":true}]}}