{"id":16196,"date":"2024-10-24T08:29:44","date_gmt":"2024-10-24T06:29:44","guid":{"rendered":"http:\/\/billigtrikots.com\/?post_type=product&#038;p=16196"},"modified":"2025-05-30T16:14:07","modified_gmt":"2025-05-30T14:14:07","slug":"herren-set-manchester-united-2023-2024-drittes-trikot-mit-aufdruck-amad-16","status":"publish","type":"product","link":"https:\/\/www.billigtrikotde.com\/cs\/herren-set-manchester-united-2023-2024-drittes-trikot-mit-aufdruck-amad-16\/","title":{"rendered":"P\u00e1nsk\u00e1 sada Manchester United 2023-2024 t\u0159et\u00ed dres s potiskem AMAD 16"},"content":{"rendered":"<p>T\u0159et\u00ed tri\u010dko Manchester United 2023-2024 m\u00e1 p\u0159ev\u00e1\u017en\u011b kr\u00e9movou barvu s \u010derven\u00fdmi akcenty a zvl\u00e1\u0161tnost\u00ed t\u0159et\u00edho tri\u010dka Manchester United 2023-2024 je, \u017ee klubov\u00fd znak byl nahrazen ikonick\u00fdm znakem \u010derven\u00e9ho \u010f\u00e1bla ve znaku ManUtd. Tato ne\u010dekan\u00e1 zm\u011bna dod\u00e1v\u00e1 t\u0159et\u00edmu dresu Manchester United 23-24 p\u0159ekvapiv\u00fd a zaj\u00edmav\u00fd prvek.<\/p>\n<p>Tipy pro tisk: Pokud jsou jm\u00e9no a \u010d\u00edslo na obr\u00e1zku p\u0159esn\u011b takov\u00e9, jak\u00e9 chcete, nemus\u00edte je zad\u00e1vat znovu. Pokud tomu tak nen\u00ed, m\u011bli byste zadat po\u017eadovan\u00e9 jm\u00e9no a \u010d\u00edslo.<\/p>\n<p>Tipy pro pran\u00ed: Doporu\u010dujeme pr\u00e1t fotbalov\u00e1 tri\u010dka v ruce. Pokud chcete pou\u017e\u00edt pra\u010dku, nezapome\u0148te fotbalov\u00e1 tri\u010dka obr\u00e1tit naruby a pot\u00e9 je vyprat. Pra\u010dku napl\u0148te studenou vodou a pou\u017eijte jemn\u00fd cyklus, abyste l\u00e9pe ochr\u00e1nili barvy.<\/p>","protected":false},"excerpt":{"rendered":"<p>T\u0159et\u00ed dres Manchester United 2023-2024 je p\u0159ev\u00e1\u017en\u011b kr\u00e9mov\u00e9 barvy s \u010derven\u00fdmi akcenty. Zvl\u00e1\u0161tnost\u00ed t\u0159et\u00edho dresu Manchester United 2023-2024 je skute\u010dnost, \u017ee klubov\u00e1 vlajka byla nahrazena ikonick\u00fdm \u010derven\u00fdm symbolem \u010f\u00e1bl\u016f z erbu ManUtd. Tato ne\u010dekan\u00e1 zm\u011bna dod\u00e1v\u00e1 t\u0159et\u00edmu dresu Manchester United 23-24 p\u0159ekvapuj\u00edc\u00ed a zaj\u00edmav\u00fd prvek. Tipy pro tisk: Pokud je jm\u00e9no [\u2026]<\/p>","protected":false},"featured_media":16237,"comment_status":"open","ping_status":"closed","template":"","meta":[],"product_brand":[],"product_cat":[50],"product_tag":[20,574,21,23,24,900,672,673],"class_list":{"0":"post-16196","1":"product","2":"type-product","3":"status-publish","4":"has-post-thumbnail","6":"product_cat-manchester-united","7":"product_tag-coole-fussballtrikots","8":"product_tag-fussballtrikot-deutschland","9":"product_tag-fussballtrikot-fuer-herren","10":"product_tag-fussballtrikot-kurzarm","11":"product_tag-guenstiges-fussballtrikot","12":"product_tag-manchester-united-2023-2024-drittes-trikot","13":"product_tag-manchester-united-fussballtrikot","14":"product_tag-manchester-united-trikot","16":"first","17":"instock","18":"shipping-taxable","19":"purchasable","20":"product-type-variable"},"_links":{"self":[{"href":"https:\/\/www.billigtrikotde.com\/cs\/wp-json\/wp\/v2\/product\/16196","targetHints":{"allow":["GET"]}}],"collection":[{"href":"https:\/\/www.billigtrikotde.com\/cs\/wp-json\/wp\/v2\/product"}],"about":[{"href":"https:\/\/www.billigtrikotde.com\/cs\/wp-json\/wp\/v2\/types\/product"}],"replies":[{"embeddable":true,"href":"https:\/\/www.billigtrikotde.com\/cs\/wp-json\/wp\/v2\/comments?post=16196"}],"wp:featuredmedia":[{"embeddable":true,"href":"https:\/\/www.billigtrikotde.com\/cs\/wp-json\/wp\/v2\/media\/16237"}],"wp:attachment":[{"href":"https:\/\/www.billigtrikotde.com\/cs\/wp-json\/wp\/v2\/media?parent=16196"}],"wp:term":[{"taxonomy":"product_brand","embeddable":true,"href":"https:\/\/www.billigtrikotde.com\/cs\/wp-json\/wp\/v2\/product_brand?post=16196"},{"taxonomy":"product_cat","embeddable":true,"href":"https:\/\/www.billigtrikotde.com\/cs\/wp-json\/wp\/v2\/product_cat?post=16196"},{"taxonomy":"product_tag","embeddable":true,"href":"https:\/\/www.billigtrikotde.com\/cs\/wp-json\/wp\/v2\/product_tag?post=16196"}],"curies":[{"name":"wp","href":"https:\/\/api.w.org\/{rel}","templated":true}]}}