{"id":1601,"date":"2024-10-23T13:37:32","date_gmt":"2024-10-23T11:37:32","guid":{"rendered":"http:\/\/billigtrikots.com\/?post_type=product&#038;p=1601"},"modified":"2024-10-23T13:39:03","modified_gmt":"2024-10-23T11:39:03","slug":"fc-arsenal-heimtrikot-2022-xhaka-34-herren-rot-kurzarm-kurze-hosen","status":"publish","type":"product","link":"https:\/\/www.billigtrikotde.com\/cs\/fc-arsenal-heimtrikot-2022-xhaka-34-herren-rot-kurzarm-kurze-hosen\/","title":{"rendered":"FC Arsenal dom\u00e1c\u00ed dres 2022 Xhaka 34# p\u00e1nsk\u00fd \u010derven\u00fd kr\u00e1tk\u00fd ruk\u00e1v + kr\u00e1tk\u00e9 kalhoty"},"content":{"rendered":"<p>Wei\u00dfe Eins\u00e4tze und marineblaue Details? Das erinnert sofort an eine \u00c4ra, in der der FC Arsenal praktisch gar nicht verlieren konnte. Das Design ist durch das weiche Material mit feuchtigkeitsabsorbierender AEROREADY Technologie superbequem. Au\u00dferdem zeigt das gewebte Vereinslogo auf der Brust, f\u00fcr welchen Club dein Herz schl\u00e4gt.<\/p>\n<p>Tipy pro tisk: Pokud jsou jm\u00e9no a \u010d\u00edslo na obr\u00e1zku p\u0159esn\u011b takov\u00e9, jak\u00e9 chcete, nemus\u00edte je zad\u00e1vat znovu. Pokud tomu tak nen\u00ed, m\u011bli byste zadat po\u017eadovan\u00e9 jm\u00e9no a \u010d\u00edslo.<\/p>\n<p>Tipy pro pran\u00ed: Doporu\u010dujeme pr\u00e1t fotbalov\u00e1 tri\u010dka v ruce. Pokud chcete pou\u017e\u00edt pra\u010dku, nezapome\u0148te fotbalov\u00e1 tri\u010dka obr\u00e1tit naruby a pot\u00e9 je vyprat. Pra\u010dku napl\u0148te studenou vodou a pou\u017eijte jemn\u00fd cyklus, abyste l\u00e9pe ochr\u00e1nili barvy.<\/p>","protected":false},"excerpt":{"rendered":"<p>Wei\u00dfe Eins\u00e4tze und marineblaue Details? Das erinnert sofort an eine \u00c4ra, in der der FC Arsenal praktisch gar nicht verlieren konnte. Das Design ist durch das weiche Material mit feuchtigkeitsabsorbierender AEROREADY Technologie superbequem. Au\u00dferdem zeigt das gewebte Vereinslogo auf der Brust, f\u00fcr welchen Club dein Herz schl\u00e4gt. Tipps zum Drucken: Wenn der Name und die [&hellip;]<\/p>","protected":false},"featured_media":1632,"comment_status":"open","ping_status":"closed","template":"","meta":[],"product_brand":[],"product_cat":[55],"product_tag":[20,57,21,22,23,54,24],"class_list":{"0":"post-1601","1":"product","2":"type-product","3":"status-publish","4":"has-post-thumbnail","6":"product_cat-arsenal","7":"product_tag-coole-fussballtrikots","8":"product_tag-fc-arsenal-trikots","9":"product_tag-fussballtrikot-fuer-herren","10":"product_tag-fussballtrikot-guenstig-kaufen","11":"product_tag-fussballtrikot-kurzarm","12":"product_tag-fussballtrikot-set","13":"product_tag-guenstiges-fussballtrikot","15":"first","16":"instock","17":"shipping-taxable","18":"purchasable","19":"product-type-variable"},"_links":{"self":[{"href":"https:\/\/www.billigtrikotde.com\/cs\/wp-json\/wp\/v2\/product\/1601","targetHints":{"allow":["GET"]}}],"collection":[{"href":"https:\/\/www.billigtrikotde.com\/cs\/wp-json\/wp\/v2\/product"}],"about":[{"href":"https:\/\/www.billigtrikotde.com\/cs\/wp-json\/wp\/v2\/types\/product"}],"replies":[{"embeddable":true,"href":"https:\/\/www.billigtrikotde.com\/cs\/wp-json\/wp\/v2\/comments?post=1601"}],"wp:featuredmedia":[{"embeddable":true,"href":"https:\/\/www.billigtrikotde.com\/cs\/wp-json\/wp\/v2\/media\/1632"}],"wp:attachment":[{"href":"https:\/\/www.billigtrikotde.com\/cs\/wp-json\/wp\/v2\/media?parent=1601"}],"wp:term":[{"taxonomy":"product_brand","embeddable":true,"href":"https:\/\/www.billigtrikotde.com\/cs\/wp-json\/wp\/v2\/product_brand?post=1601"},{"taxonomy":"product_cat","embeddable":true,"href":"https:\/\/www.billigtrikotde.com\/cs\/wp-json\/wp\/v2\/product_cat?post=1601"},{"taxonomy":"product_tag","embeddable":true,"href":"https:\/\/www.billigtrikotde.com\/cs\/wp-json\/wp\/v2\/product_tag?post=1601"}],"curies":[{"name":"wp","href":"https:\/\/api.w.org\/{rel}","templated":true}]}}