{"id":1581,"date":"2024-10-23T13:36:32","date_gmt":"2024-10-23T11:36:32","guid":{"rendered":"http:\/\/billigtrikots.com\/?post_type=product&#038;p=1581"},"modified":"2024-10-23T13:38:30","modified_gmt":"2024-10-23T11:38:30","slug":"arsenal-heimtrikot-2022-chamberlain-15-herren-rot-kurzarm-kurze-hosen","status":"publish","type":"product","link":"https:\/\/www.billigtrikotde.com\/cs\/arsenal-heimtrikot-2022-chamberlain-15-herren-rot-kurzarm-kurze-hosen\/","title":{"rendered":"Arsenal dom\u00e1c\u00ed dres 2022 Chamberlain 15# p\u00e1nsk\u00fd \u010derven\u00fd kr\u00e1tk\u00fd ruk\u00e1v + kr\u00e1tk\u00e9 kalhoty"},"content":{"rendered":"<p>Podporujete sv\u016fj t\u00fdm v dobr\u00fdch i \u0161patn\u00fdch \u010dasech s odvodov\u00fdm modelem v b\u00edl\u00e9 barv\u011b. S tri\u010dkem z domu a-didas opravdu nem\u016f\u017eete ud\u011blat chybu. Jako prav\u00fd fanou\u0161ek FC Arsenal London pot\u0159ebujete toto dom\u00e1c\u00ed tri\u010dko, kter\u00e9 nos\u00ed hr\u00e1\u010di v Premier League. Je prody\u0161n\u00e9, velmi pohodln\u00e9 a odv\u00e1d\u00ed pot. U tohoto sportovn\u00edho tri\u010dka m\u016f\u017eete vizu\u00e1ln\u011b po\u010d\u00edtat s klubov\u00fdm znakem na hrudi. S t\u00edmto tri\u010dkem m\u016f\u017eete b\u00fdt je\u0161t\u011b v\u00fdkonn\u011bj\u0161\u00ed a p\u0159ipravit se na p\u0159\u00ed\u0161t\u00ed z\u00e1pas.<\/p>\n<p>Tipy pro tisk: Pokud jsou jm\u00e9no a \u010d\u00edslo na obr\u00e1zku p\u0159esn\u011b takov\u00e9, jak\u00e9 chcete, nemus\u00edte je zad\u00e1vat znovu. Pokud tomu tak nen\u00ed, m\u011bli byste zadat po\u017eadovan\u00e9 jm\u00e9no a \u010d\u00edslo.<\/p>\n<p>Tipy pro pran\u00ed: Doporu\u010dujeme pr\u00e1t fotbalov\u00e1 tri\u010dka v ruce. Pokud chcete pou\u017e\u00edt pra\u010dku, nezapome\u0148te fotbalov\u00e1 tri\u010dka obr\u00e1tit naruby a pot\u00e9 je vyprat. Pra\u010dku napl\u0148te studenou vodou a pou\u017eijte jemn\u00fd cyklus, abyste l\u00e9pe ochr\u00e1nili barvy.<\/p>","protected":false},"excerpt":{"rendered":"<p>Du unterst\u00fctzt dein Team in guten wie in schlechten Zeiten mit dem schwei\u00dfableitenden Modell in Wei\u00df. Mit dem Trikot aus dem Hause a-didas kann man wirklich nichts falsch machen. Als echter FC Arsenal London-Fan brauchst du dieses Heim-Trikot, das die Spieler in der Premier League tragen. Es ist atmungsaktiv, super bequem und schwei\u00dfableitend. Bei diesem [&hellip;]<\/p>","protected":false},"featured_media":1618,"comment_status":"open","ping_status":"closed","template":"","meta":[],"product_brand":[],"product_cat":[55],"product_tag":[20,57,21,22,23,54,24],"class_list":{"0":"post-1581","1":"product","2":"type-product","3":"status-publish","4":"has-post-thumbnail","6":"product_cat-arsenal","7":"product_tag-coole-fussballtrikots","8":"product_tag-fc-arsenal-trikots","9":"product_tag-fussballtrikot-fuer-herren","10":"product_tag-fussballtrikot-guenstig-kaufen","11":"product_tag-fussballtrikot-kurzarm","12":"product_tag-fussballtrikot-set","13":"product_tag-guenstiges-fussballtrikot","15":"first","16":"instock","17":"shipping-taxable","18":"purchasable","19":"product-type-variable"},"_links":{"self":[{"href":"https:\/\/www.billigtrikotde.com\/cs\/wp-json\/wp\/v2\/product\/1581","targetHints":{"allow":["GET"]}}],"collection":[{"href":"https:\/\/www.billigtrikotde.com\/cs\/wp-json\/wp\/v2\/product"}],"about":[{"href":"https:\/\/www.billigtrikotde.com\/cs\/wp-json\/wp\/v2\/types\/product"}],"replies":[{"embeddable":true,"href":"https:\/\/www.billigtrikotde.com\/cs\/wp-json\/wp\/v2\/comments?post=1581"}],"wp:featuredmedia":[{"embeddable":true,"href":"https:\/\/www.billigtrikotde.com\/cs\/wp-json\/wp\/v2\/media\/1618"}],"wp:attachment":[{"href":"https:\/\/www.billigtrikotde.com\/cs\/wp-json\/wp\/v2\/media?parent=1581"}],"wp:term":[{"taxonomy":"product_brand","embeddable":true,"href":"https:\/\/www.billigtrikotde.com\/cs\/wp-json\/wp\/v2\/product_brand?post=1581"},{"taxonomy":"product_cat","embeddable":true,"href":"https:\/\/www.billigtrikotde.com\/cs\/wp-json\/wp\/v2\/product_cat?post=1581"},{"taxonomy":"product_tag","embeddable":true,"href":"https:\/\/www.billigtrikotde.com\/cs\/wp-json\/wp\/v2\/product_tag?post=1581"}],"curies":[{"name":"wp","href":"https:\/\/api.w.org\/{rel}","templated":true}]}}