{"id":1565,"date":"2024-10-23T13:35:57","date_gmt":"2024-10-23T11:35:57","guid":{"rendered":"http:\/\/billigtrikots.com\/?post_type=product&#038;p=1565"},"modified":"2024-10-23T13:37:27","modified_gmt":"2024-10-23T11:37:27","slug":"arsenal-heimtrikot-2022-herren-kurzarm-rot-mit-aufdruck-saka-7-kurze-hosen","status":"publish","type":"product","link":"https:\/\/www.billigtrikotde.com\/cs\/arsenal-heimtrikot-2022-herren-kurzarm-rot-mit-aufdruck-saka-7-kurze-hosen\/","title":{"rendered":"Arsenal dom\u00e1c\u00ed dres 2022 p\u00e1nsk\u00fd kr\u00e1tk\u00fd ruk\u00e1v \u010derven\u00fd s potiskem SAKA 7 + kr\u00e1tk\u00e9 kalhoty"},"content":{"rendered":"<p>Uka\u017e sv\u016fj t\u00fdmov\u00fd hrdost a podpo\u0159 Arsenal Lond\u00fdn v sez\u00f3n\u011b 2021\/2022 v ofici\u00e1ln\u00edm p\u00e1nsk\u00e9m home triku zna\u010dky a-didas.<\/p>\n<p>Fan verze dom\u00e1c\u00edho dresu vypad\u00e1 jako model, kter\u00fd nos\u00ed Arsenal profesion\u00e1lov\u00e9 b\u011bhem z\u00e1pas\u016f. Materi\u00e1l Primegreen se skl\u00e1d\u00e1 z recyklovan\u00e9ho polyesteru a d\u00edky technologii AEROREADY odpuzuj\u00edc\u00ed vlhkost zaji\u0161\u0165uje p\u0159\u00edjemn\u011b such\u00fd pocit b\u011bhem no\u0161en\u00ed. Znak klubu na hrudi potvrzuje, \u017ee tv\u00e9 srdce bije pro Gunners.<\/p>\n<p>Tipy pro tisk: Pokud jsou jm\u00e9no a \u010d\u00edslo na obr\u00e1zku p\u0159esn\u011b takov\u00e9, jak\u00e9 chcete, nemus\u00edte je zad\u00e1vat znovu. Pokud tomu tak nen\u00ed, m\u011bli byste zadat po\u017eadovan\u00e9 jm\u00e9no a \u010d\u00edslo.<\/p>\n<p>Tipy pro pran\u00ed: Doporu\u010dujeme pr\u00e1t fotbalov\u00e1 tri\u010dka v ruce. Pokud chcete pou\u017e\u00edt pra\u010dku, nezapome\u0148te fotbalov\u00e1 tri\u010dka obr\u00e1tit naruby a pot\u00e9 je vyprat. Pra\u010dku napl\u0148te studenou vodou a pou\u017eijte jemn\u00fd cyklus, abyste l\u00e9pe ochr\u00e1nili barvy.<\/p>","protected":false},"excerpt":{"rendered":"<p>Zeige deinen Teamstolz und unterst\u00fctze Arsenal London in der Saison 2021\/2022 im offiziellen a-didas Heimtrikot f\u00fcr Herren. Die Fan-Version des Home Jerseys sieht aus wie das Modell, das die Arsenal-Profis an Spieltagen tragen. Das Primegreen-Material besteht aus recyceltem Polyester und sorgt dank der feuchtigkeitsableitenden AEROREADY-Technologie f\u00fcr ein angenehm trockenes Tragegef\u00fchl. Das Vereinswappen auf der Brust [&hellip;]<\/p>","protected":false},"featured_media":1596,"comment_status":"open","ping_status":"closed","template":"","meta":[],"product_brand":[],"product_cat":[55],"product_tag":[20,57,21,22,23,54,24],"class_list":{"0":"post-1565","1":"product","2":"type-product","3":"status-publish","4":"has-post-thumbnail","6":"product_cat-arsenal","7":"product_tag-coole-fussballtrikots","8":"product_tag-fc-arsenal-trikots","9":"product_tag-fussballtrikot-fuer-herren","10":"product_tag-fussballtrikot-guenstig-kaufen","11":"product_tag-fussballtrikot-kurzarm","12":"product_tag-fussballtrikot-set","13":"product_tag-guenstiges-fussballtrikot","15":"first","16":"instock","17":"shipping-taxable","18":"purchasable","19":"product-type-variable"},"_links":{"self":[{"href":"https:\/\/www.billigtrikotde.com\/cs\/wp-json\/wp\/v2\/product\/1565","targetHints":{"allow":["GET"]}}],"collection":[{"href":"https:\/\/www.billigtrikotde.com\/cs\/wp-json\/wp\/v2\/product"}],"about":[{"href":"https:\/\/www.billigtrikotde.com\/cs\/wp-json\/wp\/v2\/types\/product"}],"replies":[{"embeddable":true,"href":"https:\/\/www.billigtrikotde.com\/cs\/wp-json\/wp\/v2\/comments?post=1565"}],"wp:featuredmedia":[{"embeddable":true,"href":"https:\/\/www.billigtrikotde.com\/cs\/wp-json\/wp\/v2\/media\/1596"}],"wp:attachment":[{"href":"https:\/\/www.billigtrikotde.com\/cs\/wp-json\/wp\/v2\/media?parent=1565"}],"wp:term":[{"taxonomy":"product_brand","embeddable":true,"href":"https:\/\/www.billigtrikotde.com\/cs\/wp-json\/wp\/v2\/product_brand?post=1565"},{"taxonomy":"product_cat","embeddable":true,"href":"https:\/\/www.billigtrikotde.com\/cs\/wp-json\/wp\/v2\/product_cat?post=1565"},{"taxonomy":"product_tag","embeddable":true,"href":"https:\/\/www.billigtrikotde.com\/cs\/wp-json\/wp\/v2\/product_tag?post=1565"}],"curies":[{"name":"wp","href":"https:\/\/api.w.org\/{rel}","templated":true}]}}