{"id":1530,"date":"2024-10-23T13:34:21","date_gmt":"2024-10-23T11:34:21","guid":{"rendered":"http:\/\/billigtrikots.com\/?post_type=product&#038;p=1530"},"modified":"2024-10-23T13:36:22","modified_gmt":"2024-10-23T11:36:22","slug":"herren-ausweichtrikot-fc-arsenal-2022-torreira-11-blau-rot-kurze-hosen","status":"publish","type":"product","link":"https:\/\/www.billigtrikotde.com\/cs\/herren-ausweichtrikot-fc-arsenal-2022-torreira-11-blau-rot-kurze-hosen\/","title":{"rendered":"P\u00e1nsk\u00fd n\u00e1hradn\u00ed dres FC Arsenal 2022 Torreira 11# modro\/\u010derven\u00fd + kr\u00e1tk\u00e9 kalhoty"},"content":{"rendered":"<p>Tady p\u0159ich\u00e1z\u00ed obrozen\u00ed designu z 90. let \u2013 jako blesk z minulosti. Tento n\u00e1hradn\u00ed dres FC Arsenal slav\u00ed \u00fasp\u011b\u0161n\u00e9 desetilet\u00ed pro fotbal a pro a-didas. Verze pro fanou\u0161ky kombinuje le\u017e\u00e9rn\u00ed vzhled inspirovan\u00fd stylem vybaven\u00ed s modern\u00ed technologi\u00ed. M\u011bkk\u00fd materi\u00e1l s absorpc\u00ed vlhkosti AEROREADY t\u011b udr\u017e\u00ed p\u0159\u00edjemn\u011b such\u00e9ho.<\/p>\n<p>Tipy pro tisk: Pokud jsou jm\u00e9no a \u010d\u00edslo na obr\u00e1zku p\u0159esn\u011b takov\u00e9, jak\u00e9 chcete, nemus\u00edte je zad\u00e1vat znovu. Pokud tomu tak nen\u00ed, m\u011bli byste zadat po\u017eadovan\u00e9 jm\u00e9no a \u010d\u00edslo.<\/p>\n<p>Tipy pro pran\u00ed: Doporu\u010dujeme pr\u00e1t fotbalov\u00e1 tri\u010dka v ruce. Pokud chcete pou\u017e\u00edt pra\u010dku, nezapome\u0148te fotbalov\u00e1 tri\u010dka obr\u00e1tit naruby a pot\u00e9 je vyprat. Pra\u010dku napl\u0148te studenou vodou a pou\u017eijte jemn\u00fd cyklus, abyste l\u00e9pe ochr\u00e1nili barvy.<\/p>","protected":false},"excerpt":{"rendered":"<p>Tady p\u0159ich\u00e1z\u00ed obrozen\u00ed designu z 90. let \u2013 jako blesk z minulosti. Tento n\u00e1hradn\u00ed dres FC Arsenal slav\u00ed \u00fasp\u011b\u0161n\u00e9 desetilet\u00ed pro fotbal a pro a-didas. Verze pro fanou\u0161ky kombinuje le\u017e\u00e9rn\u00ed vzhled inspirovan\u00fd stylem vybaven\u00ed s modern\u00ed technologi\u00ed. M\u011bkk\u00fd materi\u00e1l s absorpc\u00ed vlhkosti AEROREADY t\u011b udr\u017e\u00ed p\u0159\u00edjemn\u011b such\u00e9ho.<\/p>","protected":false},"featured_media":1570,"comment_status":"open","ping_status":"closed","template":"","meta":[],"product_brand":[],"product_cat":[55],"product_tag":[20,57,21,22,23,54,24],"class_list":{"0":"post-1530","1":"product","2":"type-product","3":"status-publish","4":"has-post-thumbnail","6":"product_cat-arsenal","7":"product_tag-coole-fussballtrikots","8":"product_tag-fc-arsenal-trikots","9":"product_tag-fussballtrikot-fuer-herren","10":"product_tag-fussballtrikot-guenstig-kaufen","11":"product_tag-fussballtrikot-kurzarm","12":"product_tag-fussballtrikot-set","13":"product_tag-guenstiges-fussballtrikot","15":"first","16":"instock","17":"shipping-taxable","18":"purchasable","19":"product-type-variable"},"_links":{"self":[{"href":"https:\/\/www.billigtrikotde.com\/cs\/wp-json\/wp\/v2\/product\/1530","targetHints":{"allow":["GET"]}}],"collection":[{"href":"https:\/\/www.billigtrikotde.com\/cs\/wp-json\/wp\/v2\/product"}],"about":[{"href":"https:\/\/www.billigtrikotde.com\/cs\/wp-json\/wp\/v2\/types\/product"}],"replies":[{"embeddable":true,"href":"https:\/\/www.billigtrikotde.com\/cs\/wp-json\/wp\/v2\/comments?post=1530"}],"wp:featuredmedia":[{"embeddable":true,"href":"https:\/\/www.billigtrikotde.com\/cs\/wp-json\/wp\/v2\/media\/1570"}],"wp:attachment":[{"href":"https:\/\/www.billigtrikotde.com\/cs\/wp-json\/wp\/v2\/media?parent=1530"}],"wp:term":[{"taxonomy":"product_brand","embeddable":true,"href":"https:\/\/www.billigtrikotde.com\/cs\/wp-json\/wp\/v2\/product_brand?post=1530"},{"taxonomy":"product_cat","embeddable":true,"href":"https:\/\/www.billigtrikotde.com\/cs\/wp-json\/wp\/v2\/product_cat?post=1530"},{"taxonomy":"product_tag","embeddable":true,"href":"https:\/\/www.billigtrikotde.com\/cs\/wp-json\/wp\/v2\/product_tag?post=1530"}],"curies":[{"name":"wp","href":"https:\/\/api.w.org\/{rel}","templated":true}]}}