{"id":15264,"date":"2024-10-24T07:39:34","date_gmt":"2024-10-24T05:39:34","guid":{"rendered":"http:\/\/billigtrikots.com\/?post_type=product&#038;p=15264"},"modified":"2025-06-09T04:42:20","modified_gmt":"2025-06-09T02:42:20","slug":"neuen-herren-arsenal-23-24-drittes-trikot-dunkelgruen-kurzarm-kurze-hosen","status":"publish","type":"product","link":"https:\/\/www.billigtrikotde.com\/cs\/neuen-herren-arsenal-23-24-drittes-trikot-dunkelgruen-kurzarm-kurze-hosen\/","title":{"rendered":"Nov\u00fd p\u00e1nsk\u00fd dres Arsenal 23-24 Third Jersey Dark Green s kr\u00e1tk\u00fdm ruk\u00e1vem + \u0161ortky"},"content":{"rendered":"<p>Arsenal 23-24 t\u0159et\u00ed dres je \u201etmav\u011b zelen\u00fd\u201c s n\u00e1mo\u0159nick\u00fdmi ruk\u00e1vy, jak tomu bylo u p\u016fvodn\u00edho Umbro.<\/p>\n<p>Tipy pro tisk: Pokud jsou jm\u00e9no a \u010d\u00edslo na obr\u00e1zku p\u0159esn\u011b takov\u00e9, jak\u00e9 chcete, nemus\u00edte je zad\u00e1vat znovu. Pokud tomu tak nen\u00ed, m\u011bli byste zadat po\u017eadovan\u00e9 jm\u00e9no a \u010d\u00edslo.<\/p>\n<p>Tipy pro pran\u00ed: Doporu\u010dujeme pr\u00e1t fotbalov\u00e1 tri\u010dka v ruce. Pokud chcete pou\u017e\u00edt pra\u010dku, nezapome\u0148te fotbalov\u00e1 tri\u010dka obr\u00e1tit naruby a pot\u00e9 je vyprat. Pra\u010dku napl\u0148te studenou vodou a pou\u017eijte jemn\u00fd cyklus, abyste l\u00e9pe ochr\u00e1nili barvy.<\/p>","protected":false},"excerpt":{"rendered":"<p>Das Arsenal 23-24 Dritte Trikot ist &#8222;Dunkelgr\u00fcn&#8220; mit marineblauen \u00c4rmeln, wie es beim Umbro-Original der Fall war&#8220;. Tipps zum Drucken: Wenn der Name und die Nummer auf dem Bild genau Ihren W\u00fcnschen entsprechen, m\u00fcssen Sie sie nicht erneut eingeben. Wenn nicht, sollten Sie Ihren gew\u00fcnschten Namen und Ihre Nummer eingeben. Tipps zum Waschen: Es wird [&hellip;]<\/p>","protected":false},"featured_media":15303,"comment_status":"open","ping_status":"closed","template":"","meta":[],"product_brand":[],"product_cat":[55],"product_tag":[584,907,609,610,574,21,23,24,585],"class_list":{"0":"post-15264","1":"product","2":"type-product","3":"status-publish","4":"has-post-thumbnail","6":"product_cat-arsenal","7":"product_tag-arsenal-2023-24-trikot","8":"product_tag-arsenal-23-24-drittes-trikot","9":"product_tag-arsenal-fussballtrikot","10":"product_tag-arsenal-trikot","11":"product_tag-fussballtrikot-deutschland","12":"product_tag-fussballtrikot-fuer-herren","13":"product_tag-fussballtrikot-kurzarm","14":"product_tag-guenstiges-fussballtrikot","15":"product_tag-herren-fussballtrikot","17":"first","18":"instock","19":"shipping-taxable","20":"purchasable","21":"product-type-variable"},"_links":{"self":[{"href":"https:\/\/www.billigtrikotde.com\/cs\/wp-json\/wp\/v2\/product\/15264","targetHints":{"allow":["GET"]}}],"collection":[{"href":"https:\/\/www.billigtrikotde.com\/cs\/wp-json\/wp\/v2\/product"}],"about":[{"href":"https:\/\/www.billigtrikotde.com\/cs\/wp-json\/wp\/v2\/types\/product"}],"replies":[{"embeddable":true,"href":"https:\/\/www.billigtrikotde.com\/cs\/wp-json\/wp\/v2\/comments?post=15264"}],"wp:featuredmedia":[{"embeddable":true,"href":"https:\/\/www.billigtrikotde.com\/cs\/wp-json\/wp\/v2\/media\/15303"}],"wp:attachment":[{"href":"https:\/\/www.billigtrikotde.com\/cs\/wp-json\/wp\/v2\/media?parent=15264"}],"wp:term":[{"taxonomy":"product_brand","embeddable":true,"href":"https:\/\/www.billigtrikotde.com\/cs\/wp-json\/wp\/v2\/product_brand?post=15264"},{"taxonomy":"product_cat","embeddable":true,"href":"https:\/\/www.billigtrikotde.com\/cs\/wp-json\/wp\/v2\/product_cat?post=15264"},{"taxonomy":"product_tag","embeddable":true,"href":"https:\/\/www.billigtrikotde.com\/cs\/wp-json\/wp\/v2\/product_tag?post=15264"}],"curies":[{"name":"wp","href":"https:\/\/api.w.org\/{rel}","templated":true}]}}