{"id":15254,"date":"2024-10-24T07:38:58","date_gmt":"2024-10-24T05:38:58","guid":{"rendered":"http:\/\/billigtrikots.com\/?post_type=product&#038;p=15254"},"modified":"2024-10-24T07:41:39","modified_gmt":"2024-10-24T05:41:39","slug":"herren-real-betis-2023-2024-trikot-in-gruen-weissen-personalisierbar","status":"publish","type":"product","link":"https:\/\/www.billigtrikotde.com\/cs\/herren-real-betis-2023-2024-trikot-in-gruen-weissen-personalisierbar\/","title":{"rendered":"P\u00e1nsk\u00fd dres Real Betis 2023-2024 v zelen\u00e9 a b\u00edl\u00e9 barv\u011b na zak\u00e1zku"},"content":{"rendered":"<p>Triko Hummel Real Betis Balompi\u00e9 2023-2024 s tradi\u010dn\u00edmi zeleno-b\u00edl\u00fdmi pruhy m\u00e1 nav\u00edc \u010dtvercov\u00fd vzor, kter\u00fd p\u0159ipom\u00edn\u00e1 dla\u017ebu na Plaza Nueva. Klasick\u00e9 \u0161ipky od Hummel zdob\u00ed ramena a kalhoty dom\u00e1c\u00edho dresu Hummel Real Betis Balompi\u00e9 2023-2024. Kalhoty dom\u00e1c\u00edho dresu Betis 2023-24 jsou b\u00edl\u00e9.<\/p>\n<p>Tipy pro tisk: Pokud jsou jm\u00e9no a \u010d\u00edslo na obr\u00e1zku p\u0159esn\u011b takov\u00e9, jak\u00e9 chcete, nemus\u00edte je zad\u00e1vat znovu. Pokud tomu tak nen\u00ed, m\u011bli byste zadat po\u017eadovan\u00e9 jm\u00e9no a \u010d\u00edslo.<\/p>\n<p>Tipy pro pran\u00ed: Doporu\u010dujeme pr\u00e1t fotbalov\u00e1 tri\u010dka v ruce. Pokud chcete pou\u017e\u00edt pra\u010dku, nezapome\u0148te fotbalov\u00e1 tri\u010dka obr\u00e1tit naruby a pot\u00e9 je vyprat. Pra\u010dku napl\u0148te studenou vodou a pou\u017eijte jemn\u00fd cyklus, abyste l\u00e9pe ochr\u00e1nili barvy.<\/p>","protected":false},"excerpt":{"rendered":"<p>Hummel Real Betis Balompi\u00e9 2023-2024 triko s tradi\u010dn\u00edmi zeleno-b\u00edl\u00fdmi pruhy m\u00e1 nav\u00edc \u010dtvercov\u00fd vzor, kter\u00fd p\u0159ipom\u00edn\u00e1 dla\u017ebu Plaza Nueva. Klasick\u00e9 chevrons od Hummelu zdob\u00ed ramena a kalhoty dom\u00e1c\u00edho trika Hummel Real Betis Balompi\u00e9 2023-2024. Kalhoty Betisu 2023-24 dom\u00e1c\u00edho trika jsou b\u00edl\u00e9. Tipy k tisku: Pokud jm\u00e9no [\u2026]<\/p>","protected":false},"featured_media":15301,"comment_status":"open","ping_status":"closed","template":"","meta":[],"product_brand":[],"product_cat":[901],"product_tag":[20,574,21,22,23,24,902,903,904,905],"class_list":{"0":"post-15254","1":"product","2":"type-product","3":"status-publish","4":"has-post-thumbnail","6":"product_cat-real-betis","7":"product_tag-coole-fussballtrikots","8":"product_tag-fussballtrikot-deutschland","9":"product_tag-fussballtrikot-fuer-herren","10":"product_tag-fussballtrikot-guenstig-kaufen","11":"product_tag-fussballtrikot-kurzarm","12":"product_tag-guenstiges-fussballtrikot","13":"product_tag-real-betis-2023-2024-trikot","14":"product_tag-real-betis-fussballtrikots","15":"product_tag-real-betis-trikot","16":"product_tag-real-betis-trikot-23-24","18":"first","19":"instock","20":"shipping-taxable","21":"purchasable","22":"product-type-variable"},"_links":{"self":[{"href":"https:\/\/www.billigtrikotde.com\/cs\/wp-json\/wp\/v2\/product\/15254","targetHints":{"allow":["GET"]}}],"collection":[{"href":"https:\/\/www.billigtrikotde.com\/cs\/wp-json\/wp\/v2\/product"}],"about":[{"href":"https:\/\/www.billigtrikotde.com\/cs\/wp-json\/wp\/v2\/types\/product"}],"replies":[{"embeddable":true,"href":"https:\/\/www.billigtrikotde.com\/cs\/wp-json\/wp\/v2\/comments?post=15254"}],"wp:featuredmedia":[{"embeddable":true,"href":"https:\/\/www.billigtrikotde.com\/cs\/wp-json\/wp\/v2\/media\/15301"}],"wp:attachment":[{"href":"https:\/\/www.billigtrikotde.com\/cs\/wp-json\/wp\/v2\/media?parent=15254"}],"wp:term":[{"taxonomy":"product_brand","embeddable":true,"href":"https:\/\/www.billigtrikotde.com\/cs\/wp-json\/wp\/v2\/product_brand?post=15254"},{"taxonomy":"product_cat","embeddable":true,"href":"https:\/\/www.billigtrikotde.com\/cs\/wp-json\/wp\/v2\/product_cat?post=15254"},{"taxonomy":"product_tag","embeddable":true,"href":"https:\/\/www.billigtrikotde.com\/cs\/wp-json\/wp\/v2\/product_tag?post=15254"}],"curies":[{"name":"wp","href":"https:\/\/api.w.org\/{rel}","templated":true}]}}