{"id":1499,"date":"2024-10-23T13:33:09","date_gmt":"2024-10-23T11:33:09","guid":{"rendered":"http:\/\/billigtrikots.com\/?post_type=product&#038;p=1499"},"modified":"2024-10-23T13:34:45","modified_gmt":"2024-10-23T11:34:45","slug":"odegaard-11-trikotsatz-fc-arsenal-gelbe-trikots-auswaerts-2022-kurze-hosen","status":"publish","type":"product","link":"https:\/\/www.billigtrikotde.com\/cs\/odegaard-11-trikotsatz-fc-arsenal-gelbe-trikots-auswaerts-2022-kurze-hosen\/","title":{"rendered":"\u00d8degaard 11# Souprava dres\u016f FC Arsenal \u017elut\u00e9 dresy venkovn\u00ed 2022 + \u0161ortky"},"content":{"rendered":"<p>Zde p\u0159ich\u00e1z\u00ed adidas dres ve \u017elut\u00e9 barv\u011b, kter\u00fd v\u00e1m pom\u016f\u017ee podporovat va\u0161eho obl\u00edben\u00e9ho klubu za v\u0161ech okolnost\u00ed a uk\u00e1zat, za co va\u0161e srdce bije. Roz\u0161i\u0159te svou sb\u00edrku FC Arsenal Lond\u00fdn o venkovn\u00ed dres, kter\u00fd nos\u00ed i hr\u00e1\u010di v Premier League. Prody\u0161n\u00e1, pohodln\u00e1 a odv\u00e1d\u011bj\u00edc\u00ed pot funk\u010dnost ho \u010din\u00ed p\u0159esv\u011bd\u010div\u00fdm. Vyzna\u010duje se vizu\u00e1ln\u011b s klubov\u00fdm znakem na hrudi. A\u0165 u\u017e je tr\u00e9nink nebo z\u00e1pas jak\u00fdkoli, s t\u00edmto modelem jste v\u017edy dob\u0159e oble\u010den\u00fd.<\/p>\n<p>Tipy pro tisk: Pokud jsou jm\u00e9no a \u010d\u00edslo na obr\u00e1zku p\u0159esn\u011b takov\u00e9, jak\u00e9 chcete, nemus\u00edte je zad\u00e1vat znovu. Pokud tomu tak nen\u00ed, m\u011bli byste zadat po\u017eadovan\u00e9 jm\u00e9no a \u010d\u00edslo.<\/p>\n<p>Tipy pro pran\u00ed: Doporu\u010dujeme pr\u00e1t fotbalov\u00e1 tri\u010dka v ruce. Pokud chcete pou\u017e\u00edt pra\u010dku, nezapome\u0148te fotbalov\u00e1 tri\u010dka obr\u00e1tit naruby a pot\u00e9 je vyprat. Pra\u010dku napl\u0148te studenou vodou a pou\u017eijte jemn\u00fd cyklus, abyste l\u00e9pe ochr\u00e1nili barvy.<\/p>","protected":false},"excerpt":{"rendered":"<p>P\u0159ich\u00e1z\u00ed adidas dres v \u017elut\u00e9 barv\u011b, kter\u00fd ti pom\u016f\u017ee podporovat tv\u016fj obl\u00edben\u00fd klub za v\u0161ech okolnost\u00ed a uk\u00e1zat, za co tv\u00e9 srdce bije. Roz\u0161i\u0159 svou sb\u00edrku FC Arsenal London o venkovn\u00ed dres, kter\u00fd nos\u00ed i hr\u00e1\u010di v Premier League. D\u00fdchateln\u00fd, pohodln\u00fd a odv\u00e1d\u011bj\u00edc\u00ed pot \u2013 jeho funk\u010dn\u00ed konstrukce ho \u010din\u00ed p\u0159esv\u011bd\u010div\u00fdm. Vizu\u00e1ln\u011b vynik\u00e1 s jedn\u00edm [\u2026]<\/p>","protected":false},"featured_media":1532,"comment_status":"open","ping_status":"closed","template":"","meta":[],"product_brand":[],"product_cat":[55],"product_tag":[20,58,57,21,22,23,54,24],"class_list":{"0":"post-1499","1":"product","2":"type-product","3":"status-publish","4":"has-post-thumbnail","6":"product_cat-arsenal","7":"product_tag-coole-fussballtrikots","8":"product_tag-fc-arsenal-auswaertstrikot","9":"product_tag-fc-arsenal-trikots","10":"product_tag-fussballtrikot-fuer-herren","11":"product_tag-fussballtrikot-guenstig-kaufen","12":"product_tag-fussballtrikot-kurzarm","13":"product_tag-fussballtrikot-set","14":"product_tag-guenstiges-fussballtrikot","16":"first","17":"instock","18":"shipping-taxable","19":"purchasable","20":"product-type-variable"},"_links":{"self":[{"href":"https:\/\/www.billigtrikotde.com\/cs\/wp-json\/wp\/v2\/product\/1499","targetHints":{"allow":["GET"]}}],"collection":[{"href":"https:\/\/www.billigtrikotde.com\/cs\/wp-json\/wp\/v2\/product"}],"about":[{"href":"https:\/\/www.billigtrikotde.com\/cs\/wp-json\/wp\/v2\/types\/product"}],"replies":[{"embeddable":true,"href":"https:\/\/www.billigtrikotde.com\/cs\/wp-json\/wp\/v2\/comments?post=1499"}],"wp:featuredmedia":[{"embeddable":true,"href":"https:\/\/www.billigtrikotde.com\/cs\/wp-json\/wp\/v2\/media\/1532"}],"wp:attachment":[{"href":"https:\/\/www.billigtrikotde.com\/cs\/wp-json\/wp\/v2\/media?parent=1499"}],"wp:term":[{"taxonomy":"product_brand","embeddable":true,"href":"https:\/\/www.billigtrikotde.com\/cs\/wp-json\/wp\/v2\/product_brand?post=1499"},{"taxonomy":"product_cat","embeddable":true,"href":"https:\/\/www.billigtrikotde.com\/cs\/wp-json\/wp\/v2\/product_cat?post=1499"},{"taxonomy":"product_tag","embeddable":true,"href":"https:\/\/www.billigtrikotde.com\/cs\/wp-json\/wp\/v2\/product_tag?post=1499"}],"curies":[{"name":"wp","href":"https:\/\/api.w.org\/{rel}","templated":true}]}}