{"id":14383,"date":"2024-10-24T06:52:48","date_gmt":"2024-10-24T04:52:48","guid":{"rendered":"http:\/\/billigtrikots.com\/?post_type=product&#038;p=14383"},"modified":"2024-10-24T06:55:31","modified_gmt":"2024-10-24T04:55:31","slug":"herren-heimtrikot-boca-juniors-23-24-trikot-anpassbare-name-und-nummer","status":"publish","type":"product","link":"https:\/\/www.billigtrikotde.com\/cs\/herren-heimtrikot-boca-juniors-23-24-trikot-anpassbare-name-und-nummer\/","title":{"rendered":"P\u00e1nsk\u00e9 dom\u00e1c\u00ed tri\u010dko Boca Juniors 23-24 Jersey s p\u0159izp\u016fsobiteln\u00fdm jm\u00e9nem a \u010d\u00edslem"},"content":{"rendered":"<p>Triko CA Boca Juniors 23-24 m\u00e1 vedle klasick\u00e9 modr\u00e9 hrudn\u00ed p\u00e1sky tak\u00e9 decentn\u00ed potisk, kter\u00fd je pro klub mimo\u0159\u00e1dn\u011b neobvykl\u00fd. Boca Juniors ned\u00e1vno podepsala smlouvu s Betssonem \u2013 z\u016fst\u00e1v\u00e1 ot\u00e1zkou, zda bude triko 23-24 prod\u00e1v\u00e1no bez sponzora, ale o\u010dek\u00e1v\u00e1me, \u017ee nez\u00e1visl\u00ed prodejci mimo Argentinu jej budou m\u00edt bez hlavn\u00edho sponzora.<br \/>\nCo se t\u00fd\u010de \u0161ablony, Boca Juniors 23-24 triko vych\u00e1z\u00ed z jednoho z model\u016f pro sv\u011btov\u00fd \u0161ampion\u00e1t 2022 a p\u0159ijde s \u017elut\u00fdmi vlo\u017ekami pod pa\u017eemi a pod\u00e9l stran a zadn\u00edho lemu. T\u0159i pruhy na ramenou trika Boca Juniors 2023-24 jsou tak\u00e9 \u017elut\u00e9.<\/p>\n<p>Tipy pro tisk: Pokud jsou jm\u00e9no a \u010d\u00edslo na obr\u00e1zku p\u0159esn\u011b takov\u00e9, jak\u00e9 chcete, nemus\u00edte je zad\u00e1vat znovu. Pokud tomu tak nen\u00ed, m\u011bli byste zadat po\u017eadovan\u00e9 jm\u00e9no a \u010d\u00edslo.<\/p>\n<p>Tipy pro pran\u00ed: Doporu\u010dujeme pr\u00e1t fotbalov\u00e1 tri\u010dka v ruce. Pokud chcete pou\u017e\u00edt pra\u010dku, nezapome\u0148te fotbalov\u00e1 tri\u010dka obr\u00e1tit naruby a pot\u00e9 je vyprat. Pra\u010dku napl\u0148te studenou vodou a pou\u017eijte jemn\u00fd cyklus, abyste l\u00e9pe ochr\u00e1nili barvy.<\/p>","protected":false},"excerpt":{"rendered":"<p>Triko CA Boca Juniors 23-24 m\u00e1 vedle klasick\u00e9 modr\u00e9 hrudn\u00ed p\u00e1sky tak\u00e9 decentn\u00ed potisk, kter\u00fd je pro klub mimo\u0159\u00e1dn\u011b neobvykl\u00fd. Boca Juniors ned\u00e1vno podepsala smlouvu s Betssonem \u2013 z\u016fst\u00e1v\u00e1 ot\u00e1zkou, zda bude triko 23-24 prod\u00e1v\u00e1no bez sponzora, ale o\u010dek\u00e1v\u00e1me, \u017ee nez\u00e1visl\u00ed prodejci mimo Argentinu jej budou m\u00edt bez hlavn\u00edho sponzora.<\/p>","protected":false},"featured_media":14422,"comment_status":"open","ping_status":"closed","template":"","meta":[],"product_brand":[],"product_cat":[15],"product_tag":[797,798,574,21,23,228,24],"class_list":{"0":"post-14383","1":"product","2":"type-product","3":"status-publish","4":"has-post-thumbnail","6":"product_cat-unkategorisiert","7":"product_tag-boca-juniors-23-24-trikot","8":"product_tag-boca-juniors-trikot","9":"product_tag-fussballtrikot-deutschland","10":"product_tag-fussballtrikot-fuer-herren","11":"product_tag-fussballtrikot-kurzarm","12":"product_tag-guenstige-fussballtrikot","13":"product_tag-guenstiges-fussballtrikot","15":"first","16":"instock","17":"shipping-taxable","18":"purchasable","19":"product-type-variable"},"_links":{"self":[{"href":"https:\/\/www.billigtrikotde.com\/cs\/wp-json\/wp\/v2\/product\/14383","targetHints":{"allow":["GET"]}}],"collection":[{"href":"https:\/\/www.billigtrikotde.com\/cs\/wp-json\/wp\/v2\/product"}],"about":[{"href":"https:\/\/www.billigtrikotde.com\/cs\/wp-json\/wp\/v2\/types\/product"}],"replies":[{"embeddable":true,"href":"https:\/\/www.billigtrikotde.com\/cs\/wp-json\/wp\/v2\/comments?post=14383"}],"wp:featuredmedia":[{"embeddable":true,"href":"https:\/\/www.billigtrikotde.com\/cs\/wp-json\/wp\/v2\/media\/14422"}],"wp:attachment":[{"href":"https:\/\/www.billigtrikotde.com\/cs\/wp-json\/wp\/v2\/media?parent=14383"}],"wp:term":[{"taxonomy":"product_brand","embeddable":true,"href":"https:\/\/www.billigtrikotde.com\/cs\/wp-json\/wp\/v2\/product_brand?post=14383"},{"taxonomy":"product_cat","embeddable":true,"href":"https:\/\/www.billigtrikotde.com\/cs\/wp-json\/wp\/v2\/product_cat?post=14383"},{"taxonomy":"product_tag","embeddable":true,"href":"https:\/\/www.billigtrikotde.com\/cs\/wp-json\/wp\/v2\/product_tag?post=14383"}],"curies":[{"name":"wp","href":"https:\/\/api.w.org\/{rel}","templated":true}]}}