{"id":1429,"date":"2024-10-23T13:29:59","date_gmt":"2024-10-23T11:29:59","guid":{"rendered":"http:\/\/billigtrikots.com\/?post_type=product&#038;p=1429"},"modified":"2024-10-23T13:31:58","modified_gmt":"2024-10-23T11:31:58","slug":"fc-arsenal-london-2022-saka-7-herren-heimtrikot-rot-weiss-fussballtrikots","status":"publish","type":"product","link":"https:\/\/www.billigtrikotde.com\/cs\/fc-arsenal-london-2022-saka-7-herren-heimtrikot-rot-weiss-fussballtrikots\/","title":{"rendered":"FC Arsenal Lond\u00fdn 2022 SAKA 7 Mu\u017ei Dom\u00e1c\u00ed dres \u010derven\u00e1\/b\u00edl\u00e1 Fotbalov\u00e9 dresy"},"content":{"rendered":"<p>B\u00edl\u00e9 vlo\u017eky a n\u00e1mo\u0159nick\u00e9 modr\u00e9 detaily p\u0159ipom\u00ednaj\u00ed dobu, kdy Arsenal sv\u00fdmi siln\u00fdmi v\u00fdkony dok\u00e1zal stanovit velk\u00fd rekord. Fotbalov\u00fd dres adidas byl navr\u017een tak, aby fanou\u0161k\u016fm klubu poskytoval maxim\u00e1ln\u00ed komfort. Je vyroben z m\u011bkk\u00e9 tkaniny a disponuje technologi\u00ed AEROREADY, kter\u00e1 odv\u00e1d\u00ed pot. Slavn\u00fd znak na hrudi ukazuje, koho podporujete.<\/p>\n<p>Tipy pro tisk: Pokud jsou jm\u00e9no a \u010d\u00edslo na obr\u00e1zku p\u0159esn\u011b takov\u00e9, jak\u00e9 chcete, nemus\u00edte je zad\u00e1vat znovu. Pokud tomu tak nen\u00ed, m\u011bli byste zadat po\u017eadovan\u00e9 jm\u00e9no a \u010d\u00edslo.<\/p>\n<p>Tipy pro pran\u00ed: Doporu\u010dujeme pr\u00e1t fotbalov\u00e1 tri\u010dka v ruce. Pokud chcete pou\u017e\u00edt pra\u010dku, nezapome\u0148te fotbalov\u00e1 tri\u010dka obr\u00e1tit naruby a pot\u00e9 je vyprat. Pra\u010dku napl\u0148te studenou vodou a pou\u017eijte jemn\u00fd cyklus, abyste l\u00e9pe ochr\u00e1nili barvy.<\/p>","protected":false},"excerpt":{"rendered":"<p>B\u00edl\u00e9 vlo\u017eky a n\u00e1mo\u0159nick\u00e9 modr\u00e9 detaily p\u0159ipom\u00ednaj\u00ed dobu, kdy Arsenal sv\u00fdmi siln\u00fdmi v\u00fdkony dok\u00e1zal stanovit velk\u00fd rekord. Fotbalov\u00fd dres adidas byl navr\u017een tak, aby fanou\u0161k\u016fm klubu poskytoval maxim\u00e1ln\u00ed komfort. Je vyroben z m\u011bkk\u00e9 tkaniny a disponuje technologi\u00ed AEROREADY, kter\u00e1 odv\u00e1d\u00ed pot. Slavn\u00fd znak na hrudi ukazuje, koho podporujete.<\/p>","protected":false},"featured_media":1460,"comment_status":"open","ping_status":"closed","template":"","meta":[],"product_brand":[],"product_cat":[55],"product_tag":[20,56,57,21,22,23,24],"class_list":{"0":"post-1429","1":"product","2":"type-product","3":"status-publish","4":"has-post-thumbnail","6":"product_cat-arsenal","7":"product_tag-coole-fussballtrikots","8":"product_tag-fc-arsenal-heimtrikot","9":"product_tag-fc-arsenal-trikots","10":"product_tag-fussballtrikot-fuer-herren","11":"product_tag-fussballtrikot-guenstig-kaufen","12":"product_tag-fussballtrikot-kurzarm","13":"product_tag-guenstiges-fussballtrikot","15":"first","16":"instock","17":"shipping-taxable","18":"purchasable","19":"product-type-variable"},"_links":{"self":[{"href":"https:\/\/www.billigtrikotde.com\/cs\/wp-json\/wp\/v2\/product\/1429","targetHints":{"allow":["GET"]}}],"collection":[{"href":"https:\/\/www.billigtrikotde.com\/cs\/wp-json\/wp\/v2\/product"}],"about":[{"href":"https:\/\/www.billigtrikotde.com\/cs\/wp-json\/wp\/v2\/types\/product"}],"replies":[{"embeddable":true,"href":"https:\/\/www.billigtrikotde.com\/cs\/wp-json\/wp\/v2\/comments?post=1429"}],"wp:featuredmedia":[{"embeddable":true,"href":"https:\/\/www.billigtrikotde.com\/cs\/wp-json\/wp\/v2\/media\/1460"}],"wp:attachment":[{"href":"https:\/\/www.billigtrikotde.com\/cs\/wp-json\/wp\/v2\/media?parent=1429"}],"wp:term":[{"taxonomy":"product_brand","embeddable":true,"href":"https:\/\/www.billigtrikotde.com\/cs\/wp-json\/wp\/v2\/product_brand?post=1429"},{"taxonomy":"product_cat","embeddable":true,"href":"https:\/\/www.billigtrikotde.com\/cs\/wp-json\/wp\/v2\/product_cat?post=1429"},{"taxonomy":"product_tag","embeddable":true,"href":"https:\/\/www.billigtrikotde.com\/cs\/wp-json\/wp\/v2\/product_tag?post=1429"}],"curies":[{"name":"wp","href":"https:\/\/api.w.org\/{rel}","templated":true}]}}