{"id":14287,"date":"2024-10-24T06:47:34","date_gmt":"2024-10-24T04:47:34","guid":{"rendered":"http:\/\/billigtrikots.com\/?post_type=product&#038;p=14287"},"modified":"2024-10-24T06:50:19","modified_gmt":"2024-10-24T04:50:19","slug":"herren-heimtrikot-al-nassr-23-24-trikot-gelb-kurzarm-blaue-kurze-hosen","status":"publish","type":"product","link":"https:\/\/www.billigtrikotde.com\/cs\/herren-heimtrikot-al-nassr-23-24-trikot-gelb-kurzarm-blaue-kurze-hosen\/","title":{"rendered":"P\u00e1nsk\u00e9 dom\u00e1c\u00ed tri\u010dko Al-Nassr 23-24 Jersey Yellow Short Sleeve + Blue Shorts"},"content":{"rendered":"<p>Triko Al-Nassr 2023-24 vych\u00e1z\u00ed z \u0161ablony Park VII a nese klasick\u00e9 \u017elut\u00e9 barvy klubu. Na p\u0159edn\u00ed stran\u011b vedou t\u0159i modr\u00e9 svisl\u00e9 pruhy, kter\u00e9 na jedn\u00e9 stran\u011b proch\u00e1zej\u00ed klubov\u00fdm erbem a logem Nike Swoosh. St\u0159edn\u00ed pruh je o n\u011bco ten\u010d\u00ed ne\u017e vn\u011bj\u0161\u00ed, ka\u017ed\u00fd je opat\u0159en vzorem.<\/p>\n<p>Tipy pro tisk: Pokud jsou jm\u00e9no a \u010d\u00edslo na obr\u00e1zku p\u0159esn\u011b takov\u00e9, jak\u00e9 chcete, nemus\u00edte je zad\u00e1vat znovu. Pokud tomu tak nen\u00ed, m\u011bli byste zadat po\u017eadovan\u00e9 jm\u00e9no a \u010d\u00edslo.<\/p>\n<p>Tipy pro pran\u00ed: Doporu\u010dujeme pr\u00e1t fotbalov\u00e1 tri\u010dka v ruce. Pokud chcete pou\u017e\u00edt pra\u010dku, nezapome\u0148te fotbalov\u00e1 tri\u010dka obr\u00e1tit naruby a pot\u00e9 je vyprat. Pra\u010dku napl\u0148te studenou vodou a pou\u017eijte jemn\u00fd cyklus, abyste l\u00e9pe ochr\u00e1nili barvy.<\/p>","protected":false},"excerpt":{"rendered":"<p>Triko Al-Nassr 2023-24 vych\u00e1z\u00ed z \u0161ablony Park VII a nese klasick\u00e9 \u017elut\u00e9 barvy klubu. Na p\u0159edn\u00ed stran\u011b vedou t\u0159i modr\u00e9 svisl\u00e9 pruhy, kter\u00e9 na jedn\u00e9 stran\u011b proch\u00e1zej\u00ed klubov\u00fdm erbem a logem Nike Swoosh. St\u0159edn\u00ed pruh je o n\u011bco ten\u010d\u00ed ne\u017e vn\u011bj\u0161\u00ed, ka\u017ed\u00fd je opat\u0159en vzorem.<\/p>","protected":false},"featured_media":14326,"comment_status":"open","ping_status":"closed","template":"","meta":[],"product_brand":[],"product_cat":[433],"product_tag":[777,636,637,461,20,574,21,22,23,24],"class_list":{"0":"post-14287","1":"product","2":"type-product","3":"status-publish","4":"has-post-thumbnail","6":"product_cat-al-nassr-fc","7":"product_tag-al-nassr-23-24-trikot","8":"product_tag-al-nassr-fussballtrikot","9":"product_tag-al-nassr-trikot","10":"product_tag-al-nassr-trikots","11":"product_tag-coole-fussballtrikots","12":"product_tag-fussballtrikot-deutschland","13":"product_tag-fussballtrikot-fuer-herren","14":"product_tag-fussballtrikot-guenstig-kaufen","15":"product_tag-fussballtrikot-kurzarm","16":"product_tag-guenstiges-fussballtrikot","18":"first","19":"instock","20":"shipping-taxable","21":"purchasable","22":"product-type-variable"},"_links":{"self":[{"href":"https:\/\/www.billigtrikotde.com\/cs\/wp-json\/wp\/v2\/product\/14287","targetHints":{"allow":["GET"]}}],"collection":[{"href":"https:\/\/www.billigtrikotde.com\/cs\/wp-json\/wp\/v2\/product"}],"about":[{"href":"https:\/\/www.billigtrikotde.com\/cs\/wp-json\/wp\/v2\/types\/product"}],"replies":[{"embeddable":true,"href":"https:\/\/www.billigtrikotde.com\/cs\/wp-json\/wp\/v2\/comments?post=14287"}],"wp:featuredmedia":[{"embeddable":true,"href":"https:\/\/www.billigtrikotde.com\/cs\/wp-json\/wp\/v2\/media\/14326"}],"wp:attachment":[{"href":"https:\/\/www.billigtrikotde.com\/cs\/wp-json\/wp\/v2\/media?parent=14287"}],"wp:term":[{"taxonomy":"product_brand","embeddable":true,"href":"https:\/\/www.billigtrikotde.com\/cs\/wp-json\/wp\/v2\/product_brand?post=14287"},{"taxonomy":"product_cat","embeddable":true,"href":"https:\/\/www.billigtrikotde.com\/cs\/wp-json\/wp\/v2\/product_cat?post=14287"},{"taxonomy":"product_tag","embeddable":true,"href":"https:\/\/www.billigtrikotde.com\/cs\/wp-json\/wp\/v2\/product_tag?post=14287"}],"curies":[{"name":"wp","href":"https:\/\/api.w.org\/{rel}","templated":true}]}}