{"id":14285,"date":"2024-10-24T06:47:32","date_gmt":"2024-10-24T04:47:32","guid":{"rendered":"http:\/\/billigtrikots.com\/?post_type=product&#038;p=14285"},"modified":"2024-10-24T06:49:48","modified_gmt":"2024-10-24T04:49:48","slug":"italien-2023-trikot-125th-anniversary-trikots-weiss-kurzarm-kurze-hosen","status":"publish","type":"product","link":"https:\/\/www.billigtrikotde.com\/cs\/italien-2023-trikot-125th-anniversary-trikots-weiss-kurzarm-kurze-hosen\/","title":{"rendered":"Italy 2023 125th Anniversary Jersey b\u00edl\u00fd kr\u00e1tk\u00fd ruk\u00e1v + \u0161ortky"},"content":{"rendered":"<p>Italsk\u00e9 2023 speci\u00e1ln\u00ed edice dresu se p\u0159edstavuje v jasn\u00e9m b\u00edl\u00e9m designu s zlat\u00fdmi logy a akcenty. Nejnep\u0159ehledn\u011bj\u0161\u00ed prvkem speci\u00e1ln\u00edho dresu It\u00e1lie 2023 je znak, obklopen\u00fd v\u011bncem z vav\u0159\u00ednu.<br \/>\nB\u00edl\u00fd kulat\u00fd v\u00fdst\u0159ih se tradi\u010dn\u00edmi t\u0159emi pruhy, kter\u00e9 vedou p\u0159es ramena, je dopln\u011bn technikou pleten\u00ed \u201eFlatnik\u201c. Tato technika dod\u00e1v\u00e1 klasick\u00e9mu stylu modern\u00ed aktualizaci, p\u0159i\u010dem\u017e z\u00e1tah na kr\u00e1tk\u00fdch ruk\u00e1vech je zvl\u00e1\u0161t\u011b v\u00fdrazn\u00fd. Jako dal\u0161\u00ed cenn\u00fd prvek byl na prav\u00e9 stran\u011b um\u00edst\u011bn \u0161t\u00edtek, kter\u00fd p\u0159ipom\u00edn\u00e1 jubileum italsk\u00e9ho fotbalov\u00e9ho svazu.<br \/>\nKalhoty Dresu italsk\u00e9 125. v\u00fdro\u010d\u00ed jsou b\u00edl\u00e9 s zlat\u00fdmi detaily a se t\u0159emi pruhy po stran\u00e1ch, zat\u00edmco na prav\u00e9m stehn\u011b je vid\u011bt pam\u011btn\u00ed znak FIGC. \u010cern\u00e9 podkolenky jsou se zlat\u00fdmi v\u00fd\u0161ivkami, v\u010detn\u011b italsk\u00e9ho n\u00e1pisu na p\u0159edn\u00ed stran\u011b, loga Adidas na zadn\u00ed stran\u011b a t\u0159\u00ed pruh\u016f pod kolenem.<\/p>\n<p>Tipy pro tisk: Pokud jsou jm\u00e9no a \u010d\u00edslo na obr\u00e1zku p\u0159esn\u011b takov\u00e9, jak\u00e9 chcete, nemus\u00edte je zad\u00e1vat znovu. Pokud tomu tak nen\u00ed, m\u011bli byste zadat po\u017eadovan\u00e9 jm\u00e9no a \u010d\u00edslo.<\/p>\n<p>Tipy pro pran\u00ed: Doporu\u010dujeme pr\u00e1t fotbalov\u00e1 tri\u010dka v ruce. Pokud chcete pou\u017e\u00edt pra\u010dku, nezapome\u0148te fotbalov\u00e1 tri\u010dka obr\u00e1tit naruby a pot\u00e9 je vyprat. Pra\u010dku napl\u0148te studenou vodou a pou\u017eijte jemn\u00fd cyklus, abyste l\u00e9pe ochr\u00e1nili barvy.<\/p>","protected":false},"excerpt":{"rendered":"<p>Das Italien 2023 Sondereditionstrikot pr\u00e4sentiert sich in einem klaren Design in Wei\u00df mit goldenen Logos und Akzenten.Das auff\u00e4lligste Merkmal des Italien 2023 Sondertrikots ist das Wappen, das von einem Lorbeerkranz umgeben ist. Der wei\u00dfe Rundkragen mit den traditionellen drei\u00a0 Streifen, die \u00fcber die Schultern laufen, wird durch die &#8222;Flatnik&#8220;-Webtechnik erg\u00e4nzt. Diese Technik verleiht dem klassischen [&hellip;]<\/p>","protected":false},"featured_media":14325,"comment_status":"open","ping_status":"closed","template":"","meta":[],"product_brand":[],"product_cat":[316],"product_tag":[20,574,21,22,23,24,318,776],"class_list":{"0":"post-14285","1":"product","2":"type-product","3":"status-publish","4":"has-post-thumbnail","6":"product_cat-italien-trikots","7":"product_tag-coole-fussballtrikots","8":"product_tag-fussballtrikot-deutschland","9":"product_tag-fussballtrikot-fuer-herren","10":"product_tag-fussballtrikot-guenstig-kaufen","11":"product_tag-fussballtrikot-kurzarm","12":"product_tag-guenstiges-fussballtrikot","13":"product_tag-italien-trikots","14":"product_tag-italien-trikots-2023-24","16":"first","17":"instock","18":"shipping-taxable","19":"purchasable","20":"product-type-variable"},"_links":{"self":[{"href":"https:\/\/www.billigtrikotde.com\/cs\/wp-json\/wp\/v2\/product\/14285","targetHints":{"allow":["GET"]}}],"collection":[{"href":"https:\/\/www.billigtrikotde.com\/cs\/wp-json\/wp\/v2\/product"}],"about":[{"href":"https:\/\/www.billigtrikotde.com\/cs\/wp-json\/wp\/v2\/types\/product"}],"replies":[{"embeddable":true,"href":"https:\/\/www.billigtrikotde.com\/cs\/wp-json\/wp\/v2\/comments?post=14285"}],"wp:featuredmedia":[{"embeddable":true,"href":"https:\/\/www.billigtrikotde.com\/cs\/wp-json\/wp\/v2\/media\/14325"}],"wp:attachment":[{"href":"https:\/\/www.billigtrikotde.com\/cs\/wp-json\/wp\/v2\/media?parent=14285"}],"wp:term":[{"taxonomy":"product_brand","embeddable":true,"href":"https:\/\/www.billigtrikotde.com\/cs\/wp-json\/wp\/v2\/product_brand?post=14285"},{"taxonomy":"product_cat","embeddable":true,"href":"https:\/\/www.billigtrikotde.com\/cs\/wp-json\/wp\/v2\/product_cat?post=14285"},{"taxonomy":"product_tag","embeddable":true,"href":"https:\/\/www.billigtrikotde.com\/cs\/wp-json\/wp\/v2\/product_tag?post=14285"}],"curies":[{"name":"wp","href":"https:\/\/api.w.org\/{rel}","templated":true}]}}